{"id":63,"date":"2023-04-30T08:32:15","date_gmt":"2023-04-30T06:32:15","guid":{"rendered":"https:\/\/portlandmachinery.com\/?post_type=product&#038;p=63"},"modified":"2023-04-30T08:35:57","modified_gmt":"2023-04-30T06:35:57","slug":"portland-konfekcionalt-fureszlanc-3-8-11-46-szem","status":"publish","type":"product","link":"http:\/\/portlandmachinery.com\/de\/termek\/portland-konfekcionalt-fureszlanc-3-8-11-46-szem\/","title":{"rendered":"Portland fertigte Kette 3\/8 1,1 46 Glied"},"content":{"rendered":"<p>100SG ist eine Kette, die f\u00fcr schmale Schnitte und Kettens\u00e4gen mit geringer Leistung entwickelt wurde. Diese Kette erfordert weniger Kraft als eine Standardkette, um den gleichen Schnitt auszuf\u00fchren. Ideal f\u00fcr Bastler oder regelm\u00e4\u00dfige Benutzer.<br \/>\nDer 100SG wird f\u00fcr den Einsatz mit elektrischen Kettens\u00e4gen oder S\u00e4gen mit einer maximalen Kettenf\u00fchrung von 16\u2033 (40 cm) empfohlen<\/p>","protected":false},"excerpt":{"rendered":"<p>Anzahl der Treibglieder (Stk) 46<\/p>\n<p>Teilung: 3\/8\"<\/p>\n<p>Kettenbreite: (mm) 1,1<\/p>","protected":false},"featured_media":18,"comment_status":"open","ping_status":"closed","template":"","meta":{"_seopress_robots_primary_cat":"","_seopress_titles_title":"","_seopress_titles_desc":"","_seopress_robots_index":""},"product_brand":[],"product_cat":[17],"product_tag":[],"class_list":{"0":"post-63","1":"product","2":"type-product","3":"status-publish","4":"has-post-thumbnail","6":"product_cat-konfekcionalt-lancok","7":"","8":"woocommerce-text-align-center","9":"woocommerce-image-align-center","10":"do-quantity-buttons","12":"first","13":"instock","14":"shipping-taxable","15":"product-type-simple"},"_links":{"self":[{"href":"http:\/\/portlandmachinery.com\/de\/wp-json\/wp\/v2\/product\/63","targetHints":{"allow":["GET"]}}],"collection":[{"href":"http:\/\/portlandmachinery.com\/de\/wp-json\/wp\/v2\/product"}],"about":[{"href":"http:\/\/portlandmachinery.com\/de\/wp-json\/wp\/v2\/types\/product"}],"replies":[{"embeddable":true,"href":"http:\/\/portlandmachinery.com\/de\/wp-json\/wp\/v2\/comments?post=63"}],"wp:featuredmedia":[{"embeddable":true,"href":"http:\/\/portlandmachinery.com\/de\/wp-json\/wp\/v2\/media\/18"}],"wp:attachment":[{"href":"http:\/\/portlandmachinery.com\/de\/wp-json\/wp\/v2\/media?parent=63"}],"wp:term":[{"taxonomy":"product_brand","embeddable":true,"href":"http:\/\/portlandmachinery.com\/de\/wp-json\/wp\/v2\/product_brand?post=63"},{"taxonomy":"product_cat","embeddable":true,"href":"http:\/\/portlandmachinery.com\/de\/wp-json\/wp\/v2\/product_cat?post=63"},{"taxonomy":"product_tag","embeddable":true,"href":"http:\/\/portlandmachinery.com\/de\/wp-json\/wp\/v2\/product_tag?post=63"}],"curies":[{"name":"wp","href":"https:\/\/api.w.org\/{rel}","templated":true}]}}