{"id":78,"date":"2023-04-30T08:32:18","date_gmt":"2023-04-30T06:32:18","guid":{"rendered":"https:\/\/portlandmachinery.com\/?post_type=product&#038;p=78"},"modified":"2023-04-30T08:35:59","modified_gmt":"2023-04-30T06:35:59","slug":"portland-konfekcionalt-fureszlanc-3-8-13-57-szem","status":"publish","type":"product","link":"http:\/\/portlandmachinery.com\/de\/termek\/portland-konfekcionalt-fureszlanc-3-8-13-57-szem\/","title":{"rendered":"Portland fertigte Kette 3\/8 1,3 57 Glied"},"content":{"rendered":"<p>101VG ist eine Kette f\u00fcr den gelegentlichen Gebrauch, kann aber auch h\u00e4ufig f\u00fcr Hobby-Kettens\u00e4gen verwendet werden. Diese Kette erfordert weniger Kraft als eine Standardkette, um den gleichen Schnitt auszuf\u00fchren<br \/>\nWir empfehlen die 101VG f\u00fcr elektrische Kettens\u00e4gen mit einer maximalen Kettenf\u00fchrung von 18 Zoll (45 cm) oder f\u00fcr Benzinmotors\u00e4gen mit maximal 42 cm3 und einer F\u00fchrungsschiene von 16 Zoll (40 cm).<\/p>","protected":false},"excerpt":{"rendered":"<p>Anzahl der Treibglieder (Stk) 57<\/p>\n<p>Teilung: 3\/8\"<\/p>\n<p>Kettenbreite: (mm) 1,3<\/p>","protected":false},"featured_media":18,"comment_status":"open","ping_status":"closed","template":"","meta":{"_seopress_robots_primary_cat":"","_seopress_titles_title":"","_seopress_titles_desc":"","_seopress_robots_index":""},"product_brand":[],"product_cat":[17],"product_tag":[],"class_list":{"0":"post-78","1":"product","2":"type-product","3":"status-publish","4":"has-post-thumbnail","6":"product_cat-konfekcionalt-lancok","7":"","8":"woocommerce-text-align-center","9":"woocommerce-image-align-center","10":"do-quantity-buttons","12":"first","13":"instock","14":"shipping-taxable","15":"product-type-simple"},"_links":{"self":[{"href":"http:\/\/portlandmachinery.com\/de\/wp-json\/wp\/v2\/product\/78","targetHints":{"allow":["GET"]}}],"collection":[{"href":"http:\/\/portlandmachinery.com\/de\/wp-json\/wp\/v2\/product"}],"about":[{"href":"http:\/\/portlandmachinery.com\/de\/wp-json\/wp\/v2\/types\/product"}],"replies":[{"embeddable":true,"href":"http:\/\/portlandmachinery.com\/de\/wp-json\/wp\/v2\/comments?post=78"}],"wp:featuredmedia":[{"embeddable":true,"href":"http:\/\/portlandmachinery.com\/de\/wp-json\/wp\/v2\/media\/18"}],"wp:attachment":[{"href":"http:\/\/portlandmachinery.com\/de\/wp-json\/wp\/v2\/media?parent=78"}],"wp:term":[{"taxonomy":"product_brand","embeddable":true,"href":"http:\/\/portlandmachinery.com\/de\/wp-json\/wp\/v2\/product_brand?post=78"},{"taxonomy":"product_cat","embeddable":true,"href":"http:\/\/portlandmachinery.com\/de\/wp-json\/wp\/v2\/product_cat?post=78"},{"taxonomy":"product_tag","embeddable":true,"href":"http:\/\/portlandmachinery.com\/de\/wp-json\/wp\/v2\/product_tag?post=78"}],"curies":[{"name":"wp","href":"https:\/\/api.w.org\/{rel}","templated":true}]}}