{"id":141,"date":"2023-04-30T08:32:42","date_gmt":"2023-04-30T06:32:42","guid":{"rendered":"https:\/\/portlandmachinery.com\/?post_type=product&#038;p=141"},"modified":"2023-04-30T08:36:08","modified_gmt":"2023-04-30T06:36:08","slug":"portland-pro-fukasza-damil-30mmx146m-szoglet","status":"publish","type":"product","link":"http:\/\/portlandmachinery.com\/ro\/termek\/portland-pro-fukasza-damil-30mmx146m-szoglet\/","title":{"rendered":"Fir motocoas\u0103 Portland Pro, profil rectangular, 3.0mm x 146m"},"content":{"rendered":"<p>\nUnitate de livrare: Rol\u0103<br \/>\nProfil: Tri-Cut<br \/>\nCuloare: Ro\u0219u<\/p>\n<p>Alte detalii:<\/p>\n<p>Diametru: .120\u201d \/ 3.0mm<br \/>\nLungime: 479\u2019 \/ ~146m<br \/>\nEAN: 4260356820127 <br \/> Produc\u0103torul de fire pentru motocoase din plastic OR Longlaster Pro  este cel mai mare dintre cei care furnizeaz\u0103 fire de t\u0103iere pentru ma\u0219ini profesionale de \u00eengrijire a gazonului \u0219i a gr\u0103dinii. Utilizarea proceselor de produc\u021bie de ultim\u0103 genera\u021bie, tehnologie avansat\u0103 de proiectare, control strict al calit\u0103\u021bii \u0219i cele mai bune materii prime asigur\u0103 c\u0103 firele de t\u0103iere ale companiei fac o treab\u0103 perfect\u0103. Acest lucru este dovedit de mul\u021bi proprietari de gr\u0103dini care folosesc de mult timp cu satisfac\u021bie firele de t\u0103iere cu profil cu trei t\u0103i\u0219uri OR Longlaster Pro.<\/p>\n<p>Produsele OR Longlaster Pro sunt fire de t\u0103iere cu trei t\u0103i\u0219uri (tri-cut) dezvoltate \u0219tiin\u021bific:<\/p>\n<p>\u2013 profil tri-cut patentat<\/p>\n<p>\u2013 datorit\u0103 efectului aerodinamic, muchia de t\u0103iere este \u00eentotdeauna \u00een fa\u021b\u0103<\/p>\n<p>\u2013 materialul copolimer de calitate special\u0103 permite lucr\u0103ri la scar\u0103 larg\u0103<\/p>\n<p>\u2013 t\u0103iere extrem de curat\u0103, ascu\u021bit\u0103, capetele firelor t\u0103iate de iarb\u0103 abia devin maro<\/p>\n<p>\u2013 rezisten\u021b\u0103 bun\u0103 la abraziune<\/p>","protected":false},"excerpt":{"rendered":"<p>Lungime (m): 146<\/p>\n<p>Grosime (mm): 3.0<\/p>","protected":false},"featured_media":35,"comment_status":"open","ping_status":"closed","template":"","meta":{"_seopress_robots_primary_cat":"","_seopress_titles_title":"","_seopress_titles_desc":"","_seopress_robots_index":""},"product_brand":[],"product_cat":[19],"product_tag":[],"class_list":{"0":"post-141","1":"product","2":"type-product","3":"status-publish","4":"has-post-thumbnail","6":"product_cat-fukasza-damilok","7":"","8":"woocommerce-text-align-center","9":"woocommerce-image-align-center","10":"do-quantity-buttons","12":"first","13":"instock","14":"shipping-taxable","15":"product-type-simple"},"_links":{"self":[{"href":"http:\/\/portlandmachinery.com\/ro\/wp-json\/wp\/v2\/product\/141","targetHints":{"allow":["GET"]}}],"collection":[{"href":"http:\/\/portlandmachinery.com\/ro\/wp-json\/wp\/v2\/product"}],"about":[{"href":"http:\/\/portlandmachinery.com\/ro\/wp-json\/wp\/v2\/types\/product"}],"replies":[{"embeddable":true,"href":"http:\/\/portlandmachinery.com\/ro\/wp-json\/wp\/v2\/comments?post=141"}],"wp:featuredmedia":[{"embeddable":true,"href":"http:\/\/portlandmachinery.com\/ro\/wp-json\/wp\/v2\/media\/35"}],"wp:attachment":[{"href":"http:\/\/portlandmachinery.com\/ro\/wp-json\/wp\/v2\/media?parent=141"}],"wp:term":[{"taxonomy":"product_brand","embeddable":true,"href":"http:\/\/portlandmachinery.com\/ro\/wp-json\/wp\/v2\/product_brand?post=141"},{"taxonomy":"product_cat","embeddable":true,"href":"http:\/\/portlandmachinery.com\/ro\/wp-json\/wp\/v2\/product_cat?post=141"},{"taxonomy":"product_tag","embeddable":true,"href":"http:\/\/portlandmachinery.com\/ro\/wp-json\/wp\/v2\/product_tag?post=141"}],"curies":[{"name":"wp","href":"https:\/\/api.w.org\/{rel}","templated":true}]}}