{"id":136,"date":"2023-04-30T08:32:40","date_gmt":"2023-04-30T06:32:40","guid":{"rendered":"https:\/\/portlandmachinery.com\/?post_type=product&#038;p=136"},"modified":"2023-04-30T08:36:08","modified_gmt":"2023-04-30T06:36:08","slug":"portland-max-fukasza-damil-30mm-x-161m-kerek","status":"publish","type":"product","link":"http:\/\/portlandmachinery.com\/sr\/termek\/portland-max-fukasza-damil-30mm-x-161m-kerek\/","title":{"rendered":"Portland trimi nit  3,0mm x 161m okrugli"},"content":{"rendered":"<p>OR Longlaster Max, proizvo\u0111a\u010d plasti\u010dnih niti za se\u010denje, najve\u0107i je snabdeva\u010d niti za se\u010denje za profesionalne ma\u0161ine za negu travnjaka i ba\u0161te. Upotreba najsavremenijih proizvodnih procesa, napredne tehnologije i dizajna, stroge kontrole kvaliteta i najfinijih sirovina omogu\u0107uju da trimi niti kompanije rade savr\u0161en posao. To dokazuju mnogi vlasnici ba\u0161ta koji ve\u0107 du\u017ee vreme sa kontinuiranim zadovoljstvom koriste OR Longlaster Max okrugle niti.<\/p>\n<p>OR Longlaster Max proizvodi su nau\u010dno razvijeni cilindri\u010dni niti za se\u010denje<\/p>\n<p>\u2013 odli\u010dna \u017eilavost pri upotrebi poput udarca<\/p>\n<p>\u2013 specijalni sastav kopolimera obezbe\u0111uje dug vek upotrebe<\/p>\n<p>\u2013 odli\u010dno pona\u0161anje pri otpornosti na toplotu<\/p>\n<p>\u2013 pove\u0107ana krutost vlakana za efikasnije se\u010denje<\/p>\n<p>\u2013 dobra otpornost na habanje<\/p>","protected":false},"excerpt":{"rendered":"<p>Du\u017eina (m) 161<\/p>\n<p>Pre\u010dnik (mm) 3<\/p>","protected":false},"featured_media":29,"comment_status":"open","ping_status":"closed","template":"","meta":{"_seopress_robots_primary_cat":"","_seopress_titles_title":"","_seopress_titles_desc":"","_seopress_robots_index":""},"product_brand":[],"product_cat":[19],"product_tag":[],"class_list":{"0":"post-136","1":"product","2":"type-product","3":"status-publish","4":"has-post-thumbnail","6":"product_cat-fukasza-damilok","7":"","8":"woocommerce-text-align-center","9":"woocommerce-image-align-center","10":"do-quantity-buttons","12":"first","13":"instock","14":"shipping-taxable","15":"product-type-simple"},"_links":{"self":[{"href":"http:\/\/portlandmachinery.com\/sr\/wp-json\/wp\/v2\/product\/136","targetHints":{"allow":["GET"]}}],"collection":[{"href":"http:\/\/portlandmachinery.com\/sr\/wp-json\/wp\/v2\/product"}],"about":[{"href":"http:\/\/portlandmachinery.com\/sr\/wp-json\/wp\/v2\/types\/product"}],"replies":[{"embeddable":true,"href":"http:\/\/portlandmachinery.com\/sr\/wp-json\/wp\/v2\/comments?post=136"}],"wp:featuredmedia":[{"embeddable":true,"href":"http:\/\/portlandmachinery.com\/sr\/wp-json\/wp\/v2\/media\/29"}],"wp:attachment":[{"href":"http:\/\/portlandmachinery.com\/sr\/wp-json\/wp\/v2\/media?parent=136"}],"wp:term":[{"taxonomy":"product_brand","embeddable":true,"href":"http:\/\/portlandmachinery.com\/sr\/wp-json\/wp\/v2\/product_brand?post=136"},{"taxonomy":"product_cat","embeddable":true,"href":"http:\/\/portlandmachinery.com\/sr\/wp-json\/wp\/v2\/product_cat?post=136"},{"taxonomy":"product_tag","embeddable":true,"href":"http:\/\/portlandmachinery.com\/sr\/wp-json\/wp\/v2\/product_tag?post=136"}],"curies":[{"name":"wp","href":"https:\/\/api.w.org\/{rel}","templated":true}]}}