{"id":181,"date":"2023-04-30T08:32:58","date_gmt":"2023-04-30T06:32:58","guid":{"rendered":"https:\/\/portlandmachinery.com\/?post_type=product&#038;p=181"},"modified":"2023-05-03T13:40:25","modified_gmt":"2023-05-03T11:40:25","slug":"portland-100sg-tekercslanc","status":"publish","type":"product","link":"http:\/\/portlandmachinery.com\/sr\/termek\/portland-100sg-tekercslanc\/","title":{"rendered":"Portland 100SG Rolna lanca"},"content":{"rendered":"<p>100SG je lanac dizajniran za uske rezove i motorne testere male snage. Ovaj lanac zahteva manje sile od standardnog lanca da bi napravio isti rez. Idealan za hobi  ili redovne korisnike.<br \/>\n100SG se preporu\u010duje za  elektri\u010dne  testere   ili testere sa vodilicom od najvi\u0161e 16\u2033 (40cm).<\/p>","protected":false},"excerpt":{"rendered":"<p>Specifikacije:<br \/>\nKorak lanca: 3\/8\u2033<br \/>\n\u0160irina vodilice: .043\" (1,1 mm)<br \/>\nTako\u0111e je dostupan u rolnama od 100 stopa i u konfekcioniranim verzijama. Svaka rolna sadr\u017ei klin\u010di\u0107 i kariku za konfekcioniranje.<\/p>","protected":false},"featured_media":22,"comment_status":"open","ping_status":"closed","template":"","meta":{"_seopress_robots_primary_cat":"","_seopress_titles_title":"","_seopress_titles_desc":"","_seopress_robots_index":""},"product_brand":[],"product_cat":[24],"product_tag":[],"class_list":{"0":"post-181","1":"product","2":"type-product","3":"status-publish","4":"has-post-thumbnail","6":"product_cat-tekercslancok","7":"","8":"woocommerce-text-align-center","9":"woocommerce-image-align-center","10":"do-quantity-buttons","12":"first","13":"instock","14":"shipping-taxable","15":"product-type-simple"},"_links":{"self":[{"href":"http:\/\/portlandmachinery.com\/sr\/wp-json\/wp\/v2\/product\/181","targetHints":{"allow":["GET"]}}],"collection":[{"href":"http:\/\/portlandmachinery.com\/sr\/wp-json\/wp\/v2\/product"}],"about":[{"href":"http:\/\/portlandmachinery.com\/sr\/wp-json\/wp\/v2\/types\/product"}],"replies":[{"embeddable":true,"href":"http:\/\/portlandmachinery.com\/sr\/wp-json\/wp\/v2\/comments?post=181"}],"wp:featuredmedia":[{"embeddable":true,"href":"http:\/\/portlandmachinery.com\/sr\/wp-json\/wp\/v2\/media\/22"}],"wp:attachment":[{"href":"http:\/\/portlandmachinery.com\/sr\/wp-json\/wp\/v2\/media?parent=181"}],"wp:term":[{"taxonomy":"product_brand","embeddable":true,"href":"http:\/\/portlandmachinery.com\/sr\/wp-json\/wp\/v2\/product_brand?post=181"},{"taxonomy":"product_cat","embeddable":true,"href":"http:\/\/portlandmachinery.com\/sr\/wp-json\/wp\/v2\/product_cat?post=181"},{"taxonomy":"product_tag","embeddable":true,"href":"http:\/\/portlandmachinery.com\/sr\/wp-json\/wp\/v2\/product_tag?post=181"}],"curies":[{"name":"wp","href":"https:\/\/api.w.org\/{rel}","templated":true}]}}