{"id":672,"date":"2026-03-30T19:05:53","date_gmt":"2026-03-30T17:05:53","guid":{"rendered":"https:\/\/portlandmachinery.com\/?post_type=product&#038;p=672"},"modified":"2026-03-31T11:56:39","modified_gmt":"2026-03-31T09:56:39","slug":"portland-funyiro-traktor-h10212rd-fugyujtos","status":"publish","type":"product","link":"http:\/\/portlandmachinery.com\/sr\/termek\/portland-funyiro-traktor-h10212rd-fugyujtos\/","title":{"rendered":"Portland Ba\u0161tenski traktor H10212RD, sa integrisanim skuplja\u010dem"},"content":{"rendered":"<p><strong>DOSTUPNI MODELI (2026)<\/strong><\/p>\n<p><strong>Sa skuplja\u010dem<\/strong>\u00a0\u00a0 Portland M9212RD  |  Portland H10212RD \u2736 (novi model)<\/p>\n<p><strong>Bo\u010dno izbacivanje<\/strong> \u00a0 Portland M9812SD  |  Portland H11716SD \u2736 (novi model)<\/p>\n<h1>ZA\u0160TO ODABRATI TRAKTORE PORTLAND MACHINERI?<\/h1>\n<p><strong>UDOBNOST<\/strong><\/p>\n<ul>\n<li>jednostavno rukovanje i ergonomski postavljeni kontrolni elementi<\/li>\n<li>\u2022\tLaka promjena brzine pomo\u0107u poluge (manuelni modeli: M9212RD, M9812SD) \u2013 hidrostatski modeli (H10212RD, H11716SD) imaju kontinuirano pode\u0161avanje brzine pedalama<\/li>\n<li>\u2022\tJednostavno pode\u0161avanje visine ko\u0161enja u sedam razli\u010ditih polo\u017eaja (M9212RD, M9812SD, H10212RD); H11716SD se mo\u017ee pode\u0161avati izme\u0111u 30\u2013100 mm<\/li>\n<li>\u2022\tStepenice i oslonci za noge sa za\u0161titom od klizanja omogu\u0107avaju vrlo lako penjanje i sila\u017eenje<\/li>\n<li>ergonomski volan pru\u017ea udobnu vo\u017enju i dovoljno prostora za noge<\/li>\n<li>\u2022\tMali radijus okretanja za savr\u0161eno manevriranje<\/li>\n<li>\u2022\tZvu\u010dni signal kada je ko\u0161ara puna (modeli sa skuplja\u010dem: M9212RD, H10212RD)<\/li>\n<li>\u2022\tUdobno oprugasto sjedi\u0161te sa pode\u0161avanjem naprijed-nazad<\/li>\n<li>\u2022\tVeliki rezervoar za gorivo produ\u017eava radno vrijeme: 7,5 litara (M9212RD, H10212RD, M9812SD), 10 litara (H11716SD)<\/li>\n<li>\u2022\t\u0160iroki prednji branik \u0161titi ma\u0161inu od eventualnih o\u0161te\u0107enja<\/li>\n<li>integrisani  priklju\u010dak za crevo za vodu za lako \u010di\u0161\u0107enje kosionog deka<\/li>\n<li>mogu\u0107nost  se\u010denja unazad - pritiskom na dugme mo\u017eete zadr\u017eati se\u010denje \u010dak i u obrnutom smeru kretanja.<\/li>\n<\/ul>\n<p><strong>TEHNOLOGIJA<\/strong><\/p>\n<ul>\n<li>\u2022\tVrhunski Loncin motori: 452 CC jednocilindarski (M9212RD, M9812SD), 586 CC dvocilindarski OHV (H10212RD), 708 CC V-Twin OHV (H11716SD)<\/li>\n<li>robusna konstrukcija - precizan in\u017eenjerski dizajn ,<\/li>\n<li>\u010deli\u010dna rezna konstrukcija je farbana najsavremenijom tehnologijom pra\u0161kastog lakiranja, maksimalno  otpornom na koroziju,<\/li>\n<li>\u2022\tKlinasti remeni mehanizma za ko\u0161enje minimiziraju mogu\u0107nost o\u0161te\u0107enja u slu\u010daju sudara<\/li>\n<li>\u2022\tObje\u0161ena platforma za ko\u0161enje sa pomo\u0107nim to\u010dki\u0107ima ne o\u0161te\u0107uje travnjak ni na neravnom terenu<\/li>\n<li>\u0161iroki rezni plato omogu\u0107ava se\u010denje direktno u blizini orijentira<\/li>\n<li>struktura prednje osovine omogu\u0107ava naginjanje to\u010dkova pri promeni smera, zahvaljuju\u0107i tome traktor savr\u0161eno prati krivinu skretanja, bez \"klizanja\" i na taj na\u010din spre\u010dava mogu\u0107e o\u0161te\u0107enja travnjaka,<\/li>\n<li>veliki to\u010dkovi ga \u010dine udobnijim za kori\u0161\u0107enje na neravnom terenu i \u0161tite travnjak<\/li>\n<li>zahvaljuju\u0107i integrisanom priklju\u010dku za vu\u010du, mnogi dodaci se mogu povezati (npr.  prikolica, rasipa\u010d, grabulje, ma\u0161ina za \u010di\u0161\u0107enje li\u0161\u0107a, valjak, aerator za travnjak, itd.)<\/li>\n<li>ku\u0107i\u0161te motora se mo\u017ee otvoriti u \u0161irokom luku, \u010dime se obezbe\u0111uje savr\u0161en pristup motoru,<\/li>\n<li>\u2022\tElektromagnetno pokretanje no\u017eeva, dupli no\u017eevi za mul\u010diranje na svakom modelu<\/li>\n<\/ul>\n<p>&nbsp;<\/p>\n<p><strong>TEHNI\u010cKE SPECIFIKACIJE<\/strong><\/p>\n<p><em>\u2726 = Novi model\u00a0\u00a0\u00a0\u00a0 <\/em><em>\u00a0<\/em><\/p>\n<table width=\"913\">\n<thead>\n<tr>\n<td rowspan=\"3\" width=\"193\"><strong>TEHNI\u010cKE SPECIFIKACIJE<\/strong><\/td>\n<td colspan=\"2\" width=\"360\"><strong>MODELI SA SKUPLJA\u010cEM<\/strong><\/td>\n<td colspan=\"2\" width=\"360\"><strong>MODELI SA BO\u010cNIM IZBACIVANJEM<\/strong><\/td>\n<\/tr>\n<tr>\n<td width=\"160\"><strong>Manuelni<\/strong><\/td>\n<td width=\"200\"><strong>Hidrostati\u010dki<\/strong><\/td>\n<td width=\"160\"><strong>Manuelni<\/strong><\/td>\n<td width=\"200\"><strong>Hidrostati\u010dki<\/strong><\/td>\n<\/tr>\n<tr>\n<td width=\"160\"><strong>M9212RD<\/strong><\/td>\n<td width=\"200\"><strong>H10212RD \u2726 \u00daJ<\/strong><\/td>\n<td width=\"160\"><strong>M9812SD<\/strong><\/td>\n<td width=\"200\"><strong>H11713SD \u2726 \u00daJ<\/strong><\/td>\n<\/tr>\n<\/thead>\n<tbody>\n<tr>\n<td width=\"193\"><strong>Tip mjenja\u010da<\/strong><\/td>\n<td width=\"160\">Manuelni<\/td>\n<td width=\"200\">Hidrostati\u010dki<\/td>\n<td width=\"160\">Manuelni<\/td>\n<td width=\"200\">Hidrostati\u010dki<\/td>\n<\/tr>\n<tr>\n<td width=\"193\"><strong>Zapremina motora:<\/strong><\/td>\n<td width=\"160\">452 CC<\/td>\n<td width=\"200\">586 CC<\/td>\n<td width=\"160\">452 CC<\/td>\n<td width=\"200\">708 CC<\/td>\n<\/tr>\n<tr>\n<td width=\"193\"><strong>Karakteristike motora:<\/strong><\/td>\n<td width=\"160\">OHV<\/td>\n<td width=\"200\">OHV (dvocilindri\u010dni)<\/td>\n<td width=\"160\">OHV<\/td>\n<td width=\"200\">OHV (dvocilindri\u010dni)<\/td>\n<\/tr>\n<tr>\n<td width=\"193\"><strong>KW \/ LE<\/strong><\/td>\n<td width=\"160\">9,2 KW \/ 12,5 LE<\/td>\n<td width=\"200\"><strong>10,3 KW \/ 13,8 LE<\/strong><\/td>\n<td width=\"160\">9,2 KW \/ 12,5 LE<\/td>\n<td width=\"200\"><strong>13 KW \/ 17,4 LE<\/strong><\/td>\n<\/tr>\n<tr>\n<td width=\"193\"><strong>Proizvo\u0111a\u010d motora<\/strong><\/td>\n<td width=\"160\">Loncin<\/td>\n<td width=\"200\">Loncin<\/td>\n<td width=\"160\">Loncin<\/td>\n<td width=\"200\">Loncin<\/td>\n<\/tr>\n<tr>\n<td width=\"193\"><strong>Broj cilindara:<\/strong><\/td>\n<td width=\"160\">1<\/td>\n<td width=\"200\">2<\/td>\n<td width=\"160\">1<\/td>\n<td width=\"200\">2<\/td>\n<\/tr>\n<tr>\n<td width=\"193\"><strong>Tip paljenja<\/strong><\/td>\n<td width=\"160\">Elektronski<\/td>\n<td width=\"200\">Elektronski<\/td>\n<td width=\"160\">Elektronski<\/td>\n<td width=\"200\">Elektronski<\/td>\n<\/tr>\n<tr>\n<td width=\"193\"><strong>Rezervoar goriva<\/strong><\/td>\n<td width=\"160\">7,5 litara<\/td>\n<td width=\"200\">7,5 litara<\/td>\n<td width=\"160\">7,5 litara<\/td>\n<td width=\"200\">10 liter<\/td>\n<\/tr>\n<tr>\n<td width=\"193\"><strong>Kapacitet ulja za podmazivanje<\/strong><\/td>\n<td width=\"160\">1,2 litara<\/td>\n<td width=\"200\"><strong>1,7 liter<\/strong><\/td>\n<td width=\"160\">1,2 litara<\/td>\n<td width=\"200\"><strong>2,4 liter<\/strong><\/td>\n<\/tr>\n<tr>\n<td width=\"193\"><strong>Stepeni prenosa<\/strong><\/td>\n<td width=\"160\">4 napred \/ 1 nazad<\/td>\n<td width=\"200\">koninuirano \/ nazad<\/td>\n<td width=\"160\">4 napred \/ 1 nazad<\/td>\n<td width=\"200\">koninuirano \/ nazad<\/td>\n<\/tr>\n<tr>\n<td width=\"193\"><strong>Brzina<\/strong><\/td>\n<td width=\"160\">1,6\u20138,8 km\/h<\/td>\n<td width=\"200\">8,8 km\/h<\/td>\n<td width=\"160\">1,6\u20138,8 km\/h<\/td>\n<td width=\"200\">9,7 km\/h<\/td>\n<\/tr>\n<tr>\n<td width=\"193\"><strong>Brzina - nazad<\/strong><\/td>\n<td width=\"160\">2,5 km\/h<\/td>\n<td width=\"200\">4,5 km\/h<\/td>\n<td width=\"160\">2,5 km\/h<\/td>\n<td width=\"200\">4,5 km\/h<\/td>\n<\/tr>\n<tr>\n<td width=\"193\"><strong>Tip ko\u0161enja<\/strong><\/td>\n<td width=\"160\">Sa sakuplja\u010dem<\/td>\n<td width=\"200\">Sa sakuplja\u010dem<\/td>\n<td width=\"160\">Bo\u010dno izbacivanje<\/td>\n<td width=\"200\">Bo\u010dno izbacivanje<\/td>\n<\/tr>\n<tr>\n<td width=\"193\"><strong>Korpa za sakuljanje<\/strong><\/td>\n<td width=\"160\">245 litara<\/td>\n<td width=\"200\">245 litara<\/td>\n<td width=\"160\">nema<\/td>\n<td width=\"200\">nema<\/td>\n<\/tr>\n<tr>\n<td width=\"193\"><strong>Uklju\u010divanje radnih no\u017eeva<\/strong><\/td>\n<td width=\"160\">Elektromagnetno<\/td>\n<td width=\"200\">Elektromagnetno<\/td>\n<td width=\"160\">Elektromagnetno<\/td>\n<td width=\"200\">Elektromagnetno<\/td>\n<\/tr>\n<tr>\n<td width=\"193\"><strong>Broj radnih no\u017eeva<\/strong><\/td>\n<td width=\"160\">2<\/td>\n<td width=\"200\">2<\/td>\n<td width=\"160\">2<\/td>\n<td width=\"200\">2<\/td>\n<\/tr>\n<tr>\n<td width=\"193\"><strong>Tip reznih no\u017eeva<\/strong><\/td>\n<td width=\"160\">za mal\u010diranje<\/td>\n<td width=\"200\">za mal\u010diranje<\/td>\n<td width=\"160\">za mal\u010diranje<\/td>\n<td width=\"200\">za mal\u010diranje<\/td>\n<\/tr>\n<tr>\n<td width=\"193\"><strong>Set za mol\u010diranje<\/strong><\/td>\n<td width=\"160\">da (opciono)<\/td>\n<td width=\"200\">da (opciono)<\/td>\n<td width=\"160\">da (opciono)<\/td>\n<td width=\"200\">da (opciono)<\/td>\n<\/tr>\n<tr>\n<td width=\"193\"><strong>\u0160irina ko\u0161enja<\/strong><\/td>\n<td width=\"160\">92 cm<\/td>\n<td width=\"200\">102 cm<\/td>\n<td width=\"160\">98 cm<\/td>\n<td width=\"200\"><strong>117 cm<\/strong><\/td>\n<\/tr>\n<tr>\n<td width=\"193\"><strong>Visina ko\u0161enja:<\/strong><\/td>\n<td width=\"160\">30\u201390 mm<\/td>\n<td width=\"200\"><strong>30\u201390 mm<\/strong><\/td>\n<td width=\"160\">30\u201390 mm<\/td>\n<td width=\"200\">30\u2013100 mm<\/td>\n<\/tr>\n<tr>\n<td width=\"193\"><strong>Broj nivoa ko\u0161enja:<\/strong><\/td>\n<td width=\"160\">7<\/td>\n<td width=\"200\"><strong>7<\/strong><\/td>\n<td width=\"160\">7<\/td>\n<td width=\"200\"><strong>7<\/strong><\/td>\n<\/tr>\n<tr>\n<td width=\"193\"><strong>Radijus okretanja<\/strong><\/td>\n<td width=\"160\">45 cm<\/td>\n<td width=\"200\">45 cm<\/td>\n<td width=\"160\">45 cm<\/td>\n<td width=\"200\"><strong>55 cm<\/strong><\/td>\n<\/tr>\n<tr>\n<td width=\"193\"><strong>Veli\u010dina to\u010dkova (prednji \/ zadnji)<\/strong><\/td>\n<td width=\"160\">15&#8243;\u00d76&#8243;-6&#8243; \/ 18&#8243;\u00d78,5&#8243;-8&#8243;<\/td>\n<td width=\"200\"><strong>15&#8243; \/ 18&#8243;<\/strong><\/td>\n<td width=\"160\">15&#8243;\u00d76&#8243;-6&#8243; \/ 18&#8243;\u00d78,5&#8243;-8&#8243;<\/td>\n<td width=\"200\">15&#8243; \/ 20&#8243;<\/td>\n<\/tr>\n<tr>\n<td width=\"193\"><strong>Maksimalna povr\u0161ina ko\u0161enja<\/strong><\/td>\n<td width=\"160\">4 000 m\u00b2<\/td>\n<td width=\"200\"><strong>6 000 m\u00b2<\/strong><\/td>\n<td width=\"160\">5 000 m\u00b2<\/td>\n<td width=\"200\"><strong>10 000 m\u00b2<\/strong><\/td>\n<\/tr>\n<tr>\n<td width=\"193\"><strong>Radna svetla<\/strong><\/td>\n<td width=\"160\">LED nappali f\u00e9ny<\/td>\n<td width=\"200\"><strong>da<\/strong><\/td>\n<td width=\"160\">LED nappali f\u00e9ny<\/td>\n<td width=\"200\"><strong>da<\/strong><\/td>\n<\/tr>\n<tr>\n<td width=\"193\"><strong>Pode\u0161avanje sedi\u0161ta (napred-nazad)<\/strong><\/td>\n<td width=\"160\">da<\/td>\n<td width=\"200\"><strong>da<\/strong><\/td>\n<td width=\"160\">da<\/td>\n<td width=\"200\"><strong>da<\/strong><\/td>\n<\/tr>\n<tr>\n<td width=\"193\"><strong>Kuka za vu\u010du<\/strong><\/td>\n<td width=\"160\">da (opciono)<\/td>\n<td width=\"200\"><strong>da<\/strong><\/td>\n<td width=\"160\">fabri\u010dki obim isporuke<\/td>\n<td width=\"200\"><strong>da<\/strong><\/td>\n<\/tr>\n<tr>\n<td width=\"193\"><strong>Dimenzije (D\u00d7\u0160\u00d7V)<\/strong><\/td>\n<td width=\"160\">2370\u00d7930\u00d71110 mm<\/td>\n<td width=\"200\"><strong>2305\u00d71090\u00d71110 mm<\/strong><\/td>\n<td width=\"160\">1770\u00d7930\u00d71110 mm<\/td>\n<td width=\"200\"><strong>1855\u00d71415\u00d71165 mm<\/strong><\/td>\n<\/tr>\n<tr>\n<td width=\"193\"><strong>Te\u017eina<\/strong><\/td>\n<td width=\"160\">210 kg<\/td>\n<td width=\"200\"><strong>196,5 kg<\/strong><\/td>\n<td width=\"160\">170 kg<\/td>\n<td width=\"200\"><strong>202 kg<\/strong><\/td>\n<\/tr>\n<\/tbody>\n<\/table>\n<p>&nbsp;<\/p>","protected":false},"excerpt":{"rendered":"<p>Pokretanje: Elektrostart<\/p>\n<p>Tip: sa integrisanim skuplja\u010dem<\/p>\n<p>V\u00e1g\u00e1si sz\u00e9less\u00e9g (cm): 102<\/p>","protected":false},"featured_media":673,"comment_status":"open","ping_status":"closed","template":"","meta":{"_seopress_robots_primary_cat":"none","_seopress_titles_title":"Portland f\u0171ny\u00edr\u00f3 traktor H10212RD, f\u0171gy\u0171jt\u0151s","_seopress_titles_desc":"Portland f\u0171ny\u00edr\u00f3 traktor\r\negyszer\u0171 kezelhet\u0151s\u00e9g \u00e9s ergonomikusan elhelyezett vez\u00e9rl\u0151 elemek\r\nk\u00f6nnyed sebess\u00e9gv\u00e1lt\u00e1s egy kar seg\u00edts\u00e9g\u00e9vel...","_seopress_robots_index":""},"product_brand":[],"product_cat":[22],"product_tag":[],"class_list":{"0":"post-672","1":"product","2":"type-product","3":"status-publish","4":"has-post-thumbnail","6":"product_cat-funyiro-traktorok","7":"","8":"woocommerce-text-align-center","9":"woocommerce-image-align-center","10":"do-quantity-buttons","12":"first","13":"instock","14":"shipping-taxable","15":"product-type-simple"},"_links":{"self":[{"href":"http:\/\/portlandmachinery.com\/sr\/wp-json\/wp\/v2\/product\/672","targetHints":{"allow":["GET"]}}],"collection":[{"href":"http:\/\/portlandmachinery.com\/sr\/wp-json\/wp\/v2\/product"}],"about":[{"href":"http:\/\/portlandmachinery.com\/sr\/wp-json\/wp\/v2\/types\/product"}],"replies":[{"embeddable":true,"href":"http:\/\/portlandmachinery.com\/sr\/wp-json\/wp\/v2\/comments?post=672"}],"wp:featuredmedia":[{"embeddable":true,"href":"http:\/\/portlandmachinery.com\/sr\/wp-json\/wp\/v2\/media\/673"}],"wp:attachment":[{"href":"http:\/\/portlandmachinery.com\/sr\/wp-json\/wp\/v2\/media?parent=672"}],"wp:term":[{"taxonomy":"product_brand","embeddable":true,"href":"http:\/\/portlandmachinery.com\/sr\/wp-json\/wp\/v2\/product_brand?post=672"},{"taxonomy":"product_cat","embeddable":true,"href":"http:\/\/portlandmachinery.com\/sr\/wp-json\/wp\/v2\/product_cat?post=672"},{"taxonomy":"product_tag","embeddable":true,"href":"http:\/\/portlandmachinery.com\/sr\/wp-json\/wp\/v2\/product_tag?post=672"}],"curies":[{"name":"wp","href":"https:\/\/api.w.org\/{rel}","templated":true}]}}