{"id":489,"date":"2023-04-30T17:41:44","date_gmt":"2023-04-30T15:41:44","guid":{"rendered":"https:\/\/portlandmachinery.com\/?page_id=489"},"modified":"2023-05-16T09:50:15","modified_gmt":"2023-05-16T07:50:15","slug":"tamogatas","status":"publish","type":"page","link":"https:\/\/portlandmachinery.com\/de\/tamogatas\/","title":{"rendered":"HINWEISGEBER"},"content":{"rendered":"<div data-elementor-type=\"wp-page\" data-elementor-id=\"489\" class=\"elementor elementor-489\" data-elementor-post-type=\"page\">\n\t\t\t\t<div class=\"elementor-element elementor-element-5ad1f16 e-flex e-con-boxed e-con e-parent\" data-id=\"5ad1f16\" data-element_type=\"container\" data-e-type=\"container\">\n\t\t\t\t\t<div class=\"e-con-inner\">\n\t\t\t\t<div class=\"elementor-element elementor-element-1e0e5a7 elementor-grid-3 elementor-grid-tablet-2 elementor-grid-mobile-1 elementor-posts--thumbnail-top elementor-card-shadow-yes elementor-posts__hover-gradient elementor-widget elementor-widget-posts\" data-id=\"1e0e5a7\" data-element_type=\"widget\" data-e-type=\"widget\" data-settings=\"{&quot;cards_columns&quot;:&quot;3&quot;,&quot;cards_columns_tablet&quot;:&quot;2&quot;,&quot;cards_columns_mobile&quot;:&quot;1&quot;,&quot;cards_row_gap&quot;:{&quot;unit&quot;:&quot;px&quot;,&quot;size&quot;:35,&quot;sizes&quot;:[]},&quot;cards_row_gap_tablet&quot;:{&quot;unit&quot;:&quot;px&quot;,&quot;size&quot;:&quot;&quot;,&quot;sizes&quot;:[]},&quot;cards_row_gap_mobile&quot;:{&quot;unit&quot;:&quot;px&quot;,&quot;size&quot;:&quot;&quot;,&quot;sizes&quot;:[]}}\" data-widget_type=\"posts.cards\">\n\t\t\t\t<div class=\"elementor-widget-container\">\n\t\t\t\t\t\t\t<div class=\"elementor-posts-container elementor-posts elementor-posts--skin-cards elementor-grid\" role=\"list\">\n\t\t\t\t<article class=\"elementor-post elementor-grid-item post-510 post type-post status-publish format-standard hentry category-egyeb\" role=\"listitem\">\n\t\t\t<div class=\"elementor-post__card\">\n\t\t\t\t<div class=\"elementor-post__text\">\n\t\t\t\t<h3 class=\"elementor-post__title\">\n\t\t\t<a href=\"https:\/\/portlandmachinery.com\/de\/megfontolando-a-biztonsag\/\" >\n\t\t\t\tBedenken Sie: Sicherheit\t\t\t<\/a>\n\t\t<\/h3>\n\t\t\t\t<div class=\"elementor-post__excerpt\">\n\t\t\t<p>SICHERHEIT ZUERST! Vielleicht kann man gar nicht genug betonen, dass eine Kettens\u00e4ge kein Spielzeug ist! Lesen Sie auf jeden Fall die Bedienungsanleitung Ihrer Kettens\u00e4ge sorgf\u00e4ltig durch! Befolgen Sie die Anweisungen des Herstellers bez\u00fcglich Kettenausrichtung, \u00d6lung und anderen Wartungsanweisungen genau. Die folgenden Informationen ersetzen nicht die Informationen des Herstellers f\u00fcr Ihre spezifische Kettens\u00e4ge<\/p>\n\t\t<\/div>\n\t\t\t\t\t<div class=\"elementor-post__read-more-wrapper\">\n\t\t\n\t\t<a class=\"elementor-post__read-more\" href=\"https:\/\/portlandmachinery.com\/de\/megfontolando-a-biztonsag\/\" aria-label=\"Read more about Megfontoland\u00f3: a biztons\u00e1g\" tabindex=\"-1\" >\n\t\t\t&gt;&gt;&gt;\t\t<\/a>\n\n\t\t\t\t\t<\/div>\n\t\t\t\t<\/div>\n\t\t\t\t\t<\/div>\n\t\t<\/article>\n\t\t\t\t<article class=\"elementor-post elementor-grid-item post-508 post type-post status-publish format-standard hentry category-egyeb\" role=\"listitem\">\n\t\t\t<div class=\"elementor-post__card\">\n\t\t\t\t<div class=\"elementor-post__text\">\n\t\t\t\t<h3 class=\"elementor-post__title\">\n\t\t\t<a href=\"https:\/\/portlandmachinery.com\/de\/lancfuresz-karbantartas\/\" >\n\t\t\t\tWartung der Kettens\u00e4ge\t\t\t<\/a>\n\t\t<\/h3>\n\t\t\t\t<div class=\"elementor-post__excerpt\">\n\t\t\t<p>Wie halte ich meine S\u00e4ge sicher? Die Kettens\u00e4ge erfordert, wie jede Arbeitsmaschine mit einem explosiven Motor, eine obligatorische regelm\u00e4\u00dfige Wartung, um ordnungsgem\u00e4\u00df zu funktionieren. Unter den Wartungsarbeiten ist die Aufrechterhaltung der korrekten Kettenausrichtung die wichtigste, die wir bereits besprochen haben. Damit verbunden ist die Wartung der Kettenf\u00fchrung. Die folgenden Schritte k\u00f6nnen die Lebensdauer unserer Kettenf\u00fchrung erheblich verl\u00e4ngern und eine gleichbleibende Schnittleistung gew\u00e4hrleisten \u2013 nat\u00fcrlich nur mit scharfer Kette<\/p>\n\t\t<\/div>\n\t\t\t\t\t<div class=\"elementor-post__read-more-wrapper\">\n\t\t\n\t\t<a class=\"elementor-post__read-more\" href=\"https:\/\/portlandmachinery.com\/de\/lancfuresz-karbantartas\/\" aria-label=\"Read more about L\u00e1ncf\u0171r\u00e9sz Karbantart\u00e1s\" tabindex=\"-1\" >\n\t\t\t&gt;&gt;&gt;\t\t<\/a>\n\n\t\t\t\t\t<\/div>\n\t\t\t\t<\/div>\n\t\t\t\t\t<\/div>\n\t\t<\/article>\n\t\t\t\t<article class=\"elementor-post elementor-grid-item post-506 post type-post status-publish format-standard hentry category-egyeb\" role=\"listitem\">\n\t\t\t<div class=\"elementor-post__card\">\n\t\t\t\t<div class=\"elementor-post__text\">\n\t\t\t\t<h3 class=\"elementor-post__title\">\n\t\t\t<a href=\"https:\/\/portlandmachinery.com\/de\/tippek-es-trukkok-jotanacsok\/\" >\n\t\t\t\tTipps und Tricks \u2013 Ratschl\u00e4ge\t\t\t<\/a>\n\t\t<\/h3>\n\t\t\t\t<div class=\"elementor-post__excerpt\">\n\t\t\t<p>Einige Tipps f\u00fcr Kettens\u00e4gen: 1. Kettens\u00e4gen sind zum Schneiden einer Art von Dingen konzipiert: Holz. Benutzen Sie die Maschine nicht zum Schneiden anderer Materialien und lassen Sie die S\u00e4ge w\u00e4hrend der Arbeit nicht mit Steinen oder anderen Abfallmaterialien in Kontakt kommen. Bedenken Sie, dass die Kettens\u00e4ge eine Geschwindigkeit von bis zu 80 km\/h erreichen kann. Wenn es nur eine Sekunde lang mit einem Stein oder dem Boden in Kontakt kommt, mehr als<\/p>\n\t\t<\/div>\n\t\t\t\t\t<div class=\"elementor-post__read-more-wrapper\">\n\t\t\n\t\t<a class=\"elementor-post__read-more\" href=\"https:\/\/portlandmachinery.com\/de\/tippek-es-trukkok-jotanacsok\/\" aria-label=\"Read more about Tippek \u00e9s Tr\u00fckk\u00f6k\u00a0&#8211; J\u00f3tan\u00e1csok\" tabindex=\"-1\" >\n\t\t\t&gt;&gt;&gt;\t\t<\/a>\n\n\t\t\t\t\t<\/div>\n\t\t\t\t<\/div>\n\t\t\t\t\t<\/div>\n\t\t<\/article>\n\t\t\t\t<article class=\"elementor-post elementor-grid-item post-504 post type-post status-publish format-standard hentry category-egyeb\" role=\"listitem\">\n\t\t\t<div class=\"elementor-post__card\">\n\t\t\t\t<div class=\"elementor-post__text\">\n\t\t\t\t<h3 class=\"elementor-post__title\">\n\t\t\t<a href=\"https:\/\/portlandmachinery.com\/de\/lancfureszekrol-kezdoknek\/\" >\n\t\t\t\t\u00dcber Kettens\u00e4gen f\u00fcr Einsteiger\t\t\t<\/a>\n\t\t<\/h3>\n\t\t\t\t<div class=\"elementor-post__excerpt\">\n\t\t\t<p>Was suchen wir? Eine Kettens\u00e4ge ist sicherlich das beste Werkzeug f\u00fcr schnelle und effiziente Schnitte. So oder so gibt es definitiv mehr M\u00f6glichkeiten, Holz zu schneiden. Hersteller stellen Kettens\u00e4gen mit verschiedenen Motorgr\u00f6\u00dfen und Kettenf\u00fchrungsl\u00e4ngen her. F\u00fcr welche Variante man sich entscheidet, h\u00e4ngt von den pers\u00f6nlichen Bed\u00fcrfnissen des Nutzers ab. M\u00fcssen nur wenige Zweige geschnitten werden, ist ein besonders gro\u00dfer Zweig nicht notwendig<\/p>\n\t\t<\/div>\n\t\t\t\t\t<div class=\"elementor-post__read-more-wrapper\">\n\t\t\n\t\t<a class=\"elementor-post__read-more\" href=\"https:\/\/portlandmachinery.com\/de\/lancfureszekrol-kezdoknek\/\" aria-label=\"Read more about L\u00e1ncf\u0171r\u00e9szekr\u0151l kezd\u0151knek\" tabindex=\"-1\" >\n\t\t\t&gt;&gt;&gt;\t\t<\/a>\n\n\t\t\t\t\t<\/div>\n\t\t\t\t<\/div>\n\t\t\t\t\t<\/div>\n\t\t<\/article>\n\t\t\t\t<article class=\"elementor-post elementor-grid-item post-501 post type-post status-publish format-standard hentry category-egyeb\" role=\"listitem\">\n\t\t\t<div class=\"elementor-post__card\">\n\t\t\t\t<div class=\"elementor-post__text\">\n\t\t\t\t<h3 class=\"elementor-post__title\">\n\t\t\t<a href=\"https:\/\/portlandmachinery.com\/de\/fukasza-damil-szinkod\/\" >\n\t\t\t\tTrimmer Faden Farbencode\u00a0\u00a0\t\t\t<\/a>\n\t\t<\/h3>\n\t\t\t\t<div class=\"elementor-post__excerpt\">\n\t\t\t<p>Die von uns verkauften Schneidf\u00e4den zielen auf unterschiedliche Anforderungen ab und stellen daher in unterschiedlichen St\u00e4rken und Profilen her. Die meisten Typen sind in 3 verschiedenen L\u00e4ngen verpackt, sodass Sie das Paket ausw\u00e4hlen k\u00f6nnen, das am besten zu Ihnen passt. Damils \u200b\u200bmit unterschiedlichen Durchmessern sind f\u00fcr unterschiedliche Zwecke ideal. Das ist beim Einkaufen immer eine \u00dcberlegung wert! Empfohlene Verwendbarkeit je nach Durchmesser: Wichtigste vorteilhafte Eigenschaften je nach Damilprofil:<\/p>\n\t\t<\/div>\n\t\t\t\t\t<div class=\"elementor-post__read-more-wrapper\">\n\t\t\n\t\t<a class=\"elementor-post__read-more\" href=\"https:\/\/portlandmachinery.com\/de\/fukasza-damil-szinkod\/\" aria-label=\"Read more about F\u0171kasza damil sz\u00ednk\u00f3d\u00a0\u00a0\" tabindex=\"-1\" >\n\t\t\t&gt;&gt;&gt;\t\t<\/a>\n\n\t\t\t\t\t<\/div>\n\t\t\t\t<\/div>\n\t\t\t\t\t<\/div>\n\t\t<\/article>\n\t\t\t\t<article class=\"elementor-post elementor-grid-item post-499 post type-post status-publish format-standard hentry category-egyeb\" role=\"listitem\">\n\t\t\t<div class=\"elementor-post__card\">\n\t\t\t\t<div class=\"elementor-post__text\">\n\t\t\t\t<h3 class=\"elementor-post__title\">\n\t\t\t<a href=\"https:\/\/portlandmachinery.com\/de\/terminologia-magyarazat\/\" >\n\t\t\t\tErkl\u00e4rung der Terminologie\t\t\t<\/a>\n\t\t<\/h3>\n\t\t\t\t<div class=\"elementor-post__excerpt\">\n\t\t\t<p>\u00a0Begriffserkl\u00e4rung - Kettens\u00e4gen Bei vorgefertigten Ketten sind die Kettentypen wie folgt zu interpretieren: Beispiel: 100SG-45E 100SG = Kettentyp 45E = Anzahl der Antriebsglieder Unsere Kettentypen passen perfekt zu den meisten Motor- und Markenmarken Elektros\u00e4gen: Begriffserkl\u00e4rung - F\u00fchrungsschienen Die Produktnummern unserer F\u00fchrungsschienen sind wie folgt zu interpretieren: Beispiel: OR 1438H13041<\/p>\n\t\t<\/div>\n\t\t\t\t\t<div class=\"elementor-post__read-more-wrapper\">\n\t\t\n\t\t<a class=\"elementor-post__read-more\" href=\"https:\/\/portlandmachinery.com\/de\/terminologia-magyarazat\/\" aria-label=\"Read more about Terminol\u00f3gia magyar\u00e1zat\" tabindex=\"-1\" >\n\t\t\t&gt;&gt;&gt;\t\t<\/a>\n\n\t\t\t\t\t<\/div>\n\t\t\t\t<\/div>\n\t\t\t\t\t<\/div>\n\t\t<\/article>\n\t\t\t\t<\/div>\n\t\t\n\t\t\t\t\t\t<\/div>\n\t\t\t\t<\/div>\n\t\t\t\t\t<\/div>\n\t\t\t\t<\/div>\n\t\t\t\t<\/div>","protected":false},"excerpt":{"rendered":"","protected":false},"author":1,"featured_media":0,"parent":0,"menu_order":0,"comment_status":"closed","ping_status":"closed","template":"elementor_header_footer","meta":{"_seopress_robots_primary_cat":"","_seopress_titles_title":"","_seopress_titles_desc":"","_seopress_robots_index":"","footnotes":""},"class_list":["post-489","page","type-page","status-publish","hentry"],"_links":{"self":[{"href":"https:\/\/portlandmachinery.com\/de\/wp-json\/wp\/v2\/pages\/489","targetHints":{"allow":["GET"]}}],"collection":[{"href":"https:\/\/portlandmachinery.com\/de\/wp-json\/wp\/v2\/pages"}],"about":[{"href":"https:\/\/portlandmachinery.com\/de\/wp-json\/wp\/v2\/types\/page"}],"author":[{"embeddable":true,"href":"https:\/\/portlandmachinery.com\/de\/wp-json\/wp\/v2\/users\/1"}],"replies":[{"embeddable":true,"href":"https:\/\/portlandmachinery.com\/de\/wp-json\/wp\/v2\/comments?post=489"}],"version-history":[{"count":16,"href":"https:\/\/portlandmachinery.com\/de\/wp-json\/wp\/v2\/pages\/489\/revisions"}],"predecessor-version":[{"id":601,"href":"https:\/\/portlandmachinery.com\/de\/wp-json\/wp\/v2\/pages\/489\/revisions\/601"}],"wp:attachment":[{"href":"https:\/\/portlandmachinery.com\/de\/wp-json\/wp\/v2\/media?parent=489"}],"curies":[{"name":"wp","href":"https:\/\/api.w.org\/{rel}","templated":true}]}}