{"id":132,"date":"2023-04-30T08:32:39","date_gmt":"2023-04-30T06:32:39","guid":{"rendered":"https:\/\/portlandmachinery.com\/?post_type=product&#038;p=132"},"modified":"2023-04-30T08:36:07","modified_gmt":"2023-04-30T06:36:07","slug":"portland-fukasza-damil-27mm-x-187m-szogletes","status":"publish","type":"product","link":"https:\/\/portlandmachinery.com\/de\/termek\/portland-fukasza-damil-27mm-x-187m-szogletes\/","title":{"rendered":"Portland Trimmer Faden 2,7 mm x 187 m quadrat"},"content":{"rendered":"<p>Ausf\u00fchrung: Spule<br \/>\nForm: quadrat<br \/>\nFarbe: orange<\/p>\n<p>Mehr Details<\/p>\n<p>Breite: .105\u201d \/ 2,7mm<br \/>\nL\u00e4nge: 615\u2019 \/ ~187m<br \/>\nEAN: 4260356820790 <br \/> OR Longlaster EDGE, der Hersteller von Kunststoff-Schneidf\u00e4den, ist der gr\u00f6\u00dfte Hersteller von Schneidf\u00e4den f\u00fcr professionelle Rasen- und Gartenpflegemaschinen. Der Einsatz modernster Fertigungsverfahren, fortschrittlicher Designtechnologie, strenger Qualit\u00e4tskontrollen und feinster Rohstoffe stellt sicher, dass die Schneidlinien des Unternehmens perfekte Arbeit leisten. Das beweisen die vielen Gartenbesitzer, die die quadratischen Kunststoff-Schneidelinien von OR Longlaster EDGE seit langem mit ununterbrochener Zufriedenheit nutzen.<\/p>\n<p>Die OR Longlaster Pro-Produkte sind wissenschaftlich entwickelte dreischneidige quadrat Schneidlinien:<\/p>\n<p>\u2013 hervorragende Z\u00e4higkeit im schlagartigen Einsatz<\/p>\n<p>\u2013 die spezielle Copolymerzusammensetzung sorgt f\u00fcr eine lange Lebensdaue<\/p>\n<p>\u2013 ausgezeichnetes Hitzebest\u00e4ndigkeitsverhalten<\/p>\n<p>\u2013 Erh\u00f6hte Fasersteifigkeit f\u00fcr effizienteres Schneiden<\/p>\n<p>\u2013 gute Abriebfestigkeit<\/p>","protected":false},"excerpt":{"rendered":"<p>L\u00e4nge (m) 187<\/p>\n<p>Breite (mm) 2,7<\/p>","protected":false},"featured_media":25,"comment_status":"open","ping_status":"closed","template":"","meta":{"_seopress_robots_primary_cat":"","_seopress_titles_title":"","_seopress_titles_desc":"","_seopress_robots_index":""},"product_brand":[],"product_cat":[19],"product_tag":[],"class_list":{"0":"post-132","1":"product","2":"type-product","3":"status-publish","4":"has-post-thumbnail","6":"product_cat-fukasza-damilok","7":"","8":"woocommerce-text-align-center","9":"woocommerce-image-align-center","10":"do-quantity-buttons","12":"first","13":"instock","14":"shipping-taxable","15":"product-type-simple"},"_links":{"self":[{"href":"https:\/\/portlandmachinery.com\/de\/wp-json\/wp\/v2\/product\/132","targetHints":{"allow":["GET"]}}],"collection":[{"href":"https:\/\/portlandmachinery.com\/de\/wp-json\/wp\/v2\/product"}],"about":[{"href":"https:\/\/portlandmachinery.com\/de\/wp-json\/wp\/v2\/types\/product"}],"replies":[{"embeddable":true,"href":"https:\/\/portlandmachinery.com\/de\/wp-json\/wp\/v2\/comments?post=132"}],"wp:featuredmedia":[{"embeddable":true,"href":"https:\/\/portlandmachinery.com\/de\/wp-json\/wp\/v2\/media\/25"}],"wp:attachment":[{"href":"https:\/\/portlandmachinery.com\/de\/wp-json\/wp\/v2\/media?parent=132"}],"wp:term":[{"taxonomy":"product_brand","embeddable":true,"href":"https:\/\/portlandmachinery.com\/de\/wp-json\/wp\/v2\/product_brand?post=132"},{"taxonomy":"product_cat","embeddable":true,"href":"https:\/\/portlandmachinery.com\/de\/wp-json\/wp\/v2\/product_cat?post=132"},{"taxonomy":"product_tag","embeddable":true,"href":"https:\/\/portlandmachinery.com\/de\/wp-json\/wp\/v2\/product_tag?post=132"}],"curies":[{"name":"wp","href":"https:\/\/api.w.org\/{rel}","templated":true}]}}