{"id":138,"date":"2023-04-30T08:32:41","date_gmt":"2023-04-30T06:32:41","guid":{"rendered":"https:\/\/portlandmachinery.com\/?post_type=product&#038;p=138"},"modified":"2023-04-30T08:36:08","modified_gmt":"2023-04-30T06:36:08","slug":"portland-pro-fukasza-damil-27mmx-62m-szoglet","status":"publish","type":"product","link":"https:\/\/portlandmachinery.com\/de\/termek\/portland-pro-fukasza-damil-27mmx-62m-szoglet\/","title":{"rendered":"Portland Pro Trimmer Faden 2,7mm x 62 m quadrat"},"content":{"rendered":"<p>Ausf\u00fchrung: Donut<br \/>\nForm: Tri-Cut<br \/>\nFarbe: rot<\/p>\n<p>Mehr Details<\/p>\n<p>Breite: .105\u201d \/ 2,7mm<br \/>\nL\u00e4nge: 197\u2019 \/ ~62m<br \/>\nEAN: 4260356820103 <br \/> OR Longlaster Pro, der Hersteller von Kunststoff-Schneidf\u00e4den, ist der gr\u00f6\u00dfte Anbieter von Schneidf\u00e4den f\u00fcr professionelle Rasen- und Gartenpflegemaschinen. Der Einsatz modernster Fertigungsverfahren, fortschrittlicher Designtechnologie, strenger Qualit\u00e4tskontrollen und feinster Rohstoffe stellt sicher, dass die Schneidlinien des Unternehmens perfekte Arbeit leisten. Dies beweisen die vielen Gartenbesitzer, die die OR Longlaster Pro Kunststoff-Schneidelinien mit dreischneidigem Querschnitt seit langem mit kontinuierlicher Zufriedenheit verwenden.<\/p>\n<p>Die OR Longlaster Pro-Produkte sind wissenschaftlich entwickelte dreischneidige (Tri-Cut) Schneidlinien:<\/p>\n<p>\u2013 patentiertes Tri-Cut-Profil<\/p>\n<p>\u2013 durch den aerodynamischen Effekt ist die Schneide immer vorne<\/p>\n<p>\u2013 das hochwertige Copolymer-Material erm\u00f6glicht gro\u00dffl\u00e4chige Arbeiten<\/p>\n<p>\u2013 extrem sauberes, scharfes Schnittbild, die Enden der geschnittenen Grashalme verf\u00e4rben sich kaum braun<\/p>\n<p>\u2013 gute Abriebfestigkeit<\/p>","protected":false},"excerpt":{"rendered":"<p>L\u00e4nge (m) 62<\/p>\n<p>Breite (mm) 2,7<\/p>","protected":false},"featured_media":32,"comment_status":"open","ping_status":"closed","template":"","meta":{"_seopress_robots_primary_cat":"","_seopress_titles_title":"","_seopress_titles_desc":"","_seopress_robots_index":""},"product_brand":[],"product_cat":[19],"product_tag":[],"class_list":{"0":"post-138","1":"product","2":"type-product","3":"status-publish","4":"has-post-thumbnail","6":"product_cat-fukasza-damilok","7":"","8":"woocommerce-text-align-center","9":"woocommerce-image-align-center","10":"do-quantity-buttons","12":"first","13":"instock","14":"shipping-taxable","15":"product-type-simple"},"_links":{"self":[{"href":"https:\/\/portlandmachinery.com\/de\/wp-json\/wp\/v2\/product\/138","targetHints":{"allow":["GET"]}}],"collection":[{"href":"https:\/\/portlandmachinery.com\/de\/wp-json\/wp\/v2\/product"}],"about":[{"href":"https:\/\/portlandmachinery.com\/de\/wp-json\/wp\/v2\/types\/product"}],"replies":[{"embeddable":true,"href":"https:\/\/portlandmachinery.com\/de\/wp-json\/wp\/v2\/comments?post=138"}],"wp:featuredmedia":[{"embeddable":true,"href":"https:\/\/portlandmachinery.com\/de\/wp-json\/wp\/v2\/media\/32"}],"wp:attachment":[{"href":"https:\/\/portlandmachinery.com\/de\/wp-json\/wp\/v2\/media?parent=138"}],"wp:term":[{"taxonomy":"product_brand","embeddable":true,"href":"https:\/\/portlandmachinery.com\/de\/wp-json\/wp\/v2\/product_brand?post=138"},{"taxonomy":"product_cat","embeddable":true,"href":"https:\/\/portlandmachinery.com\/de\/wp-json\/wp\/v2\/product_cat?post=138"},{"taxonomy":"product_tag","embeddable":true,"href":"https:\/\/portlandmachinery.com\/de\/wp-json\/wp\/v2\/product_tag?post=138"}],"curies":[{"name":"wp","href":"https:\/\/api.w.org\/{rel}","templated":true}]}}