{"id":149,"date":"2023-04-30T08:32:43","date_gmt":"2023-04-30T06:32:43","guid":{"rendered":"https:\/\/portlandmachinery.com\/?post_type=product&#038;p=149"},"modified":"2023-04-30T08:36:11","modified_gmt":"2023-04-30T06:36:11","slug":"portland-fukasza-damil-13mm-x-15m-szogletes","status":"publish","type":"product","link":"https:\/\/portlandmachinery.com\/de\/termek\/portland-fukasza-damil-13mm-x-15m-szogletes\/","title":{"rendered":"Portland Trimmer Faden 1,3mm x 15m quadrat"},"content":{"rendered":"<p>OR Longlaster, der Hersteller von Kunststoffschneidelinien, ist der gr\u00f6\u00dfte Hersteller von Schneidlinien f\u00fcr professionelle Rasen- und Gartenpflegemaschinen. Der Einsatz modernster Fertigungsverfahren, fortschrittlicher Designtechnologie, strenger Qualit\u00e4tskontrollen und feinster Rohstoffe stellt sicher, dass die Schneidlinien des Unternehmens perfekte Arbeit leisten. Dies beweisen die vielen Gartenbesitzer, die die OR Longlaster-Kunststoffschneidelinien mit kreisf\u00f6rmigem Querschnitt seit langem mit ununterbrochener Zufriedenheit verwenden.<\/p>\n<p>OR Longlaster-Produkte sind wissenschaftlich entwickelte zylindrische Schneidf\u00e4den:<\/p>\n<p>\u2013 Erh\u00f6hte Fasersteifigkeit f\u00fcr effizienteres Schneiden<\/p>\n<p>\u2013 H\u00f6here Schlagfestigkeit<\/p>\n<p>\u2013 Extrem hohe Hitzebest\u00e4ndigkeit<\/p>\n<p>\u2013 Jeder Durchmesser ist durch einen Farbcode gekennzeichnet<\/p>","protected":false},"excerpt":{"rendered":"<p>L\u00e4nge (m) 15<\/p>\n<p>Breite (mm) 1,3<\/p>","protected":false},"featured_media":40,"comment_status":"open","ping_status":"closed","template":"","meta":{"_seopress_robots_primary_cat":"","_seopress_titles_title":"","_seopress_titles_desc":"","_seopress_robots_index":""},"product_brand":[],"product_cat":[19],"product_tag":[],"class_list":{"0":"post-149","1":"product","2":"type-product","3":"status-publish","4":"has-post-thumbnail","6":"product_cat-fukasza-damilok","7":"","8":"woocommerce-text-align-center","9":"woocommerce-image-align-center","10":"do-quantity-buttons","12":"first","13":"instock","14":"shipping-taxable","15":"product-type-simple"},"_links":{"self":[{"href":"https:\/\/portlandmachinery.com\/de\/wp-json\/wp\/v2\/product\/149","targetHints":{"allow":["GET"]}}],"collection":[{"href":"https:\/\/portlandmachinery.com\/de\/wp-json\/wp\/v2\/product"}],"about":[{"href":"https:\/\/portlandmachinery.com\/de\/wp-json\/wp\/v2\/types\/product"}],"replies":[{"embeddable":true,"href":"https:\/\/portlandmachinery.com\/de\/wp-json\/wp\/v2\/comments?post=149"}],"wp:featuredmedia":[{"embeddable":true,"href":"https:\/\/portlandmachinery.com\/de\/wp-json\/wp\/v2\/media\/40"}],"wp:attachment":[{"href":"https:\/\/portlandmachinery.com\/de\/wp-json\/wp\/v2\/media?parent=149"}],"wp:term":[{"taxonomy":"product_brand","embeddable":true,"href":"https:\/\/portlandmachinery.com\/de\/wp-json\/wp\/v2\/product_brand?post=149"},{"taxonomy":"product_cat","embeddable":true,"href":"https:\/\/portlandmachinery.com\/de\/wp-json\/wp\/v2\/product_cat?post=149"},{"taxonomy":"product_tag","embeddable":true,"href":"https:\/\/portlandmachinery.com\/de\/wp-json\/wp\/v2\/product_tag?post=149"}],"curies":[{"name":"wp","href":"https:\/\/api.w.org\/{rel}","templated":true}]}}