{"id":151,"date":"2023-04-30T08:32:48","date_gmt":"2023-04-30T06:32:48","guid":{"rendered":"https:\/\/portlandmachinery.com\/?post_type=product&#038;p=151"},"modified":"2023-04-30T08:36:11","modified_gmt":"2023-04-30T06:36:11","slug":"portland-betetgyuru-325-7-fog-2","status":"publish","type":"product","link":"https:\/\/portlandmachinery.com\/de\/termek\/portland-betetgyuru-325-7-fog-2\/","title":{"rendered":"Portland-Ringritzel .325 7 Z\u00e4hne"},"content":{"rendered":"<p>Ringritzel einsetzen. F\u00fcr .325\u2033 Ketten mit 7 Z\u00e4hnen<\/p>\n<p>Mehr Details<\/p>\n<p>Massen:<br \/>\n\u2022Teilung: .325\u2033<br \/>\n\u2022Anzahl der Z\u00e4hne: 7<br \/>\nKeilwellentyp: 7 klein <br \/> Der Ringritzel sorgt f\u00fcr besten Schnitt bei gleichm\u00e4\u00dfigem, kontinuierlichem Betrieb.<\/p>\n<p>Die Seite des Ringritzels sorgt f\u00fcr eine hervorragende Unterst\u00fctzung der Kette und reduziert den Verschlei\u00df und die Spannung der Kette.<\/p>\n<p>Am \u00e4u\u00dferen Rand des Ringritzels befindet sich eine Verschlei\u00dfanzeige. Erreicht der Verschlei\u00df diesen Wert, muss der Ring ausgetauscht werden.<\/p>","protected":false},"excerpt":{"rendered":"<p>Teilung .325\"<\/p>\n<p>Anzahl der Z\u00e4hne (Stk) 7<\/p>","protected":false},"featured_media":43,"comment_status":"open","ping_status":"closed","template":"","meta":{"_seopress_robots_primary_cat":"","_seopress_titles_title":"","_seopress_titles_desc":"","_seopress_robots_index":""},"product_brand":[],"product_cat":[20],"product_tag":[],"class_list":{"0":"post-151","1":"product","2":"type-product","3":"status-publish","4":"has-post-thumbnail","6":"product_cat-betetgyuruk","7":"","8":"woocommerce-text-align-center","9":"woocommerce-image-align-center","10":"do-quantity-buttons","12":"first","13":"instock","14":"shipping-taxable","15":"product-type-simple"},"_links":{"self":[{"href":"https:\/\/portlandmachinery.com\/de\/wp-json\/wp\/v2\/product\/151","targetHints":{"allow":["GET"]}}],"collection":[{"href":"https:\/\/portlandmachinery.com\/de\/wp-json\/wp\/v2\/product"}],"about":[{"href":"https:\/\/portlandmachinery.com\/de\/wp-json\/wp\/v2\/types\/product"}],"replies":[{"embeddable":true,"href":"https:\/\/portlandmachinery.com\/de\/wp-json\/wp\/v2\/comments?post=151"}],"wp:featuredmedia":[{"embeddable":true,"href":"https:\/\/portlandmachinery.com\/de\/wp-json\/wp\/v2\/media\/43"}],"wp:attachment":[{"href":"https:\/\/portlandmachinery.com\/de\/wp-json\/wp\/v2\/media?parent=151"}],"wp:term":[{"taxonomy":"product_brand","embeddable":true,"href":"https:\/\/portlandmachinery.com\/de\/wp-json\/wp\/v2\/product_brand?post=151"},{"taxonomy":"product_cat","embeddable":true,"href":"https:\/\/portlandmachinery.com\/de\/wp-json\/wp\/v2\/product_cat?post=151"},{"taxonomy":"product_tag","embeddable":true,"href":"https:\/\/portlandmachinery.com\/de\/wp-json\/wp\/v2\/product_tag?post=151"}],"curies":[{"name":"wp","href":"https:\/\/api.w.org\/{rel}","templated":true}]}}