{"id":154,"date":"2023-04-30T08:32:48","date_gmt":"2023-04-30T06:32:48","guid":{"rendered":"https:\/\/portlandmachinery.com\/?post_type=product&#038;p=154"},"modified":"2023-04-30T08:36:11","modified_gmt":"2023-04-30T06:36:11","slug":"portland-xprime-fukasza-damil-3mm-x-44m-csavart","status":"publish","type":"product","link":"https:\/\/portlandmachinery.com\/de\/termek\/portland-xprime-fukasza-damil-3mm-x-44m-csavart\/","title":{"rendered":"Portland XPRIME Trimmer Faden 3,0 mm x 44 m  spiral"},"content":{"rendered":"<p>Ausf\u00fchrung: Donut<br \/>\nForm: spiral<br \/>\nFarbe: schwarz<\/p>\n<p>Mehr Details<\/p>\n<p>Breite: .120\u201d \/ 3,0mm<br \/>\nL\u00e4nge: 144\u2019 \/ ~44m<br \/>\nEAN: 4260356820141 <br \/> OR Xprime, der Hersteller von Kunststoffschneidelinien, ist der gr\u00f6\u00dfte Anbieter von Schneidlinien f\u00fcr professionelle Rasen- und Gartenpflegemaschinen. Der Einsatz modernster Fertigungsverfahren, fortschrittlicher Designtechnologie, strenger Qualit\u00e4tskontrollen und feinster Rohstoffe stellt sicher, dass die Schneidlinien des Unternehmens perfekte Arbeit leisten. Dies beweisen die vielen Gartenbesitzer, die die spiralf\u00f6rmigen Kunststoffschneidelinien von OR Xprime seit langem mit kontinuierlicher Zufriedenheit verwenden.<\/p>\n<p>Die spiralf\u00f6rmigen Schneidlinien von OR Xprime sind das Ergebnis wissenschaftlicher Entwicklung:<\/p>\n<p>\u2013 patentiertes Design<\/p>\n<p>\u2013 v\u00f6llig durchgezogene Schnittlinie<\/p>\n<p>\u2013 reduzierter Widerstand am Schneidkopf<\/p>\n<p>\u2013 gute Abriebfestigkeit<\/p>\n<p>\u2013 deutlich verbesserte Energieeffizienz<\/p>\n<p>- bei Schneidgewinden mit gr\u00f6\u00dferem Durchmesser kann der L\u00e4rm um bis zu 50 % reduziert werden<\/p>\n<p>\u2013 die ausge\u00fcbte Schlag-Schnittkraft ist gr\u00f6\u00dfer<\/p>","protected":false},"excerpt":{"rendered":"<p>L\u00e4nge (m) 44<\/p>\n<p>Breite (mm) 3<\/p>","protected":false},"featured_media":47,"comment_status":"open","ping_status":"closed","template":"","meta":{"_seopress_robots_primary_cat":"","_seopress_titles_title":"","_seopress_titles_desc":"","_seopress_robots_index":""},"product_brand":[],"product_cat":[19],"product_tag":[],"class_list":{"0":"post-154","1":"product","2":"type-product","3":"status-publish","4":"has-post-thumbnail","6":"product_cat-fukasza-damilok","7":"","8":"woocommerce-text-align-center","9":"woocommerce-image-align-center","10":"do-quantity-buttons","12":"first","13":"instock","14":"shipping-taxable","15":"product-type-simple"},"_links":{"self":[{"href":"https:\/\/portlandmachinery.com\/de\/wp-json\/wp\/v2\/product\/154","targetHints":{"allow":["GET"]}}],"collection":[{"href":"https:\/\/portlandmachinery.com\/de\/wp-json\/wp\/v2\/product"}],"about":[{"href":"https:\/\/portlandmachinery.com\/de\/wp-json\/wp\/v2\/types\/product"}],"replies":[{"embeddable":true,"href":"https:\/\/portlandmachinery.com\/de\/wp-json\/wp\/v2\/comments?post=154"}],"wp:featuredmedia":[{"embeddable":true,"href":"https:\/\/portlandmachinery.com\/de\/wp-json\/wp\/v2\/media\/47"}],"wp:attachment":[{"href":"https:\/\/portlandmachinery.com\/de\/wp-json\/wp\/v2\/media?parent=154"}],"wp:term":[{"taxonomy":"product_brand","embeddable":true,"href":"https:\/\/portlandmachinery.com\/de\/wp-json\/wp\/v2\/product_brand?post=154"},{"taxonomy":"product_cat","embeddable":true,"href":"https:\/\/portlandmachinery.com\/de\/wp-json\/wp\/v2\/product_cat?post=154"},{"taxonomy":"product_tag","embeddable":true,"href":"https:\/\/portlandmachinery.com\/de\/wp-json\/wp\/v2\/product_tag?post=154"}],"curies":[{"name":"wp","href":"https:\/\/api.w.org\/{rel}","templated":true}]}}