{"id":157,"date":"2023-04-30T08:32:49","date_gmt":"2023-04-30T06:32:49","guid":{"rendered":"https:\/\/portlandmachinery.com\/?post_type=product&#038;p=157"},"modified":"2023-05-12T09:39:28","modified_gmt":"2023-05-12T07:39:28","slug":"portland-betetgyuru-3-8-8-fog","status":"publish","type":"product","link":"https:\/\/portlandmachinery.com\/de\/termek\/portland-betetgyuru-3-8-8-fog\/","title":{"rendered":"Portland Ringritzel 3\/8\" 8 Z\u00e4hne"},"content":{"rendered":"<p>Ringritzel. 3\/8\u2033 f\u00fcr Kette, 8 Z\u00e4hnen<\/p>\n<p>Mehr Details<\/p>\n<p>Massen:<br \/>\n\u2022Teilung: 3\/8\u2033<br \/>\n\u2022Anzahl der Z\u00e4hnen: 8<br \/>\nKeilwellentyp: 7 standard<br \/>\nDer Ringritzel sorgt f\u00fcr besten Schnitt bei gleichm\u00e4\u00dfigem, kontinuierlichem Betrieb.<\/p>\n<p>Die Seite des Ringritzels sorgt f\u00fcr eine hervorragende Unterst\u00fctzung der Kette und reduziert den Verschlei\u00df und die Spannung der Kette.<\/p>\n<p>Am \u00e4u\u00dferen Rand des Ringritzels befindet sich eine Verschlei\u00dfanzeige. Erreicht der Verschlei\u00df diesen Wert, muss der Ring ausgetauscht werden.<\/p>","protected":false},"excerpt":{"rendered":"<p>Teilung 3\/8\"<\/p>\n<p>Anzahl der Z\u00e4hnen (Stk) 8<\/p>","protected":false},"featured_media":42,"comment_status":"open","ping_status":"closed","template":"","meta":{"_seopress_robots_primary_cat":"none","_seopress_titles_title":"","_seopress_titles_desc":"","_seopress_robots_index":""},"product_brand":[],"product_cat":[20],"product_tag":[],"class_list":{"0":"post-157","1":"product","2":"type-product","3":"status-publish","4":"has-post-thumbnail","6":"product_cat-betetgyuruk","7":"","8":"woocommerce-text-align-center","9":"woocommerce-image-align-center","10":"do-quantity-buttons","12":"first","13":"instock","14":"shipping-taxable","15":"product-type-simple"},"_links":{"self":[{"href":"https:\/\/portlandmachinery.com\/de\/wp-json\/wp\/v2\/product\/157","targetHints":{"allow":["GET"]}}],"collection":[{"href":"https:\/\/portlandmachinery.com\/de\/wp-json\/wp\/v2\/product"}],"about":[{"href":"https:\/\/portlandmachinery.com\/de\/wp-json\/wp\/v2\/types\/product"}],"replies":[{"embeddable":true,"href":"https:\/\/portlandmachinery.com\/de\/wp-json\/wp\/v2\/comments?post=157"}],"wp:featuredmedia":[{"embeddable":true,"href":"https:\/\/portlandmachinery.com\/de\/wp-json\/wp\/v2\/media\/42"}],"wp:attachment":[{"href":"https:\/\/portlandmachinery.com\/de\/wp-json\/wp\/v2\/media?parent=157"}],"wp:term":[{"taxonomy":"product_brand","embeddable":true,"href":"https:\/\/portlandmachinery.com\/de\/wp-json\/wp\/v2\/product_brand?post=157"},{"taxonomy":"product_cat","embeddable":true,"href":"https:\/\/portlandmachinery.com\/de\/wp-json\/wp\/v2\/product_cat?post=157"},{"taxonomy":"product_tag","embeddable":true,"href":"https:\/\/portlandmachinery.com\/de\/wp-json\/wp\/v2\/product_tag?post=157"}],"curies":[{"name":"wp","href":"https:\/\/api.w.org\/{rel}","templated":true}]}}