{"id":171,"date":"2023-04-30T08:32:52","date_gmt":"2023-04-30T06:32:52","guid":{"rendered":"https:\/\/portlandmachinery.com\/?post_type=product&#038;p=171"},"modified":"2026-03-31T11:57:17","modified_gmt":"2026-03-31T09:57:17","slug":"portland-funyiro-traktor-m9812sd-oldalkidobos","status":"publish","type":"product","link":"https:\/\/portlandmachinery.com\/de\/termek\/portland-funyiro-traktor-m9812sd-oldalkidobos\/","title":{"rendered":"Portland Rasentraktor M9812SD, Seitenauswurf"},"content":{"rendered":"<p><strong>VERF\u00dcGBARE MODELLE (2026)<\/strong><\/p>\n<p><strong>Grassammler<\/strong>\u00a0\u00a0 Portland M9212RD  |  Portland H10212RD \u2736 (neues Modell)<\/p>\n<p><strong>Seitenauswurf:<\/strong> \u00a0 Portland M9812SD  |  Portland H11716SD \u2736 (neues Modell)<\/p>\n<h1>WARUM TRAKTOREN VON PORTLAND MACHINERY W\u00c4HLEN?<\/h1>\n<p><strong>KOMPFORT<\/strong><\/p>\n<ul>\n<li>einfache Handhabung und ergonomisch platzierte Bedienelemente<\/li>\n<li>\u2022\tM\u00fchelose Gangschaltung per Hebel (manuelle Modelle: M9212RD, M9812SD) \u2013 die hydrostatischen Modelle (H10212RD, H11716SD) bieten stufenlose Geschwindigkeitsregelung per Pedal<\/li>\n<li>\u2022\tEinfache Schnitth\u00f6henverstellung in sieben verschiedene Positionen (M9212RD, M9812SD, H10212RD); beim H11716SD stufenlos zwischen 30\u2013100 mm einstellbar<\/li>\n<li>\u2022\tRutschfeste Trittstufen und Fu\u00dfst\u00fctzen erm\u00f6glichen ein sehr bequemes Ein- und Aussteigen<\/li>\n<li>das erh\u00f6hte, ergonomische Lenkrad sorgt f\u00fcr komfortables Fahren und ausreichend Platz f\u00fcr die Beine<\/li>\n<li>\u2022\tKleiner Wendekreis f\u00fcr perfekte Man\u00f6vrierf\u00e4higkeit<\/li>\n<li>\u2022\tAkustisches Signal bei vollem Fangkorb (Modelle mit Fangkorb: M9212RD, H10212RD)<\/li>\n<li>\u2022\tKomfortabler Federsitz mit L\u00e4ngsverstellung<\/li>\n<li>\u2022\tGro\u00dfer Kraftstofftank f\u00fcr l\u00e4ngere Betriebszeiten: 7,5 Liter (M9212RD, H10212RD, M9812SD), 10 Liter (H11716SD)<\/li>\n<li>\u2022\tDie breite Frontsto\u00dfstange sch\u00fctzt die Maschine vor Besch\u00e4digungen<\/li>\n<li>integrierter Wasserschlauchanschluss zur einfachen Reinigung des Schneidbereichs<\/li>\n<li>R\u00fcckw\u00e4rtsschneiden \u2013 Sie k\u00f6nnen den R\u00fcckw\u00e4rtsschnitt per Knopfdruck fortsetzen.<\/li>\n<\/ul>\n<p><strong>TECHNOLOGIE<\/strong><\/p>\n<ul>\n<li>Cs\u00facsmin\u0151s\u00e9g\u0171 Loncin motorok: 452 CC egyhengeres (M9212RD, M9812SD), 586 CC k\u00e9thengeres OHV (H10212RD), 708 CC V-Twin OHV (H11713SD)<\/li>\n<li>Robuste Konstruktion \u2013 pr\u00e4zise Technik<\/li>\n<li>Die Schneidstruktur aus Stahl ist mit modernster Pulverbeschichtungstechnologie lackiert und \u00e4u\u00dferst korrosionsbest\u00e4ndig<\/li>\n<li>\u2022\tDie Keilriemen des M\u00e4hwerks minimieren das Risiko von Sch\u00e4den bei einem Aufprall<\/li>\n<li>\u2022\tDer gefederte M\u00e4htisch mit St\u00fctzrollen besch\u00e4digt auch auf unebenem Gel\u00e4nde den Rasen nicht<\/li>\n<li>Die breite Schneidstruktur erm\u00f6glicht das Schneiden auch in der N\u00e4he von Orientierungspunkten<\/li>\n<li>Die Struktur der Vorderachse erm\u00f6glicht das Kippen der R\u00e4der beim Richtungswechsel, wodurch der Traktor der Wendekurve perfekt folgt, ohne zu \u201erutschen\u201c und dadurch m\u00f6glicherweise Sch\u00e4den am Rasen zu verursachen<\/li>\n<li>Die gro\u00dfen R\u00e4der erleichtern die Nutzung auf unebenem Gel\u00e4nde und schonen den Rasen<\/li>\n<li>Dank des integrierten Schleppkopfes k\u00f6nnen viele Zubeh\u00f6rteile angeschlossen werden (z. B. Anh\u00e4nger, Anh\u00e4nger, Spr\u00fchger\u00e4t, Rechen, Laubbesen, Zylinder, Rasenbel\u00fcfter usw.)<\/li>\n<li>Das Motorgeh\u00e4use l\u00e4sst sich in einem gro\u00dfen Bogen \u00f6ffnen und bietet so perfekten Zugang zum Motor, die Gestaltung des K\u00fchlergrills erm\u00f6glicht maximale K\u00fchlung<\/li>\n<li>\u2022\tElektromagnetische Messereinschaltung, doppelte Mulchmesser bei jedem Modell<\/li>\n<\/ul>\n<p>&nbsp;<\/p>\n<p><strong>TECHNISCHE DATEN<\/strong><\/p>\n<p><em>\u2726 = Neues modell\u00a0\u00a0\u00a0\u00a0 <\/em><em>\u00a0<\/em><\/p>\n<table width=\"913\">\n<thead>\n<tr>\n<td rowspan=\"3\" width=\"193\"><strong>TECHNISCHE DATEN<\/strong><\/td>\n<td colspan=\"2\" width=\"360\"><strong>MODELLE MIT FANGKORB<\/strong><\/td>\n<td colspan=\"2\" width=\"360\"><strong>MODELLE MIT SEITENAUSWURF<\/strong><\/td>\n<\/tr>\n<tr>\n<td width=\"160\"><strong>Manuel<\/strong><\/td>\n<td width=\"200\"><strong>Hydrostatisch<\/strong><\/td>\n<td width=\"160\"><strong>Manuel<\/strong><\/td>\n<td width=\"200\"><strong>Hydrostatisch<\/strong><\/td>\n<\/tr>\n<tr>\n<td width=\"160\"><strong>M9212RD<\/strong><\/td>\n<td width=\"200\"><strong>H10212RD \u2726 \u00daJ<\/strong><\/td>\n<td width=\"160\"><strong>M9812SD<\/strong><\/td>\n<td width=\"200\"><strong>H11713SD \u2726 \u00daJ<\/strong><\/td>\n<\/tr>\n<\/thead>\n<tbody>\n<tr>\n<td width=\"193\"><strong>Getriebetyp<\/strong><\/td>\n<td width=\"160\">Manuel<\/td>\n<td width=\"200\">Hydrostatisch<\/td>\n<td width=\"160\">Manuel<\/td>\n<td width=\"200\">Hydrostatisch<\/td>\n<\/tr>\n<tr>\n<td width=\"193\"><strong>Motorvolumen:<\/strong><\/td>\n<td width=\"160\">452 CC<\/td>\n<td width=\"200\">586 CC<\/td>\n<td width=\"160\">452 CC<\/td>\n<td width=\"200\">708 CC<\/td>\n<\/tr>\n<tr>\n<td width=\"193\"><strong>Motorcharakteristik<\/strong><\/td>\n<td width=\"160\">OHV<\/td>\n<td width=\"200\">OHV (Zweizylinder)<\/td>\n<td width=\"160\">OHV<\/td>\n<td width=\"200\">OHV (Zweizylinder)<\/td>\n<\/tr>\n<tr>\n<td width=\"193\"><strong>KW \/ LE<\/strong><\/td>\n<td width=\"160\">9,2 KW \/ 12,5 LE<\/td>\n<td width=\"200\"><strong>10,3 KW \/ 13,8 LE<\/strong><\/td>\n<td width=\"160\">9,2 KW \/ 12,5 LE<\/td>\n<td width=\"200\"><strong>13 KW \/ 17,4 LE<\/strong><\/td>\n<\/tr>\n<tr>\n<td width=\"193\"><strong>Motorenhersteller<\/strong><\/td>\n<td width=\"160\">Loncin<\/td>\n<td width=\"200\">Loncin<\/td>\n<td width=\"160\">Loncin<\/td>\n<td width=\"200\">Loncin<\/td>\n<\/tr>\n<tr>\n<td width=\"193\"><strong>Anzahl der Zylinder:<\/strong><\/td>\n<td width=\"160\">1<\/td>\n<td width=\"200\">2<\/td>\n<td width=\"160\">1<\/td>\n<td width=\"200\">2<\/td>\n<\/tr>\n<tr>\n<td width=\"193\"><strong>Z\u00fcndungstyp<\/strong><\/td>\n<td width=\"160\">Elektronisch<\/td>\n<td width=\"200\">Elektronisch<\/td>\n<td width=\"160\">Elektronisch<\/td>\n<td width=\"200\">Elektronisch<\/td>\n<\/tr>\n<tr>\n<td width=\"193\"><strong>Treibstofftank<\/strong><\/td>\n<td width=\"160\">7,5 liter<\/td>\n<td width=\"200\">7,5 liter<\/td>\n<td width=\"160\">7,5 liter<\/td>\n<td width=\"200\">10 liter<\/td>\n<\/tr>\n<tr>\n<td width=\"193\"><strong>\u00d6lkapazit\u00e4t<\/strong><\/td>\n<td width=\"160\">1,2 liter<\/td>\n<td width=\"200\"><strong>1,7 liter<\/strong><\/td>\n<td width=\"160\">1,2 liter<\/td>\n<td width=\"200\"><strong>2,4 liter<\/strong><\/td>\n<\/tr>\n<tr>\n<td width=\"193\"><strong>Anzahl der G\u00e4nge<\/strong><\/td>\n<td width=\"160\">4 vorw\u00e4rts\/1 r\u00fcckw\u00e4rts<\/td>\n<td width=\"200\">kontinuierlich\/r\u00fcckw\u00e4rts<\/td>\n<td width=\"160\">4 vorw\u00e4rts\/1 r\u00fcckw\u00e4rts<\/td>\n<td width=\"200\">kontinuierlich\/r\u00fcckw\u00e4rts<\/td>\n<\/tr>\n<tr>\n<td width=\"193\"><strong>Vorw\u00e4rts<\/strong><\/td>\n<td width=\"160\">1,6\u20138,8 km\/h<\/td>\n<td width=\"200\">8,8 km\/h<\/td>\n<td width=\"160\">1,6\u20138,8 km\/h<\/td>\n<td width=\"200\">9,7 km\/h<\/td>\n<\/tr>\n<tr>\n<td width=\"193\"><strong>R\u00fcckwerts<\/strong><\/td>\n<td width=\"160\">2,5 km\/h<\/td>\n<td width=\"200\">4,5 km\/h<\/td>\n<td width=\"160\">2,5 km\/h<\/td>\n<td width=\"200\">4,5 km\/h<\/td>\n<\/tr>\n<tr>\n<td width=\"193\"><strong>Typ<\/strong><\/td>\n<td width=\"160\">Grassammler<\/td>\n<td width=\"200\">Grassammler<\/td>\n<td width=\"160\">Seitliche Auswurf<\/td>\n<td width=\"200\">Seitliche Auswurf<\/td>\n<\/tr>\n<tr>\n<td width=\"193\"><strong>Sammelkorb<\/strong><\/td>\n<td width=\"160\">245 liter<\/td>\n<td width=\"200\">245 liter<\/td>\n<td width=\"160\">es gibt keine<\/td>\n<td width=\"200\">es gibt keine<\/td>\n<\/tr>\n<tr>\n<td width=\"193\"><strong>Messer starten<\/strong><\/td>\n<td width=\"160\">Elektromagnetisch<\/td>\n<td width=\"200\">Elektromagnetisch<\/td>\n<td width=\"160\">Elektromagnetisch<\/td>\n<td width=\"200\">Elektromagnetisch<\/td>\n<\/tr>\n<tr>\n<td width=\"193\"><strong>Anzahl Messer<\/strong><\/td>\n<td width=\"160\">2<\/td>\n<td width=\"200\">2<\/td>\n<td width=\"160\">2<\/td>\n<td width=\"200\">2<\/td>\n<\/tr>\n<tr>\n<td width=\"193\"><strong>Art der Messer<\/strong><\/td>\n<td width=\"160\">Mulchen<\/td>\n<td width=\"200\">Mulchen<\/td>\n<td width=\"160\">Mulchen<\/td>\n<td width=\"200\">Mulchen<\/td>\n<\/tr>\n<tr>\n<td width=\"193\"><strong>Mulchen<\/strong><\/td>\n<td width=\"160\">ja (optional)<\/td>\n<td width=\"200\">ja (optional)<\/td>\n<td width=\"160\">ja (optional)<\/td>\n<td width=\"200\">ja (optional)<\/td>\n<\/tr>\n<tr>\n<td width=\"193\"><strong>Schnittbreite<\/strong><\/td>\n<td width=\"160\">92 cm<\/td>\n<td width=\"200\">102 cm<\/td>\n<td width=\"160\">98 cm<\/td>\n<td width=\"200\"><strong>117 cm<\/strong><\/td>\n<\/tr>\n<tr>\n<td width=\"193\"><strong>Schnitth\u00f6he:<\/strong><\/td>\n<td width=\"160\">30\u201390 mm<\/td>\n<td width=\"200\"><strong>30\u201390 mm<\/strong><\/td>\n<td width=\"160\">30\u201390 mm<\/td>\n<td width=\"200\">30\u2013100 mm<\/td>\n<\/tr>\n<tr>\n<td width=\"193\"><strong>Anzahl Schneidstufen:<\/strong><\/td>\n<td width=\"160\">7<\/td>\n<td width=\"200\"><strong>7<\/strong><\/td>\n<td width=\"160\">7<\/td>\n<td width=\"200\"><strong>7<\/strong><\/td>\n<\/tr>\n<tr>\n<td width=\"193\"><strong>Wendekreis<\/strong><\/td>\n<td width=\"160\">45 cm<\/td>\n<td width=\"200\">45 cm<\/td>\n<td width=\"160\">45 cm<\/td>\n<td width=\"200\"><strong>55 cm<\/strong><\/td>\n<\/tr>\n<tr>\n<td width=\"193\"><strong>Reifengr\u00f6\u00dfe (vorne \/ hinten)<\/strong><\/td>\n<td width=\"160\">15&#8243;\u00d76&#8243;-6&#8243; \/ 18&#8243;\u00d78,5&#8243;-8&#8243;<\/td>\n<td width=\"200\"><strong>15&#8243; \/ 18&#8243;<\/strong><\/td>\n<td width=\"160\">15&#8243;\u00d76&#8243;-6&#8243; \/ 18&#8243;\u00d78,5&#8243;-8&#8243;<\/td>\n<td width=\"200\">15&#8243; \/ 20&#8243;<\/td>\n<\/tr>\n<tr>\n<td width=\"193\"><strong>Maximaler Schnittbereich<\/strong><\/td>\n<td width=\"160\">4 000 m\u00b2<\/td>\n<td width=\"200\"><strong>6 000 m\u00b2<\/strong><\/td>\n<td width=\"160\">5 000 m\u00b2<\/td>\n<td width=\"200\"><strong>10 000 m\u00b2<\/strong><\/td>\n<\/tr>\n<tr>\n<td width=\"193\"><strong>Scheinwerfer<\/strong><\/td>\n<td width=\"160\">LED nappali f\u00e9ny<\/td>\n<td width=\"200\"><strong>Ja<\/strong><\/td>\n<td width=\"160\">LED nappali f\u00e9ny<\/td>\n<td width=\"200\"><strong>Ja<\/strong><\/td>\n<\/tr>\n<tr>\n<td width=\"193\"><strong>Sitzverstellung (vorne und hinten)<\/strong><\/td>\n<td width=\"160\">Ja<\/td>\n<td width=\"200\"><strong>Ja<\/strong><\/td>\n<td width=\"160\">Ja<\/td>\n<td width=\"200\"><strong>Ja<\/strong><\/td>\n<\/tr>\n<tr>\n<td width=\"193\"><strong>Abschlepp\u00f6se<\/strong><\/td>\n<td width=\"160\">ja (optional)<\/td>\n<td width=\"200\"><strong>Ja<\/strong><\/td>\n<td width=\"160\">Standard Ausr\u00fcstung<\/td>\n<td width=\"200\"><strong>Ja<\/strong><\/td>\n<\/tr>\n<tr>\n<td width=\"193\"><strong>Abmessungen (L\u00d7B\u00d7H)<\/strong><\/td>\n<td width=\"160\">2370\u00d7930\u00d71110 mm<\/td>\n<td width=\"200\"><strong>2305\u00d71090\u00d71110 mm<\/strong><\/td>\n<td width=\"160\">1770\u00d7930\u00d71110 mm<\/td>\n<td width=\"200\"><strong>1855\u00d71415\u00d71165 mm<\/strong><\/td>\n<\/tr>\n<tr>\n<td width=\"193\"><strong>Gewicht<\/strong><\/td>\n<td width=\"160\">210 kg<\/td>\n<td width=\"200\"><strong>196,5 kg<\/strong><\/td>\n<td width=\"160\">170 kg<\/td>\n<td width=\"200\"><strong>202 kg<\/strong><\/td>\n<\/tr>\n<\/tbody>\n<\/table>\n<ul>\n<li><\/li>\n<\/ul>","protected":false},"excerpt":{"rendered":"<p>Start: elektrisch<\/p>\n<p>Typ: Seitenauswerfer<\/p>\n<p>Schnittbreite (cm): 98<\/p>","protected":false},"featured_media":24,"comment_status":"open","ping_status":"closed","template":"","meta":{"_seopress_robots_primary_cat":"none","_seopress_titles_title":"","_seopress_titles_desc":"","_seopress_robots_index":""},"product_brand":[],"product_cat":[22],"product_tag":[],"class_list":{"0":"post-171","1":"product","2":"type-product","3":"status-publish","4":"has-post-thumbnail","6":"product_cat-funyiro-traktorok","7":"","8":"woocommerce-text-align-center","9":"woocommerce-image-align-center","10":"do-quantity-buttons","12":"first","13":"instock","14":"shipping-taxable","15":"product-type-simple"},"_links":{"self":[{"href":"https:\/\/portlandmachinery.com\/de\/wp-json\/wp\/v2\/product\/171","targetHints":{"allow":["GET"]}}],"collection":[{"href":"https:\/\/portlandmachinery.com\/de\/wp-json\/wp\/v2\/product"}],"about":[{"href":"https:\/\/portlandmachinery.com\/de\/wp-json\/wp\/v2\/types\/product"}],"replies":[{"embeddable":true,"href":"https:\/\/portlandmachinery.com\/de\/wp-json\/wp\/v2\/comments?post=171"}],"wp:featuredmedia":[{"embeddable":true,"href":"https:\/\/portlandmachinery.com\/de\/wp-json\/wp\/v2\/media\/24"}],"wp:attachment":[{"href":"https:\/\/portlandmachinery.com\/de\/wp-json\/wp\/v2\/media?parent=171"}],"wp:term":[{"taxonomy":"product_brand","embeddable":true,"href":"https:\/\/portlandmachinery.com\/de\/wp-json\/wp\/v2\/product_brand?post=171"},{"taxonomy":"product_cat","embeddable":true,"href":"https:\/\/portlandmachinery.com\/de\/wp-json\/wp\/v2\/product_cat?post=171"},{"taxonomy":"product_tag","embeddable":true,"href":"https:\/\/portlandmachinery.com\/de\/wp-json\/wp\/v2\/product_tag?post=171"}],"curies":[{"name":"wp","href":"https:\/\/api.w.org\/{rel}","templated":true}]}}