{"id":180,"date":"2023-04-30T08:32:58","date_gmt":"2023-04-30T06:32:58","guid":{"rendered":"https:\/\/portlandmachinery.com\/?post_type=product&#038;p=180"},"modified":"2023-05-14T10:34:12","modified_gmt":"2023-05-14T08:34:12","slug":"portland-ultimate-premium-2t-olaj-eco-1-liter","status":"publish","type":"product","link":"https:\/\/portlandmachinery.com\/de\/termek\/portland-ultimate-premium-2t-olaj-eco-1-liter\/","title":{"rendered":"Portland Ultimate Premium 2T ECO \u00d6l 1 Liter"},"content":{"rendered":"<p>Das Motoren\u00f6l Ultimate Premium 2T ECO enth\u00e4lt au\u00dferdem Reinigungs- und Korrosionsschutzkomponenten. Es kann f\u00fcr alle Arten von luft- und wassergek\u00fchlten Zweitaktmotoren eingesetzt werden, sowohl f\u00fcr die Mischschmierung als auch f\u00fcr ein Getrenntschmiersystem. Eine gute Vermischung mit dem Kraftstoff wird durch emulgierende Zus\u00e4tze erleichtert (Beispiel: Bei Zugabe von 100 ml auf 5 Liter ergibt sich eine Mischung von 1:50).<br \/>\nVorteile: Verhindert die Alterung des Kraftstoffgemisches.<br \/>\n\u25cfVerhindert die Alterung des Kraftstoffgemisches.<br \/>\n\u25cf Erm\u00f6glicht ein schnelles und einfaches Starten des Motors.<br \/>\n\u25cf Sch\u00fctzt vor Korrosion.<br \/>\n\u25cf H\u00e4lt das Kraftstoffsystem sauber.<\/p>","protected":false},"excerpt":{"rendered":"<p>\u25cfVerhindert die Alterung des Kraftstoffgemisches.<br \/>\n\u25cfVerhindert die Alterung des Kraftstoffgemisches.<br \/>\n\u25cf Erm\u00f6glicht ein schnelles und einfaches Starten des Motors.<br \/>\n\u25cf Sch\u00fctzt vor Korrosion.<br \/>\n\u25cf H\u00e4lt das Kraftstoffsystem sauber.<\/p>","protected":false},"featured_media":15,"comment_status":"open","ping_status":"closed","template":"","meta":{"_seopress_robots_primary_cat":"none","_seopress_titles_title":"","_seopress_titles_desc":"","_seopress_robots_index":""},"product_brand":[],"product_cat":[23],"product_tag":[],"class_list":{"0":"post-180","1":"product","2":"type-product","3":"status-publish","4":"has-post-thumbnail","6":"product_cat-olajok-es-kenoanyagok","7":"","8":"woocommerce-text-align-center","9":"woocommerce-image-align-center","10":"do-quantity-buttons","12":"first","13":"instock","14":"shipping-taxable","15":"product-type-simple"},"_links":{"self":[{"href":"https:\/\/portlandmachinery.com\/de\/wp-json\/wp\/v2\/product\/180","targetHints":{"allow":["GET"]}}],"collection":[{"href":"https:\/\/portlandmachinery.com\/de\/wp-json\/wp\/v2\/product"}],"about":[{"href":"https:\/\/portlandmachinery.com\/de\/wp-json\/wp\/v2\/types\/product"}],"replies":[{"embeddable":true,"href":"https:\/\/portlandmachinery.com\/de\/wp-json\/wp\/v2\/comments?post=180"}],"wp:featuredmedia":[{"embeddable":true,"href":"https:\/\/portlandmachinery.com\/de\/wp-json\/wp\/v2\/media\/15"}],"wp:attachment":[{"href":"https:\/\/portlandmachinery.com\/de\/wp-json\/wp\/v2\/media?parent=180"}],"wp:term":[{"taxonomy":"product_brand","embeddable":true,"href":"https:\/\/portlandmachinery.com\/de\/wp-json\/wp\/v2\/product_brand?post=180"},{"taxonomy":"product_cat","embeddable":true,"href":"https:\/\/portlandmachinery.com\/de\/wp-json\/wp\/v2\/product_cat?post=180"},{"taxonomy":"product_tag","embeddable":true,"href":"https:\/\/portlandmachinery.com\/de\/wp-json\/wp\/v2\/product_tag?post=180"}],"curies":[{"name":"wp","href":"https:\/\/api.w.org\/{rel}","templated":true}]}}