{"id":186,"date":"2023-04-30T08:32:59","date_gmt":"2023-04-30T06:32:59","guid":{"rendered":"https:\/\/portlandmachinery.com\/?post_type=product&#038;p=186"},"modified":"2023-05-17T09:45:15","modified_gmt":"2023-05-17T07:45:15","slug":"portland-85lp-tekercslanc","status":"publish","type":"product","link":"https:\/\/portlandmachinery.com\/de\/termek\/portland-85lp-tekercslanc\/","title":{"rendered":"Portland 85LP Spulenketten"},"content":{"rendered":"<div align=\"left\">85LP ist ideal f\u00fcr den professionellen Einsatz. Empfohlen f\u00fcr hohe Leistung und einfache Wartung. Der 85LP eignet sich hervorragend f\u00fcr Benzin-Kettens\u00e4gen bis 100 cm3 sowie f\u00fcr Kettens\u00e4gen bis zu 42\u2033 (107cm)!! mit F\u00fchrungsschienen.<\/div>\n<div><\/div>\n<div align=\"left\">Mehr Details<\/div>\n<div><\/div>\n<div align=\"left\">Spezifikationen:<\/p>\n<p>Teilung:  3\/8\u2033<\/p>\n<p>Kettenbreite: 0,063\u2033 (1,6 mm)<\/p>\n<p>Es ist auch in 100-Fu\u00df-Rollen und vorgefertigten Versionen erh\u00e4ltlich. Jede Rolle enth\u00e4lt Verbindungs- und Laschen\u00f6sen<\/p><\/div>","protected":false},"excerpt":{"rendered":"<p>Teilung:  3\/8\u2033<\/p>\n<p>Kettenbreite: 0,063\u2033 (1,6 mm)<\/p>","protected":false},"featured_media":22,"comment_status":"open","ping_status":"closed","template":"","meta":{"_seopress_robots_primary_cat":"","_seopress_titles_title":"Portland 85LP Tekercsl\u00e1nc","_seopress_titles_desc":"f\u0171r\u00e9szl\u00e1nc, tekercsl\u00e1nc, l\u00e1ncf\u0171r\u00e9sz l\u00e1nc","_seopress_robots_index":""},"product_brand":[],"product_cat":[24],"product_tag":[34,36,35],"class_list":{"0":"post-186","1":"product","2":"type-product","3":"status-publish","4":"has-post-thumbnail","6":"product_cat-tekercslancok","7":"product_tag-fureszlanc","8":"product_tag-lancfuresz-lanc","9":"product_tag-tekercslanc","10":"","11":"woocommerce-text-align-center","12":"woocommerce-image-align-center","13":"do-quantity-buttons","15":"first","16":"instock","17":"shipping-taxable","18":"product-type-simple"},"_links":{"self":[{"href":"https:\/\/portlandmachinery.com\/de\/wp-json\/wp\/v2\/product\/186","targetHints":{"allow":["GET"]}}],"collection":[{"href":"https:\/\/portlandmachinery.com\/de\/wp-json\/wp\/v2\/product"}],"about":[{"href":"https:\/\/portlandmachinery.com\/de\/wp-json\/wp\/v2\/types\/product"}],"replies":[{"embeddable":true,"href":"https:\/\/portlandmachinery.com\/de\/wp-json\/wp\/v2\/comments?post=186"}],"wp:featuredmedia":[{"embeddable":true,"href":"https:\/\/portlandmachinery.com\/de\/wp-json\/wp\/v2\/media\/22"}],"wp:attachment":[{"href":"https:\/\/portlandmachinery.com\/de\/wp-json\/wp\/v2\/media?parent=186"}],"wp:term":[{"taxonomy":"product_brand","embeddable":true,"href":"https:\/\/portlandmachinery.com\/de\/wp-json\/wp\/v2\/product_brand?post=186"},{"taxonomy":"product_cat","embeddable":true,"href":"https:\/\/portlandmachinery.com\/de\/wp-json\/wp\/v2\/product_cat?post=186"},{"taxonomy":"product_tag","embeddable":true,"href":"https:\/\/portlandmachinery.com\/de\/wp-json\/wp\/v2\/product_tag?post=186"}],"curies":[{"name":"wp","href":"https:\/\/api.w.org\/{rel}","templated":true}]}}