{"id":187,"date":"2023-04-30T08:32:59","date_gmt":"2023-04-30T06:32:59","guid":{"rendered":"https:\/\/portlandmachinery.com\/?post_type=product&#038;p=187"},"modified":"2023-04-30T08:36:16","modified_gmt":"2023-04-30T06:36:16","slug":"portland-32lp-tekercslanc","status":"publish","type":"product","link":"https:\/\/portlandmachinery.com\/de\/termek\/portland-32lp-tekercslanc\/","title":{"rendered":"Portland 32LP Spulenketten"},"content":{"rendered":"<p>32LP ist ideal f\u00fcr den professionellen Einsatz. Der 32LP eignet sich hervorragend f\u00fcr Benzin-Kettens\u00e4gen bis 62 cm3, sowie f\u00fcr Kettens\u00e4gen bis max. Mit 20\u2033 (50cm) F\u00fchrungsschienen.<\/p>","protected":false},"excerpt":{"rendered":"<p>Spezifikationen:<br \/>\nTeilung: .325\u2033<br \/>\nKettenbreite: 0,063\u2033 (1,6 mm)<br \/>\nEs ist auch in 100-Fu\u00df-Rollen und vorgefertigten Versionen erh\u00e4ltlich. Jede Rolle enth\u00e4lt Verbindungs- und Laschen\u00f6sen<\/p>","protected":false},"featured_media":22,"comment_status":"open","ping_status":"closed","template":"","meta":{"_seopress_robots_primary_cat":"","_seopress_titles_title":"","_seopress_titles_desc":"","_seopress_robots_index":""},"product_brand":[],"product_cat":[24],"product_tag":[],"class_list":{"0":"post-187","1":"product","2":"type-product","3":"status-publish","4":"has-post-thumbnail","6":"product_cat-tekercslancok","7":"","8":"woocommerce-text-align-center","9":"woocommerce-image-align-center","10":"do-quantity-buttons","12":"first","13":"instock","14":"shipping-taxable","15":"product-type-simple"},"_links":{"self":[{"href":"https:\/\/portlandmachinery.com\/de\/wp-json\/wp\/v2\/product\/187","targetHints":{"allow":["GET"]}}],"collection":[{"href":"https:\/\/portlandmachinery.com\/de\/wp-json\/wp\/v2\/product"}],"about":[{"href":"https:\/\/portlandmachinery.com\/de\/wp-json\/wp\/v2\/types\/product"}],"replies":[{"embeddable":true,"href":"https:\/\/portlandmachinery.com\/de\/wp-json\/wp\/v2\/comments?post=187"}],"wp:featuredmedia":[{"embeddable":true,"href":"https:\/\/portlandmachinery.com\/de\/wp-json\/wp\/v2\/media\/22"}],"wp:attachment":[{"href":"https:\/\/portlandmachinery.com\/de\/wp-json\/wp\/v2\/media?parent=187"}],"wp:term":[{"taxonomy":"product_brand","embeddable":true,"href":"https:\/\/portlandmachinery.com\/de\/wp-json\/wp\/v2\/product_brand?post=187"},{"taxonomy":"product_cat","embeddable":true,"href":"https:\/\/portlandmachinery.com\/de\/wp-json\/wp\/v2\/product_cat?post=187"},{"taxonomy":"product_tag","embeddable":true,"href":"https:\/\/portlandmachinery.com\/de\/wp-json\/wp\/v2\/product_tag?post=187"}],"curies":[{"name":"wp","href":"https:\/\/api.w.org\/{rel}","templated":true}]}}