{"id":98,"date":"2023-04-30T08:32:27","date_gmt":"2023-04-30T06:32:27","guid":{"rendered":"https:\/\/portlandmachinery.com\/?post_type=product&#038;p=98"},"modified":"2023-04-30T08:36:02","modified_gmt":"2023-04-30T06:36:02","slug":"portland-konfekcionalt-fureszlanc-325-13-67-szem","status":"publish","type":"product","link":"https:\/\/portlandmachinery.com\/de\/termek\/portland-konfekcionalt-fureszlanc-325-13-67-szem\/","title":{"rendered":"Portland fertigte Kette .325 1,3 67 Glied"},"content":{"rendered":"<p>30LP ist ideal f\u00fcr den professionellen Einsatz. Der 30LP eignet sich hervorragend f\u00fcr Benzin-Kettens\u00e4gen bis 62 cm3, sowie f\u00fcr Kettens\u00e4gen bis max. Mit 20\u2033 (50cm) F\u00fchrungsschienen.<\/p>","protected":false},"excerpt":{"rendered":"<p>Anzahl der Treibglieder (Stk) 67<\/p>\n<p>Teilung: 0,325\"<\/p>\n<p>Kettenbreite: (mm) 1,3<\/p>","protected":false},"featured_media":18,"comment_status":"open","ping_status":"closed","template":"","meta":{"_seopress_robots_primary_cat":"","_seopress_titles_title":"","_seopress_titles_desc":"","_seopress_robots_index":""},"product_brand":[],"product_cat":[17],"product_tag":[],"class_list":{"0":"post-98","1":"product","2":"type-product","3":"status-publish","4":"has-post-thumbnail","6":"product_cat-konfekcionalt-lancok","7":"","8":"woocommerce-text-align-center","9":"woocommerce-image-align-center","10":"do-quantity-buttons","12":"first","13":"instock","14":"shipping-taxable","15":"product-type-simple"},"_links":{"self":[{"href":"https:\/\/portlandmachinery.com\/de\/wp-json\/wp\/v2\/product\/98","targetHints":{"allow":["GET"]}}],"collection":[{"href":"https:\/\/portlandmachinery.com\/de\/wp-json\/wp\/v2\/product"}],"about":[{"href":"https:\/\/portlandmachinery.com\/de\/wp-json\/wp\/v2\/types\/product"}],"replies":[{"embeddable":true,"href":"https:\/\/portlandmachinery.com\/de\/wp-json\/wp\/v2\/comments?post=98"}],"wp:featuredmedia":[{"embeddable":true,"href":"https:\/\/portlandmachinery.com\/de\/wp-json\/wp\/v2\/media\/18"}],"wp:attachment":[{"href":"https:\/\/portlandmachinery.com\/de\/wp-json\/wp\/v2\/media?parent=98"}],"wp:term":[{"taxonomy":"product_brand","embeddable":true,"href":"https:\/\/portlandmachinery.com\/de\/wp-json\/wp\/v2\/product_brand?post=98"},{"taxonomy":"product_cat","embeddable":true,"href":"https:\/\/portlandmachinery.com\/de\/wp-json\/wp\/v2\/product_cat?post=98"},{"taxonomy":"product_tag","embeddable":true,"href":"https:\/\/portlandmachinery.com\/de\/wp-json\/wp\/v2\/product_tag?post=98"}],"curies":[{"name":"wp","href":"https:\/\/api.w.org\/{rel}","templated":true}]}}