{"id":267,"date":"2023-04-30T11:30:05","date_gmt":"2023-04-30T09:30:05","guid":{"rendered":"https:\/\/portlandmachinery.com\/?page_id=267"},"modified":"2023-05-16T10:13:16","modified_gmt":"2023-05-16T08:13:16","slug":"kapcsolat","status":"publish","type":"page","link":"https:\/\/portlandmachinery.com\/en\/kapcsolat\/","title":{"rendered":"Contact"},"content":{"rendered":"<div data-elementor-type=\"wp-page\" data-elementor-id=\"267\" class=\"elementor elementor-267\" data-elementor-post-type=\"page\">\n\t\t\t\t<div class=\"elementor-element elementor-element-c07b2d3 e-flex e-con-boxed e-con e-parent\" data-id=\"c07b2d3\" data-element_type=\"container\" data-e-type=\"container\">\n\t\t\t\t\t<div class=\"e-con-inner\">\n\t\t\t\t<div class=\"elementor-element elementor-element-1326776 elementor-widget elementor-widget-heading\" data-id=\"1326776\" data-element_type=\"widget\" data-e-type=\"widget\" data-widget_type=\"heading.default\">\n\t\t\t\t<div class=\"elementor-widget-container\">\n\t\t\t\t\t<h2 class=\"elementor-heading-title elementor-size-default\">CONTACT<\/h2>\t\t\t\t<\/div>\n\t\t\t\t<\/div>\n\t\t\t\t\t<\/div>\n\t\t\t\t<\/div>\n\t\t<div class=\"elementor-element elementor-element-715a235 e-flex e-con-boxed e-con e-parent\" data-id=\"715a235\" data-element_type=\"container\" data-e-type=\"container\">\n\t\t\t\t\t<div class=\"e-con-inner\">\n\t\t<div class=\"elementor-element elementor-element-15b1d24 e-con-full e-flex e-con e-child\" data-id=\"15b1d24\" data-element_type=\"container\" data-e-type=\"container\">\n\t\t\t\t<div class=\"elementor-element elementor-element-eb9be7c elementor-widget elementor-widget-heading\" data-id=\"eb9be7c\" data-element_type=\"widget\" data-e-type=\"widget\" data-widget_type=\"heading.default\">\n\t\t\t\t<div class=\"elementor-widget-container\">\n\t\t\t\t\t<h2 class=\"elementor-heading-title elementor-size-default\">HUNGARY<\/h2>\t\t\t\t<\/div>\n\t\t\t\t<\/div>\n\t\t\t\t<div class=\"elementor-element elementor-element-bae0e19 elementor-widget elementor-widget-text-editor\" data-id=\"bae0e19\" data-element_type=\"widget\" data-e-type=\"widget\" data-widget_type=\"text-editor.default\">\n\t\t\t\t<div class=\"elementor-widget-container\">\n\t\t\t\t\t\t\t\t\t<p>Portland Machinery Trading Europe Kft.<\/p><p>Address: 1184 Budapest, \u00dcll\u00f6i \u00fat 312.<\/p><p>Phone:<br \/>+36 30 230 1660<\/p><p>Email: <a href=\"mailto:info@portlandmachinery.com\">info@portlandmachinery.com<\/a><\/p>\t\t\t\t\t\t\t\t<\/div>\n\t\t\t\t<\/div>\n\t\t\t\t<div class=\"elementor-element elementor-element-a7d7f25 elementor-widget elementor-widget-google_maps\" data-id=\"a7d7f25\" data-element_type=\"widget\" data-e-type=\"widget\" data-widget_type=\"google_maps.default\">\n\t\t\t\t<div class=\"elementor-widget-container\">\n\t\t\t\t\t\t\t<div class=\"elementor-custom-embed\">\n\t\t\t<iframe loading=\"lazy\"\n\t\t\t\t\tsrc=\"https:\/\/maps.google.com\/maps?q=%20info%40portlandmachinery.com&#038;t=m&#038;z=10&#038;output=embed&#038;iwloc=near\"\n\t\t\t\t\ttitle=\" info@portlandmachinery.com\"\n\t\t\t\t\taria-label=\" info@portlandmachinery.com\"\n\t\t\t><\/iframe>\n\t\t<\/div>\n\t\t\t\t\t\t<\/div>\n\t\t\t\t<\/div>\n\t\t\t\t<\/div>\n\t\t<div class=\"elementor-element elementor-element-b5d885a e-con-full e-flex e-con e-child\" data-id=\"b5d885a\" data-element_type=\"container\" data-e-type=\"container\">\n\t\t\t\t<div class=\"elementor-element elementor-element-b7fe68e elementor-widget elementor-widget-heading\" data-id=\"b7fe68e\" data-element_type=\"widget\" data-e-type=\"widget\" data-widget_type=\"heading.default\">\n\t\t\t\t<div class=\"elementor-widget-container\">\n\t\t\t\t\t<h2 class=\"elementor-heading-title elementor-size-default\">ROMANIA<\/h2>\t\t\t\t<\/div>\n\t\t\t\t<\/div>\n\t\t\t\t<div class=\"elementor-element elementor-element-700835f elementor-widget elementor-widget-text-editor\" data-id=\"700835f\" data-element_type=\"widget\" data-e-type=\"widget\" data-widget_type=\"text-editor.default\">\n\t\t\t\t<div class=\"elementor-widget-container\">\n\t\t\t\t\t\t\t\t\t<p>SC Motor Force Impex SRL<\/p><p>Address: Strada Plevnei 83, Cluj-Napoca 400394<\/p><p>Phone\/fax<br \/>0264 412 530, 0264 480 168<\/p><p>Email: <a href=\"mailto:office@motorforce.ro\">office@motorforce.ro<\/a><\/p>\t\t\t\t\t\t\t\t<\/div>\n\t\t\t\t<\/div>\n\t\t\t\t<div class=\"elementor-element elementor-element-7c4c43d elementor-widget elementor-widget-google_maps\" data-id=\"7c4c43d\" data-element_type=\"widget\" data-e-type=\"widget\" data-widget_type=\"google_maps.default\">\n\t\t\t\t<div class=\"elementor-widget-container\">\n\t\t\t\t\t\t\t<div class=\"elementor-custom-embed\">\n\t\t\t<iframe loading=\"lazy\"\n\t\t\t\t\tsrc=\"https:\/\/maps.google.com\/maps?q=Strada%20Plevnei%2083%2C%20Cluj-Napoca%20400394&#038;t=m&#038;z=10&#038;output=embed&#038;iwloc=near\"\n\t\t\t\t\ttitle=\"Strada Plevnei 83, Cluj-Napoca 400394\"\n\t\t\t\t\taria-label=\"Strada Plevnei 83, Cluj-Napoca 400394\"\n\t\t\t><\/iframe>\n\t\t<\/div>\n\t\t\t\t\t\t<\/div>\n\t\t\t\t<\/div>\n\t\t\t\t<\/div>\n\t\t<div class=\"elementor-element elementor-element-a6cc0a0 e-con-full e-flex e-con e-child\" data-id=\"a6cc0a0\" data-element_type=\"container\" data-e-type=\"container\">\n\t\t\t\t<div class=\"elementor-element elementor-element-a377305 elementor-widget elementor-widget-heading\" data-id=\"a377305\" data-element_type=\"widget\" data-e-type=\"widget\" data-widget_type=\"heading.default\">\n\t\t\t\t<div class=\"elementor-widget-container\">\n\t\t\t\t\t<h2 class=\"elementor-heading-title elementor-size-default\">SERBIA<\/h2>\t\t\t\t<\/div>\n\t\t\t\t<\/div>\n\t\t\t\t<div class=\"elementor-element elementor-element-b3dc354 elementor-widget elementor-widget-text-editor\" data-id=\"b3dc354\" data-element_type=\"widget\" data-e-type=\"widget\" data-widget_type=\"text-editor.default\">\n\t\t\t\t<div class=\"elementor-widget-container\">\n\t\t\t\t\t\t\t\t\t<p>Horoszcoop d.o.o.<\/p><p>Address: Petefi \u0160andora 47, 24400 Senta, Srbija<\/p><p>Phone: <br \/>+381 24 813 135<\/p><p>Email: office@horoszcoop.co.rs<\/p>\t\t\t\t\t\t\t\t<\/div>\n\t\t\t\t<\/div>\n\t\t\t\t<div class=\"elementor-element elementor-element-8c4d9e2 elementor-widget elementor-widget-google_maps\" data-id=\"8c4d9e2\" data-element_type=\"widget\" data-e-type=\"widget\" data-widget_type=\"google_maps.default\">\n\t\t\t\t<div class=\"elementor-widget-container\">\n\t\t\t\t\t\t\t<div class=\"elementor-custom-embed\">\n\t\t\t<iframe loading=\"lazy\"\n\t\t\t\t\tsrc=\"https:\/\/maps.google.com\/maps?q=Petefi%20%C5%A0andora%2047%2C%2024400%20Senta%2C%20Srbija&#038;t=m&#038;z=10&#038;output=embed&#038;iwloc=near\"\n\t\t\t\t\ttitle=\"Petefi \u0160andora 47, 24400 Senta, Srbija\"\n\t\t\t\t\taria-label=\"Petefi \u0160andora 47, 24400 Senta, Srbija\"\n\t\t\t><\/iframe>\n\t\t<\/div>\n\t\t\t\t\t\t<\/div>\n\t\t\t\t<\/div>\n\t\t\t\t<\/div>\n\t\t\t\t\t<\/div>\n\t\t\t\t<\/div>\n\t\t\t\t<\/div>","protected":false},"excerpt":{"rendered":"<p>KAPCSOLAT MAGYARORSZ\u00c1G Portland Machinery Trading Europe Kft. C\u00edm: 1184 Budapest, \u00dcll\u00f6i \u00fat 312. Telefon:+36 30 230 1660 Email: info@portlandmachinery.com ROM\u00c1NIA SC Motor Force Impex SRL C\u00edm: Strada Plevnei 83, Cluj-Napoca 400394 Telefon\/fax:0264 412 530, 0264 480 168 Email: office@motorforce.ro SZERBIA Horoszcoop d.o.o. C\u00edm: Petefi \u0160andora 47, 24400 Senta, Srbija Telefon: +381 24 813 135 Email: &#8230; <a title=\"Contact\" class=\"read-more\" href=\"https:\/\/portlandmachinery.com\/en\/kapcsolat\/\" aria-label=\"Read more about Kapcsolat\">Olvass tov\u00e1bb<\/a><\/p>","protected":false},"author":1,"featured_media":0,"parent":0,"menu_order":0,"comment_status":"closed","ping_status":"closed","template":"elementor_header_footer","meta":{"_seopress_robots_primary_cat":"","_seopress_titles_title":"","_seopress_titles_desc":"","_seopress_robots_index":"","footnotes":""},"class_list":["post-267","page","type-page","status-publish"],"_links":{"self":[{"href":"https:\/\/portlandmachinery.com\/en\/wp-json\/wp\/v2\/pages\/267","targetHints":{"allow":["GET"]}}],"collection":[{"href":"https:\/\/portlandmachinery.com\/en\/wp-json\/wp\/v2\/pages"}],"about":[{"href":"https:\/\/portlandmachinery.com\/en\/wp-json\/wp\/v2\/types\/page"}],"author":[{"embeddable":true,"href":"https:\/\/portlandmachinery.com\/en\/wp-json\/wp\/v2\/users\/1"}],"replies":[{"embeddable":true,"href":"https:\/\/portlandmachinery.com\/en\/wp-json\/wp\/v2\/comments?post=267"}],"version-history":[{"count":9,"href":"https:\/\/portlandmachinery.com\/en\/wp-json\/wp\/v2\/pages\/267\/revisions"}],"predecessor-version":[{"id":608,"href":"https:\/\/portlandmachinery.com\/en\/wp-json\/wp\/v2\/pages\/267\/revisions\/608"}],"wp:attachment":[{"href":"https:\/\/portlandmachinery.com\/en\/wp-json\/wp\/v2\/media?parent=267"}],"curies":[{"name":"wp","href":"https:\/\/api.w.org\/{rel}","templated":true}]}}