{"id":489,"date":"2023-04-30T17:41:44","date_gmt":"2023-04-30T15:41:44","guid":{"rendered":"https:\/\/portlandmachinery.com\/?page_id=489"},"modified":"2023-05-16T09:50:15","modified_gmt":"2023-05-16T07:50:15","slug":"tamogatas","status":"publish","type":"page","link":"https:\/\/portlandmachinery.com\/en\/tamogatas\/","title":{"rendered":"SUPPORT"},"content":{"rendered":"<div data-elementor-type=\"wp-page\" data-elementor-id=\"489\" class=\"elementor elementor-489\" data-elementor-post-type=\"page\">\n\t\t\t\t<div class=\"elementor-element elementor-element-5ad1f16 e-flex e-con-boxed e-con e-parent\" data-id=\"5ad1f16\" data-element_type=\"container\" data-e-type=\"container\">\n\t\t\t\t\t<div class=\"e-con-inner\">\n\t\t\t\t<div class=\"elementor-element elementor-element-1e0e5a7 elementor-grid-3 elementor-grid-tablet-2 elementor-grid-mobile-1 elementor-posts--thumbnail-top elementor-card-shadow-yes elementor-posts__hover-gradient elementor-widget elementor-widget-posts\" data-id=\"1e0e5a7\" data-element_type=\"widget\" data-e-type=\"widget\" data-settings=\"{&quot;cards_columns&quot;:&quot;3&quot;,&quot;cards_columns_tablet&quot;:&quot;2&quot;,&quot;cards_columns_mobile&quot;:&quot;1&quot;,&quot;cards_row_gap&quot;:{&quot;unit&quot;:&quot;px&quot;,&quot;size&quot;:35,&quot;sizes&quot;:[]},&quot;cards_row_gap_tablet&quot;:{&quot;unit&quot;:&quot;px&quot;,&quot;size&quot;:&quot;&quot;,&quot;sizes&quot;:[]},&quot;cards_row_gap_mobile&quot;:{&quot;unit&quot;:&quot;px&quot;,&quot;size&quot;:&quot;&quot;,&quot;sizes&quot;:[]}}\" data-widget_type=\"posts.cards\">\n\t\t\t\t<div class=\"elementor-widget-container\">\n\t\t\t\t\t\t\t<div class=\"elementor-posts-container elementor-posts elementor-posts--skin-cards elementor-grid\" role=\"list\">\n\t\t\t\t<article class=\"elementor-post elementor-grid-item post-510 post type-post status-publish format-standard hentry category-egyeb\" role=\"listitem\">\n\t\t\t<div class=\"elementor-post__card\">\n\t\t\t\t<div class=\"elementor-post__text\">\n\t\t\t\t<h3 class=\"elementor-post__title\">\n\t\t\t<a href=\"https:\/\/portlandmachinery.com\/en\/megfontolando-a-biztonsag\/\" >\n\t\t\t\tConsider: safety\t\t\t<\/a>\n\t\t<\/h3>\n\t\t\t\t<div class=\"elementor-post__excerpt\">\n\t\t\t<p>SAFETY FIRST! Perhaps it cannot be emphasized enough that a chainsaw is not a toy! In any case, carefully study the user manual supplied with your chainsaw! Follow the manufacturer's instructions exactly for chain alignment, oiling, and any other maintenance instructions. The information that follows is not a substitute for the information provided by the manufacturer for your specific chainsaw<\/p>\n\t\t<\/div>\n\t\t\t\t\t<div class=\"elementor-post__read-more-wrapper\">\n\t\t\n\t\t<a class=\"elementor-post__read-more\" href=\"https:\/\/portlandmachinery.com\/en\/megfontolando-a-biztonsag\/\" aria-label=\"Read more about Megfontoland\u00f3: a biztons\u00e1g\" tabindex=\"-1\" >\n\t\t\t&gt;&gt;&gt;\t\t<\/a>\n\n\t\t\t\t\t<\/div>\n\t\t\t\t<\/div>\n\t\t\t\t\t<\/div>\n\t\t<\/article>\n\t\t\t\t<article class=\"elementor-post elementor-grid-item post-508 post type-post status-publish format-standard hentry category-egyeb\" role=\"listitem\">\n\t\t\t<div class=\"elementor-post__card\">\n\t\t\t\t<div class=\"elementor-post__text\">\n\t\t\t\t<h3 class=\"elementor-post__title\">\n\t\t\t<a href=\"https:\/\/portlandmachinery.com\/en\/lancfuresz-karbantartas\/\" >\n\t\t\t\tChainsaw Maintenance\t\t\t<\/a>\n\t\t<\/h3>\n\t\t\t\t<div class=\"elementor-post__excerpt\">\n\t\t\t<p>How do I keep my saw safe? The chainsaw, like any working machine with an explosive engine, requires mandatory periodic maintenance in order to function properly. Among the maintenance works, the most important is the maintenance of the proper chain alignment, which we discussed previously. The maintenance of the chain guide is integrally linked to this. The following steps can greatly increase the life of our chain guide and ensure consistent cutting performance - sharp chain only of course<\/p>\n\t\t<\/div>\n\t\t\t\t\t<div class=\"elementor-post__read-more-wrapper\">\n\t\t\n\t\t<a class=\"elementor-post__read-more\" href=\"https:\/\/portlandmachinery.com\/en\/lancfuresz-karbantartas\/\" aria-label=\"Read more about L\u00e1ncf\u0171r\u00e9sz Karbantart\u00e1s\" tabindex=\"-1\" >\n\t\t\t&gt;&gt;&gt;\t\t<\/a>\n\n\t\t\t\t\t<\/div>\n\t\t\t\t<\/div>\n\t\t\t\t\t<\/div>\n\t\t<\/article>\n\t\t\t\t<article class=\"elementor-post elementor-grid-item post-506 post type-post status-publish format-standard hentry category-egyeb\" role=\"listitem\">\n\t\t\t<div class=\"elementor-post__card\">\n\t\t\t\t<div class=\"elementor-post__text\">\n\t\t\t\t<h3 class=\"elementor-post__title\">\n\t\t\t<a href=\"https:\/\/portlandmachinery.com\/en\/tippek-es-trukkok-jotanacsok\/\" >\n\t\t\t\tTips and Tricks - Advice\t\t\t<\/a>\n\t\t<\/h3>\n\t\t\t\t<div class=\"elementor-post__excerpt\">\n\t\t\t<p>Some chainsaw tips: 1. Chainsaws are designed to cut one type of thing: wood. Do not use the machine to cut any other material and do not allow the saw to come into contact with stones or any waste material while working. Remember, the chainsaw can run at speeds of up to 80 km\/h. If it comes into contact with a rock or the ground for just one second, more than<\/p>\n\t\t<\/div>\n\t\t\t\t\t<div class=\"elementor-post__read-more-wrapper\">\n\t\t\n\t\t<a class=\"elementor-post__read-more\" href=\"https:\/\/portlandmachinery.com\/en\/tippek-es-trukkok-jotanacsok\/\" aria-label=\"Read more about Tippek \u00e9s Tr\u00fckk\u00f6k\u00a0&#8211; J\u00f3tan\u00e1csok\" tabindex=\"-1\" >\n\t\t\t&gt;&gt;&gt;\t\t<\/a>\n\n\t\t\t\t\t<\/div>\n\t\t\t\t<\/div>\n\t\t\t\t\t<\/div>\n\t\t<\/article>\n\t\t\t\t<article class=\"elementor-post elementor-grid-item post-504 post type-post status-publish format-standard hentry category-egyeb\" role=\"listitem\">\n\t\t\t<div class=\"elementor-post__card\">\n\t\t\t\t<div class=\"elementor-post__text\">\n\t\t\t\t<h3 class=\"elementor-post__title\">\n\t\t\t<a href=\"https:\/\/portlandmachinery.com\/en\/lancfureszekrol-kezdoknek\/\" >\n\t\t\t\tAbout chainsaws for beginners\t\t\t<\/a>\n\t\t<\/h3>\n\t\t\t\t<div class=\"elementor-post__excerpt\">\n\t\t\t<p>What are we looking for? A chainsaw is certainly the best tool for making fast and efficient cuts. Either way, there are definitely more ways to cut wood. Manufacturers make chainsaws with a variety of engine sizes and chain guide lengths. Which one to choose depends on the user's personal needs. If only a few branches need to be cut, then a particularly large one will not be necessary<\/p>\n\t\t<\/div>\n\t\t\t\t\t<div class=\"elementor-post__read-more-wrapper\">\n\t\t\n\t\t<a class=\"elementor-post__read-more\" href=\"https:\/\/portlandmachinery.com\/en\/lancfureszekrol-kezdoknek\/\" aria-label=\"Read more about L\u00e1ncf\u0171r\u00e9szekr\u0151l kezd\u0151knek\" tabindex=\"-1\" >\n\t\t\t&gt;&gt;&gt;\t\t<\/a>\n\n\t\t\t\t\t<\/div>\n\t\t\t\t<\/div>\n\t\t\t\t\t<\/div>\n\t\t<\/article>\n\t\t\t\t<article class=\"elementor-post elementor-grid-item post-501 post type-post status-publish format-standard hentry category-egyeb\" role=\"listitem\">\n\t\t\t<div class=\"elementor-post__card\">\n\t\t\t\t<div class=\"elementor-post__text\">\n\t\t\t\t<h3 class=\"elementor-post__title\">\n\t\t\t<a href=\"https:\/\/portlandmachinery.com\/en\/fukasza-damil-szinkod\/\" >\n\t\t\t\tTrimmer line colour code\u00a0\u00a0\t\t\t<\/a>\n\t\t<\/h3>\n\t\t\t\t<div class=\"elementor-post__excerpt\">\n\t\t\t<p>The cutting threads we sell try to serve a variety of needs, so we manufacture them in different thicknesses and profiles. Most types are packaged in 3 different lengths, so you can choose the package that suits you best. Damils \u200b\u200bwith different diameters are ideal for different purposes. It is always worth considering this when shopping! Recommended Usability according to diameter: Main beneficial properties according to damil profile:<\/p>\n\t\t<\/div>\n\t\t\t\t\t<div class=\"elementor-post__read-more-wrapper\">\n\t\t\n\t\t<a class=\"elementor-post__read-more\" href=\"https:\/\/portlandmachinery.com\/en\/fukasza-damil-szinkod\/\" aria-label=\"Read more about F\u0171kasza damil sz\u00ednk\u00f3d\u00a0\u00a0\" tabindex=\"-1\" >\n\t\t\t&gt;&gt;&gt;\t\t<\/a>\n\n\t\t\t\t\t<\/div>\n\t\t\t\t<\/div>\n\t\t\t\t\t<\/div>\n\t\t<\/article>\n\t\t\t\t<article class=\"elementor-post elementor-grid-item post-499 post type-post status-publish format-standard hentry category-egyeb\" role=\"listitem\">\n\t\t\t<div class=\"elementor-post__card\">\n\t\t\t\t<div class=\"elementor-post__text\">\n\t\t\t\t<h3 class=\"elementor-post__title\">\n\t\t\t<a href=\"https:\/\/portlandmachinery.com\/en\/terminologia-magyarazat\/\" >\n\t\t\t\tTerminology explanation\t\t\t<\/a>\n\t\t<\/h3>\n\t\t\t\t<div class=\"elementor-post__excerpt\">\n\t\t\t<p>\u00a0Terminology explanation - Saw chains In the case of ready-made chains, the chain types are to be interpreted as follows: Example: 100SG-45E 100SG = chain type 45E = number of drive links Our chain types fit perfectly with most brands of motorized and electric saws: Terminology explanation - Chain guides The product numbers of our chain guides are to be interpreted as follows: Example: OR 1438H13041<\/p>\n\t\t<\/div>\n\t\t\t\t\t<div class=\"elementor-post__read-more-wrapper\">\n\t\t\n\t\t<a class=\"elementor-post__read-more\" href=\"https:\/\/portlandmachinery.com\/en\/terminologia-magyarazat\/\" aria-label=\"Read more about Terminol\u00f3gia magyar\u00e1zat\" tabindex=\"-1\" >\n\t\t\t&gt;&gt;&gt;\t\t<\/a>\n\n\t\t\t\t\t<\/div>\n\t\t\t\t<\/div>\n\t\t\t\t\t<\/div>\n\t\t<\/article>\n\t\t\t\t<\/div>\n\t\t\n\t\t\t\t\t\t<\/div>\n\t\t\t\t<\/div>\n\t\t\t\t\t<\/div>\n\t\t\t\t<\/div>\n\t\t\t\t<\/div>","protected":false},"excerpt":{"rendered":"","protected":false},"author":1,"featured_media":0,"parent":0,"menu_order":0,"comment_status":"closed","ping_status":"closed","template":"elementor_header_footer","meta":{"_seopress_robots_primary_cat":"","_seopress_titles_title":"","_seopress_titles_desc":"","_seopress_robots_index":"","footnotes":""},"class_list":["post-489","page","type-page","status-publish","hentry"],"_links":{"self":[{"href":"https:\/\/portlandmachinery.com\/en\/wp-json\/wp\/v2\/pages\/489","targetHints":{"allow":["GET"]}}],"collection":[{"href":"https:\/\/portlandmachinery.com\/en\/wp-json\/wp\/v2\/pages"}],"about":[{"href":"https:\/\/portlandmachinery.com\/en\/wp-json\/wp\/v2\/types\/page"}],"author":[{"embeddable":true,"href":"https:\/\/portlandmachinery.com\/en\/wp-json\/wp\/v2\/users\/1"}],"replies":[{"embeddable":true,"href":"https:\/\/portlandmachinery.com\/en\/wp-json\/wp\/v2\/comments?post=489"}],"version-history":[{"count":16,"href":"https:\/\/portlandmachinery.com\/en\/wp-json\/wp\/v2\/pages\/489\/revisions"}],"predecessor-version":[{"id":601,"href":"https:\/\/portlandmachinery.com\/en\/wp-json\/wp\/v2\/pages\/489\/revisions\/601"}],"wp:attachment":[{"href":"https:\/\/portlandmachinery.com\/en\/wp-json\/wp\/v2\/media?parent=489"}],"curies":[{"name":"wp","href":"https:\/\/api.w.org\/{rel}","templated":true}]}}