{"id":161,"date":"2023-04-30T08:32:50","date_gmt":"2023-04-30T06:32:50","guid":{"rendered":"https:\/\/portlandmachinery.com\/?post_type=product&#038;p=161"},"modified":"2023-04-30T08:36:12","modified_gmt":"2023-04-30T06:36:12","slug":"portland-csillagkerek-hobby-3-8-6-fog-2","status":"publish","type":"product","link":"https:\/\/portlandmachinery.com\/en\/termek\/portland-csillagkerek-hobby-3-8-6-fog-2\/","title":{"rendered":"Portland Sproket hobby 3\/8\" 6 teeth"},"content":{"rendered":"<p>Pro Super  Sprokets bearing incl.<\/p>\n<p>More details<\/p>\n<p>Pitch 3\/8\"<br \/>\nTeeth: 6<br \/>\nTyp: \"Spur\"<br \/>\nAlkalmazhat\u00f3: McCulloch \u00e9s egy\u00e9b <br \/> The power of the chainsaw goes to the star wheel, and then the star wheel is what transfers this power to the chain saw chain, which rotates around the chain guide at high speed. Sprocket, chain and chain guide do the actual cutting work, but the most basic part of all of these is the sprocket.<\/p>","protected":false},"excerpt":{"rendered":"<p>Pitch 3\/8 inch<\/p>\n<p>Teeth 6<\/p>","protected":false},"featured_media":54,"comment_status":"open","ping_status":"closed","template":"","meta":{"_seopress_robots_primary_cat":"","_seopress_titles_title":"","_seopress_titles_desc":"","_seopress_robots_index":""},"product_brand":[],"product_cat":[21],"product_tag":[],"class_list":{"0":"post-161","1":"product","2":"type-product","3":"status-publish","4":"has-post-thumbnail","6":"product_cat-csillagkerekek","7":"","8":"woocommerce-text-align-center","9":"woocommerce-image-align-center","10":"do-quantity-buttons","12":"first","13":"instock","14":"shipping-taxable","15":"product-type-simple"},"_links":{"self":[{"href":"https:\/\/portlandmachinery.com\/en\/wp-json\/wp\/v2\/product\/161","targetHints":{"allow":["GET"]}}],"collection":[{"href":"https:\/\/portlandmachinery.com\/en\/wp-json\/wp\/v2\/product"}],"about":[{"href":"https:\/\/portlandmachinery.com\/en\/wp-json\/wp\/v2\/types\/product"}],"replies":[{"embeddable":true,"href":"https:\/\/portlandmachinery.com\/en\/wp-json\/wp\/v2\/comments?post=161"}],"wp:featuredmedia":[{"embeddable":true,"href":"https:\/\/portlandmachinery.com\/en\/wp-json\/wp\/v2\/media\/54"}],"wp:attachment":[{"href":"https:\/\/portlandmachinery.com\/en\/wp-json\/wp\/v2\/media?parent=161"}],"wp:term":[{"taxonomy":"product_brand","embeddable":true,"href":"https:\/\/portlandmachinery.com\/en\/wp-json\/wp\/v2\/product_brand?post=161"},{"taxonomy":"product_cat","embeddable":true,"href":"https:\/\/portlandmachinery.com\/en\/wp-json\/wp\/v2\/product_cat?post=161"},{"taxonomy":"product_tag","embeddable":true,"href":"https:\/\/portlandmachinery.com\/en\/wp-json\/wp\/v2\/product_tag?post=161"}],"curies":[{"name":"wp","href":"https:\/\/api.w.org\/{rel}","templated":true}]}}