{"id":182,"date":"2023-04-30T08:32:58","date_gmt":"2023-04-30T06:32:58","guid":{"rendered":"https:\/\/portlandmachinery.com\/?post_type=product&#038;p=182"},"modified":"2023-05-03T13:41:42","modified_gmt":"2023-05-03T11:41:42","slug":"portland-101vg-tekercslanc","status":"publish","type":"product","link":"https:\/\/portlandmachinery.com\/en\/termek\/portland-101vg-tekercslanc\/","title":{"rendered":"Portland 101VG reels"},"content":{"rendered":"<p>101VG is a chain designed for occasional use, but it can also be widely used for hobby chainsaws. This chain requires less force than a standard chain to make the same cut.<br \/>\nA 101VG-t elektromos l\u00e1ncf\u0171r\u00e9szekhez maximum 18&#8243; (45cm)-os l\u00e1ncvezet\u0151vel vagy legfejjebb 42cm3-es benzinmotoros f\u0171r\u00e9szekhez 16&#8243; (40cm)l\u00e1ncvezet\u0151vel aj\u00e1nljuk.<\/p>\n<p>&nbsp;<\/p>","protected":false},"excerpt":{"rendered":"<p>Specifications:<br \/>\nPitch 3\/8 inch<br \/>\nGauge: .043\" (1,3 mm)<br \/>\nIt is also available in 100-foot reels and ready-made versions. Each reel contains presets nad tie straps<\/p>","protected":false},"featured_media":22,"comment_status":"open","ping_status":"closed","template":"","meta":{"_seopress_robots_primary_cat":"","_seopress_titles_title":"","_seopress_titles_desc":"","_seopress_robots_index":""},"product_brand":[],"product_cat":[24],"product_tag":[],"class_list":{"0":"post-182","1":"product","2":"type-product","3":"status-publish","4":"has-post-thumbnail","6":"product_cat-tekercslancok","7":"","8":"woocommerce-text-align-center","9":"woocommerce-image-align-center","10":"do-quantity-buttons","12":"first","13":"instock","14":"shipping-taxable","15":"product-type-simple"},"_links":{"self":[{"href":"https:\/\/portlandmachinery.com\/en\/wp-json\/wp\/v2\/product\/182","targetHints":{"allow":["GET"]}}],"collection":[{"href":"https:\/\/portlandmachinery.com\/en\/wp-json\/wp\/v2\/product"}],"about":[{"href":"https:\/\/portlandmachinery.com\/en\/wp-json\/wp\/v2\/types\/product"}],"replies":[{"embeddable":true,"href":"https:\/\/portlandmachinery.com\/en\/wp-json\/wp\/v2\/comments?post=182"}],"wp:featuredmedia":[{"embeddable":true,"href":"https:\/\/portlandmachinery.com\/en\/wp-json\/wp\/v2\/media\/22"}],"wp:attachment":[{"href":"https:\/\/portlandmachinery.com\/en\/wp-json\/wp\/v2\/media?parent=182"}],"wp:term":[{"taxonomy":"product_brand","embeddable":true,"href":"https:\/\/portlandmachinery.com\/en\/wp-json\/wp\/v2\/product_brand?post=182"},{"taxonomy":"product_cat","embeddable":true,"href":"https:\/\/portlandmachinery.com\/en\/wp-json\/wp\/v2\/product_cat?post=182"},{"taxonomy":"product_tag","embeddable":true,"href":"https:\/\/portlandmachinery.com\/en\/wp-json\/wp\/v2\/product_tag?post=182"}],"curies":[{"name":"wp","href":"https:\/\/api.w.org\/{rel}","templated":true}]}}