{"id":84,"date":"2023-04-30T08:32:19","date_gmt":"2023-04-30T06:32:19","guid":{"rendered":"https:\/\/portlandmachinery.com\/?post_type=product&#038;p=84"},"modified":"2023-05-03T13:29:06","modified_gmt":"2023-05-03T11:29:06","slug":"portland-15325sp15095-lancvezeto","status":"publish","type":"product","link":"https:\/\/portlandmachinery.com\/en\/termek\/portland-15325sp15095-lancvezeto\/","title":{"rendered":"Portland 15325SP15095 bar"},"content":{"rendered":"<div align=\"left\">Hossz: 15\u201d (35cm)<br \/>\nL\u00e1ncoszt\u00e1s: .325\u201d<br \/>\nFelhaszn\u00e1l\u00e1s: F\u00e9l-Profi<br \/>\nNutsz\u00e9less\u00e9g: 1,5mm (0,058\u201d)<\/div>\n<div><\/div>\n<div align=\"left\">More details<\/div>\n<div><\/div>\n<div align=\"left\">Motor connection: 095<br \/>\nApplicable: Al-ko, Alpina, Dolmar, Homelite, Husqvarna, Jonsered, McCulloch, Oleo-Mac, Partner, Shindaiwa, etc.<\/div>","protected":false},"excerpt":{"rendered":"<p>Lenght (cm) 38<\/p>\n<p>Pitch (col) 0,325<\/p>\n<p>Gauge (mm) 1,5<\/p>","protected":false},"featured_media":17,"comment_status":"open","ping_status":"closed","template":"","meta":{"_seopress_robots_primary_cat":"","_seopress_titles_title":"","_seopress_titles_desc":"","_seopress_robots_index":""},"product_brand":[],"product_cat":[18],"product_tag":[],"class_list":{"0":"post-84","1":"product","2":"type-product","3":"status-publish","4":"has-post-thumbnail","6":"product_cat-lancvezetok","7":"","8":"woocommerce-text-align-center","9":"woocommerce-image-align-center","10":"do-quantity-buttons","12":"first","13":"instock","14":"shipping-taxable","15":"product-type-simple"},"_links":{"self":[{"href":"https:\/\/portlandmachinery.com\/en\/wp-json\/wp\/v2\/product\/84","targetHints":{"allow":["GET"]}}],"collection":[{"href":"https:\/\/portlandmachinery.com\/en\/wp-json\/wp\/v2\/product"}],"about":[{"href":"https:\/\/portlandmachinery.com\/en\/wp-json\/wp\/v2\/types\/product"}],"replies":[{"embeddable":true,"href":"https:\/\/portlandmachinery.com\/en\/wp-json\/wp\/v2\/comments?post=84"}],"wp:featuredmedia":[{"embeddable":true,"href":"https:\/\/portlandmachinery.com\/en\/wp-json\/wp\/v2\/media\/17"}],"wp:attachment":[{"href":"https:\/\/portlandmachinery.com\/en\/wp-json\/wp\/v2\/media?parent=84"}],"wp:term":[{"taxonomy":"product_brand","embeddable":true,"href":"https:\/\/portlandmachinery.com\/en\/wp-json\/wp\/v2\/product_brand?post=84"},{"taxonomy":"product_cat","embeddable":true,"href":"https:\/\/portlandmachinery.com\/en\/wp-json\/wp\/v2\/product_cat?post=84"},{"taxonomy":"product_tag","embeddable":true,"href":"https:\/\/portlandmachinery.com\/en\/wp-json\/wp\/v2\/product_tag?post=84"}],"curies":[{"name":"wp","href":"https:\/\/api.w.org\/{rel}","templated":true}]}}