{"id":198,"date":"2023-04-30T08:47:25","date_gmt":"2023-04-30T06:47:25","guid":{"rendered":"https:\/\/portlandmachinery.com\/?page_id=198"},"modified":"2023-05-03T06:33:39","modified_gmt":"2023-05-03T04:33:39","slug":"kezdolap","status":"publish","type":"page","link":"https:\/\/portlandmachinery.com\/ro\/","title":{"rendered":"Pagina de start"},"content":{"rendered":"<div data-elementor-type=\"wp-page\" data-elementor-id=\"198\" class=\"elementor elementor-198\" data-elementor-post-type=\"page\">\n\t\t\t\t<div class=\"elementor-element elementor-element-565257e e-con-full e-flex elementor-invisible e-con e-parent\" data-id=\"565257e\" data-element_type=\"container\" data-e-type=\"container\" data-settings=\"{&quot;background_background&quot;:&quot;classic&quot;,&quot;animation&quot;:&quot;fadeInDown&quot;,&quot;shape_divider_top&quot;:&quot;opacity-tilt&quot;}\">\n\t\t\t\t<div class=\"elementor-shape elementor-shape-top\" aria-hidden=\"true\" data-negative=\"false\">\n\t\t\t<svg xmlns=\"http:\/\/www.w3.org\/2000\/svg\" viewbox=\"0 0 2600 131.1\" preserveaspectratio=\"none\">\n\t<path class=\"elementor-shape-fill\" d=\"M0 0L2600 0 2600 69.1 0 0z\"\/>\n\t<path class=\"elementor-shape-fill\" style=\"opacity:0.5\" d=\"M0 0L2600 0 2600 69.1 0 69.1z\"\/>\n\t<path class=\"elementor-shape-fill\" style=\"opacity:0.25\" d=\"M2600 0L0 0 0 130.1 2600 69.1z\"\/>\n<\/svg>\t\t<\/div>\n\t\t\t\t<div class=\"elementor-element elementor-element-b7ef62e elementor-widget elementor-widget-spacer\" data-id=\"b7ef62e\" data-element_type=\"widget\" data-e-type=\"widget\" data-widget_type=\"spacer.default\">\n\t\t\t\t<div class=\"elementor-widget-container\">\n\t\t\t\t\t\t\t<div class=\"elementor-spacer\">\n\t\t\t<div class=\"elementor-spacer-inner\"><\/div>\n\t\t<\/div>\n\t\t\t\t\t\t<\/div>\n\t\t\t\t<\/div>\n\t\t\t\t<\/div>\n\t\t<div class=\"elementor-element elementor-element-ce2ac10 e-flex e-con-boxed elementor-invisible e-con e-parent\" data-id=\"ce2ac10\" data-element_type=\"container\" data-e-type=\"container\" data-settings=\"{&quot;animation&quot;:&quot;bounceInUp&quot;}\">\n\t\t\t\t\t<div class=\"e-con-inner\">\n\t\t<div class=\"elementor-element elementor-element-24d5c0e e-con-full e-flex e-con e-child\" data-id=\"24d5c0e\" data-element_type=\"container\" data-e-type=\"container\">\n\t\t\t\t<div class=\"elementor-element elementor-element-de694b5 elementor-widget elementor-widget-image\" data-id=\"de694b5\" data-element_type=\"widget\" data-e-type=\"widget\" data-widget_type=\"image.default\">\n\t\t\t\t<div class=\"elementor-widget-container\">\n\t\t\t\t\t\t\t\t\t\t\t\t\t\t\t\t<a href=\"https:\/\/portlandmachinery.com\/ro\/termekkategoria\/funyiro-traktorok\/\">\n\t\t\t\t\t\t\t<img fetchpriority=\"high\" decoding=\"async\" width=\"500\" height=\"500\" src=\"https:\/\/portlandmachinery.com\/wp-content\/uploads\/2023\/04\/fugyujtos_webshop_kep_H9212RD.jpg\" class=\"attachment-large size-large wp-image-23\" alt=\"Portland Machinery f\u0171ny\u00edr\u00f3 traktor\" \/>\t\t\t\t\t\t\t\t<\/a>\n\t\t\t\t\t\t\t\t\t\t\t\t\t\t\t<\/div>\n\t\t\t\t<\/div>\n\t\t\t\t<div class=\"elementor-element elementor-element-208595d elementor-widget elementor-widget-heading\" data-id=\"208595d\" data-element_type=\"widget\" data-e-type=\"widget\" data-widget_type=\"heading.default\">\n\t\t\t\t<div class=\"elementor-widget-container\">\n\t\t\t\t\t<h2 class=\"elementor-heading-title elementor-size-default\">Tractora\u0219e de tuns gazon<\/h2>\t\t\t\t<\/div>\n\t\t\t\t<\/div>\n\t\t\t\t<\/div>\n\t\t<div class=\"elementor-element elementor-element-80f4795 e-con-full e-flex e-con e-child\" data-id=\"80f4795\" data-element_type=\"container\" data-e-type=\"container\">\n\t\t\t\t<div class=\"elementor-element elementor-element-f2d30f4 elementor-widget elementor-widget-image\" data-id=\"f2d30f4\" data-element_type=\"widget\" data-e-type=\"widget\" data-widget_type=\"image.default\">\n\t\t\t\t<div class=\"elementor-widget-container\">\n\t\t\t\t\t\t\t\t\t\t\t\t\t\t\t\t<a href=\"https:\/\/portlandmachinery.com\/ro\/termekkategoria\/lancvezetok\/\">\n\t\t\t\t\t\t\t<img decoding=\"async\" width=\"500\" height=\"500\" src=\"https:\/\/portlandmachinery.com\/wp-content\/uploads\/2023\/04\/vezeto.jpg\" class=\"attachment-large size-large wp-image-17\" alt=\"Portland Machinery l\u00e1ncvezet\u0151k\" \/>\t\t\t\t\t\t\t\t<\/a>\n\t\t\t\t\t\t\t\t\t\t\t\t\t\t\t<\/div>\n\t\t\t\t<\/div>\n\t\t\t\t<div class=\"elementor-element elementor-element-49d6ea7 elementor-widget elementor-widget-heading\" data-id=\"49d6ea7\" data-element_type=\"widget\" data-e-type=\"widget\" data-widget_type=\"heading.default\">\n\t\t\t\t<div class=\"elementor-widget-container\">\n\t\t\t\t\t<h2 class=\"elementor-heading-title elementor-size-default\">Lame ghidaj pentru drujbe<\/h2>\t\t\t\t<\/div>\n\t\t\t\t<\/div>\n\t\t\t\t<\/div>\n\t\t<div class=\"elementor-element elementor-element-98a3dc3 e-con-full e-flex e-con e-child\" data-id=\"98a3dc3\" data-element_type=\"container\" data-e-type=\"container\">\n\t\t\t\t<div class=\"elementor-element elementor-element-457cb5f elementor-widget elementor-widget-image\" data-id=\"457cb5f\" data-element_type=\"widget\" data-e-type=\"widget\" data-widget_type=\"image.default\">\n\t\t\t\t<div class=\"elementor-widget-container\">\n\t\t\t\t\t\t\t\t\t\t\t\t\t\t\t\t<a href=\"https:\/\/portlandmachinery.com\/ro\/termekkategoria\/fureszlancok\/\">\n\t\t\t\t\t\t\t<img decoding=\"async\" width=\"500\" height=\"500\" src=\"https:\/\/portlandmachinery.com\/wp-content\/uploads\/2023\/04\/lanc.jpg\" class=\"attachment-large size-large wp-image-18\" alt=\"Portland Machinery f\u0171r\u00e9szl\u00e1ncok\" \/>\t\t\t\t\t\t\t\t<\/a>\n\t\t\t\t\t\t\t\t\t\t\t\t\t\t\t<\/div>\n\t\t\t\t<\/div>\n\t\t\t\t<div class=\"elementor-element elementor-element-2b0fc1e elementor-widget elementor-widget-heading\" data-id=\"2b0fc1e\" data-element_type=\"widget\" data-e-type=\"widget\" data-widget_type=\"heading.default\">\n\t\t\t\t<div class=\"elementor-widget-container\">\n\t\t\t\t\t<h2 class=\"elementor-heading-title elementor-size-default\">Lan\u021buri pentru drujbe<\/h2>\t\t\t\t<\/div>\n\t\t\t\t<\/div>\n\t\t\t\t<\/div>\n\t\t<div class=\"elementor-element elementor-element-f4530d1 e-con-full e-flex e-con e-child\" data-id=\"f4530d1\" data-element_type=\"container\" data-e-type=\"container\">\n\t\t\t\t<div class=\"elementor-element elementor-element-cb1c72e elementor-widget elementor-widget-image\" data-id=\"cb1c72e\" data-element_type=\"widget\" data-e-type=\"widget\" data-widget_type=\"image.default\">\n\t\t\t\t<div class=\"elementor-widget-container\">\n\t\t\t\t\t\t\t\t\t\t\t\t\t\t\t\t<a href=\"https:\/\/portlandmachinery.com\/ro\/termekkategoria\/csillagkerekek\/\">\n\t\t\t\t\t\t\t<img loading=\"lazy\" decoding=\"async\" width=\"500\" height=\"500\" src=\"https:\/\/portlandmachinery.com\/wp-content\/uploads\/2023\/04\/csilagkerek.jpg\" class=\"attachment-large size-large wp-image-19\" alt=\"Portland Machinery csillagker\u00e9k\" \/>\t\t\t\t\t\t\t\t<\/a>\n\t\t\t\t\t\t\t\t\t\t\t\t\t\t\t<\/div>\n\t\t\t\t<\/div>\n\t\t\t\t<div class=\"elementor-element elementor-element-f8a3b38 elementor-widget elementor-widget-heading\" data-id=\"f8a3b38\" data-element_type=\"widget\" data-e-type=\"widget\" data-widget_type=\"heading.default\">\n\t\t\t\t<div class=\"elementor-widget-container\">\n\t\t\t\t\t<h2 class=\"elementor-heading-title elementor-size-default\">Carcase ambreiaj<\/h2>\t\t\t\t<\/div>\n\t\t\t\t<\/div>\n\t\t\t\t<\/div>\n\t\t<div class=\"elementor-element elementor-element-dbe6236 e-con-full e-flex e-con e-child\" data-id=\"dbe6236\" data-element_type=\"container\" data-e-type=\"container\">\n\t\t\t\t<div class=\"elementor-element elementor-element-628ff04 elementor-widget elementor-widget-image\" data-id=\"628ff04\" data-element_type=\"widget\" data-e-type=\"widget\" data-widget_type=\"image.default\">\n\t\t\t\t<div class=\"elementor-widget-container\">\n\t\t\t\t\t\t\t\t\t\t\t\t\t\t\t\t<a href=\"https:\/\/portlandmachinery.com\/ro\/termekkategoria\/betetgyuruk\/\">\n\t\t\t\t\t\t\t<img loading=\"lazy\" decoding=\"async\" width=\"500\" height=\"500\" src=\"https:\/\/portlandmachinery.com\/wp-content\/uploads\/2023\/04\/betetgyuru.jpg\" class=\"attachment-large size-large wp-image-20\" alt=\"bet\u00e9tgy\u0171r\u0171\" \/>\t\t\t\t\t\t\t\t<\/a>\n\t\t\t\t\t\t\t\t\t\t\t\t\t\t\t<\/div>\n\t\t\t\t<\/div>\n\t\t\t\t<div class=\"elementor-element elementor-element-38a5c90 elementor-widget elementor-widget-heading\" data-id=\"38a5c90\" data-element_type=\"widget\" data-e-type=\"widget\" data-widget_type=\"heading.default\">\n\t\t\t\t<div class=\"elementor-widget-container\">\n\t\t\t\t\t<h2 class=\"elementor-heading-title elementor-size-default\">Roti\u021be motrice (\u0219prochet)<\/h2>\t\t\t\t<\/div>\n\t\t\t\t<\/div>\n\t\t\t\t<\/div>\n\t\t<div class=\"elementor-element elementor-element-b79205c e-con-full e-flex e-con e-child\" data-id=\"b79205c\" data-element_type=\"container\" data-e-type=\"container\">\n\t\t\t\t<div class=\"elementor-element elementor-element-6ff8dcf elementor-widget elementor-widget-image\" data-id=\"6ff8dcf\" data-element_type=\"widget\" data-e-type=\"widget\" data-widget_type=\"image.default\">\n\t\t\t\t<div class=\"elementor-widget-container\">\n\t\t\t\t\t\t\t\t\t\t\t\t\t\t\t\t<a href=\"https:\/\/portlandmachinery.com\/ro\/termekkategoria\/olajok-es-kenoanyagok\/\">\n\t\t\t\t\t\t\t<img loading=\"lazy\" decoding=\"async\" width=\"500\" height=\"500\" src=\"https:\/\/portlandmachinery.com\/wp-content\/uploads\/2023\/04\/olaj.jpg\" class=\"attachment-large size-large wp-image-15\" alt=\"Portland Machinery Olajok \u00e9s ken\u0151anyagok\" \/>\t\t\t\t\t\t\t\t<\/a>\n\t\t\t\t\t\t\t\t\t\t\t\t\t\t\t<\/div>\n\t\t\t\t<\/div>\n\t\t\t\t<div class=\"elementor-element elementor-element-83d1b0b elementor-widget elementor-widget-heading\" data-id=\"83d1b0b\" data-element_type=\"widget\" data-e-type=\"widget\" data-widget_type=\"heading.default\">\n\t\t\t\t<div class=\"elementor-widget-container\">\n\t\t\t\t\t<h2 class=\"elementor-heading-title elementor-size-default\">- lubrifian\u021bi<\/h2>\t\t\t\t<\/div>\n\t\t\t\t<\/div>\n\t\t\t\t<\/div>\n\t\t<div class=\"elementor-element elementor-element-ebc4f40 e-con-full e-flex e-con e-child\" data-id=\"ebc4f40\" data-element_type=\"container\" data-e-type=\"container\">\n\t\t\t\t<div class=\"elementor-element elementor-element-9e96241 elementor-widget elementor-widget-image\" data-id=\"9e96241\" data-element_type=\"widget\" data-e-type=\"widget\" data-widget_type=\"image.default\">\n\t\t\t\t<div class=\"elementor-widget-container\">\n\t\t\t\t\t\t\t\t\t\t\t\t\t\t\t\t<a href=\"https:\/\/portlandmachinery.com\/ro\/termekkategoria\/fukasza-damilok\/\">\n\t\t\t\t\t\t\t<img loading=\"lazy\" decoding=\"async\" width=\"500\" height=\"500\" src=\"https:\/\/portlandmachinery.com\/wp-content\/uploads\/2023\/04\/damilok.jpg\" class=\"attachment-large size-large wp-image-21\" alt=\"Portland Machinery f\u0171kasza damil\" \/>\t\t\t\t\t\t\t\t<\/a>\n\t\t\t\t\t\t\t\t\t\t\t\t\t\t\t<\/div>\n\t\t\t\t<\/div>\n\t\t\t\t<div class=\"elementor-element elementor-element-6da4983 elementor-widget elementor-widget-heading\" data-id=\"6da4983\" data-element_type=\"widget\" data-e-type=\"widget\" data-widget_type=\"heading.default\">\n\t\t\t\t<div class=\"elementor-widget-container\">\n\t\t\t\t\t<h2 class=\"elementor-heading-title elementor-size-default\">Fire pentru motocoase<\/h2>\t\t\t\t<\/div>\n\t\t\t\t<\/div>\n\t\t\t\t<\/div>\n\t\t\t\t\t<\/div>\n\t\t\t\t<\/div>\n\t\t<div class=\"elementor-element elementor-element-9d33b60 e-flex e-con-boxed e-con e-parent\" data-id=\"9d33b60\" data-element_type=\"container\" data-e-type=\"container\">\n\t\t\t\t\t<div class=\"e-con-inner\">\n\t\t<div class=\"elementor-element elementor-element-08ddac8 e-con-full e-flex elementor-invisible e-con e-child\" data-id=\"08ddac8\" data-element_type=\"container\" data-e-type=\"container\" data-settings=\"{&quot;background_background&quot;:&quot;classic&quot;,&quot;animation&quot;:&quot;fadeInLeft&quot;}\">\n\t\t\t\t<\/div>\n\t\t<div class=\"elementor-element elementor-element-4f4f2fb e-con-full e-flex e-con e-child\" data-id=\"4f4f2fb\" data-element_type=\"container\" data-e-type=\"container\">\n\t\t<div class=\"elementor-element elementor-element-3882eaf e-flex e-con-boxed elementor-invisible e-con e-child\" data-id=\"3882eaf\" data-element_type=\"container\" data-e-type=\"container\" data-settings=\"{&quot;animation&quot;:&quot;fadeInRight&quot;}\">\n\t\t\t\t\t<div class=\"e-con-inner\">\n\t\t\t\t<div class=\"elementor-element elementor-element-22470a1 elementor-widget elementor-widget-heading\" data-id=\"22470a1\" data-element_type=\"widget\" data-e-type=\"widget\" data-widget_type=\"heading.default\">\n\t\t\t\t<div class=\"elementor-widget-container\">\n\t\t\t\t\t<h2 class=\"elementor-heading-title elementor-size-default\">Misiunea noastr\u0103<\/h2>\t\t\t\t<\/div>\n\t\t\t\t<\/div>\n\t\t\t\t\t<\/div>\n\t\t\t\t<\/div>\n\t\t<div class=\"elementor-element elementor-element-1656bec e-flex e-con-boxed e-con e-child\" data-id=\"1656bec\" data-element_type=\"container\" data-e-type=\"container\">\n\t\t\t\t\t<div class=\"e-con-inner\">\n\t\t\t\t<div class=\"elementor-element elementor-element-30e0914 elementor-invisible elementor-widget elementor-widget-text-editor\" data-id=\"30e0914\" data-element_type=\"widget\" data-e-type=\"widget\" data-settings=\"{&quot;_animation&quot;:&quot;fadeInRight&quot;}\" data-widget_type=\"text-editor.default\">\n\t\t\t\t<div class=\"elementor-widget-container\">\n\t\t\t\t\t\t\t\t\t<p>Misiunea noastr\u0103 este s\u0103 oferim cele mai bune produse \u0219i servicii \u00een func\u021bie de nevoile consumatorilor. Cre\u0103m valoare prin angajamentul nostru fa\u021b\u0103 de calitate, dezvoltare continu\u0103, abordare centrat\u0103 pe client \u0219i inova\u021bie. Producem produse sub marc\u0103 proprie.\u00a0<br \/>Pe parcursul activit\u0103\u021bilor noastre, scopul nostru este s\u0103 men\u021binem o companie care s\u0103 reprezinte urm\u0103toarele valori:<br \/><strong>Atitudine profesional\u0103<\/strong>\u00a0- ne bucur\u0103m de munca noastr\u0103 \u0219i suntem m\u00e2ndri de activit\u0103\u021bile noastre de \u00eenalt\u0103 calitate, eficiente \u0219i durabile<br \/><strong>Respect<\/strong>\u00a0- aten\u021bie \u0219i \u00eencredere acordate celorlal\u021bi, recunoa\u0219terea contribu\u021biei individuale a fiec\u0103ruia<br \/><strong>Comunicare<\/strong>\u00a0\u2013 comunicare deschis\u0103, sincer\u0103 \u0219i direct\u0103 cu colegii \u0219i cu ceilal\u021bi, timp \u00een care ascultarea partenerului este la fel de accentuat\u0103 ca \u0219i comunicarea ideilor noastre<br \/><strong>\u00cenv\u0103\u021bare<\/strong>\u00a0- \u00eenv\u0103\u021bare continu\u0103, at\u00e2t din surse din afara companiei c\u00e2t \u0219i din interiorul acesteia<br \/><strong>Creativitate<\/strong>\u00a0- \u00eendr\u0103znim s\u0103 \u00eencerc\u0103m metode noi<br \/><strong>Etic\u0103<\/strong>\u00a0- integritatea este o afacere bun\u0103. Ne men\u021binem pe noi \u00een\u0219ine \u0219i afacerea noastr\u0103 la cele mai \u00eenalte standarde de corectitudine, onestitate \u0219i integritate<\/p>\t\t\t\t\t\t\t\t<\/div>\n\t\t\t\t<\/div>\n\t\t\t\t\t<\/div>\n\t\t\t\t<\/div>\n\t\t\t\t<\/div>\n\t\t\t\t\t<\/div>\n\t\t\t\t<\/div>\n\t\t<div class=\"elementor-element elementor-element-ec5a324 e-con-full e-flex elementor-invisible e-con e-parent\" data-id=\"ec5a324\" data-element_type=\"container\" data-e-type=\"container\" data-settings=\"{&quot;background_background&quot;:&quot;classic&quot;,&quot;animation&quot;:&quot;fadeInDown&quot;,&quot;shape_divider_top&quot;:&quot;opacity-tilt&quot;,&quot;shape_divider_bottom&quot;:&quot;opacity-tilt&quot;}\">\n\t\t\t\t<div class=\"elementor-shape elementor-shape-top\" aria-hidden=\"true\" data-negative=\"false\">\n\t\t\t<svg xmlns=\"http:\/\/www.w3.org\/2000\/svg\" viewbox=\"0 0 2600 131.1\" preserveaspectratio=\"none\">\n\t<path class=\"elementor-shape-fill\" d=\"M0 0L2600 0 2600 69.1 0 0z\"\/>\n\t<path class=\"elementor-shape-fill\" style=\"opacity:0.5\" d=\"M0 0L2600 0 2600 69.1 0 69.1z\"\/>\n\t<path class=\"elementor-shape-fill\" style=\"opacity:0.25\" d=\"M2600 0L0 0 0 130.1 2600 69.1z\"\/>\n<\/svg>\t\t<\/div>\n\t\t\t\t<div class=\"elementor-shape elementor-shape-bottom\" aria-hidden=\"true\" data-negative=\"false\">\n\t\t\t<svg xmlns=\"http:\/\/www.w3.org\/2000\/svg\" viewbox=\"0 0 2600 131.1\" preserveaspectratio=\"none\">\n\t<path class=\"elementor-shape-fill\" d=\"M0 0L2600 0 2600 69.1 0 0z\"\/>\n\t<path class=\"elementor-shape-fill\" style=\"opacity:0.5\" d=\"M0 0L2600 0 2600 69.1 0 69.1z\"\/>\n\t<path class=\"elementor-shape-fill\" style=\"opacity:0.25\" d=\"M2600 0L0 0 0 130.1 2600 69.1z\"\/>\n<\/svg>\t\t<\/div>\n\t\t\t\t<div class=\"elementor-element elementor-element-e7971f7 elementor-widget elementor-widget-spacer\" data-id=\"e7971f7\" data-element_type=\"widget\" data-e-type=\"widget\" data-widget_type=\"spacer.default\">\n\t\t\t\t<div class=\"elementor-widget-container\">\n\t\t\t\t\t\t\t<div class=\"elementor-spacer\">\n\t\t\t<div class=\"elementor-spacer-inner\"><\/div>\n\t\t<\/div>\n\t\t\t\t\t\t<\/div>\n\t\t\t\t<\/div>\n\t\t\t\t<\/div>\n\t\t\t\t<\/div>","protected":false},"excerpt":{"rendered":"<p>F\u0170NY\u00cdR\u00d3 TRAKTOROK l\u00e1ncvezet\u0151k f\u0171r\u00e9szl\u00e1ncok csillagkerekek bet\u00e9tgy\u0171r\u0171k ken\u0151anyagok f\u0171kasza damilok K\u00dcLDET\u00c9S K\u00fcldet\u00e9s\u00fcnk az, hogy a fogyaszt\u00f3k ig\u00e9nyei szerinti legjobb term\u00e9keket \u00e9s szolg\u00e1ltat\u00e1sokat ny\u00fajtsuk. A min\u0151s\u00e9g ir\u00e1nti elk\u00f6telezetts\u00e9g\u00fcnkkel, folyamatos fejleszt\u00e9seinkkel, \u00fcgyf\u00e9lk\u00f6zpont\u00fa megk\u00f6zel\u00edt\u00e9si m\u00f3dunkkal \u00e9s az innov\u00e1ci\u00f3val teremt\u00fcnk \u00e9rt\u00e9ket. Saj\u00e1t m\u00e1rk\u00e1s term\u00e9keket gy\u00e1rtunk.\u00a0Tev\u00e9kenys\u00e9g\u00fcnk sor\u00e1n mindv\u00e9gig c\u00e9lunk egy olyan t\u00e1rsas\u00e1g fenntart\u00e1sa, amely az al\u00e1bbi \u00e9rt\u00e9keket k\u00e9pviseli:Szakmai hozz\u00e1\u00e1ll\u00e1s\u00a0\u2013 \u00e9lvezz\u00fck munk\u00e1nkat &#8230; <a title=\"Pagina de start\" class=\"read-more\" href=\"https:\/\/portlandmachinery.com\/ro\/\" aria-label=\"Cite\u0219te mai multe despre Kezd\u0151lap\">Olvass tov\u00e1bb<\/a><\/p>","protected":false},"author":1,"featured_media":0,"parent":0,"menu_order":0,"comment_status":"closed","ping_status":"closed","template":"elementor_header_footer","meta":{"_seopress_robots_primary_cat":"","_seopress_titles_title":"","_seopress_titles_desc":"","_seopress_robots_index":"","footnotes":""},"class_list":["post-198","page","type-page","status-publish"],"_links":{"self":[{"href":"https:\/\/portlandmachinery.com\/ro\/wp-json\/wp\/v2\/pages\/198","targetHints":{"allow":["GET"]}}],"collection":[{"href":"https:\/\/portlandmachinery.com\/ro\/wp-json\/wp\/v2\/pages"}],"about":[{"href":"https:\/\/portlandmachinery.com\/ro\/wp-json\/wp\/v2\/types\/page"}],"author":[{"embeddable":true,"href":"https:\/\/portlandmachinery.com\/ro\/wp-json\/wp\/v2\/users\/1"}],"replies":[{"embeddable":true,"href":"https:\/\/portlandmachinery.com\/ro\/wp-json\/wp\/v2\/comments?post=198"}],"version-history":[{"count":27,"href":"https:\/\/portlandmachinery.com\/ro\/wp-json\/wp\/v2\/pages\/198\/revisions"}],"predecessor-version":[{"id":569,"href":"https:\/\/portlandmachinery.com\/ro\/wp-json\/wp\/v2\/pages\/198\/revisions\/569"}],"wp:attachment":[{"href":"https:\/\/portlandmachinery.com\/ro\/wp-json\/wp\/v2\/media?parent=198"}],"curies":[{"name":"wp","href":"https:\/\/api.w.org\/{rel}","templated":true}]}}