{"id":489,"date":"2023-04-30T17:41:44","date_gmt":"2023-04-30T15:41:44","guid":{"rendered":"https:\/\/portlandmachinery.com\/?page_id=489"},"modified":"2023-05-16T09:50:15","modified_gmt":"2023-05-16T07:50:15","slug":"tamogatas","status":"publish","type":"page","link":"https:\/\/portlandmachinery.com\/ro\/tamogatas\/","title":{"rendered":"Informa\u021bii utile"},"content":{"rendered":"<div data-elementor-type=\"wp-page\" data-elementor-id=\"489\" class=\"elementor elementor-489\" data-elementor-post-type=\"page\">\n\t\t\t\t<div class=\"elementor-element elementor-element-5ad1f16 e-flex e-con-boxed e-con e-parent\" data-id=\"5ad1f16\" data-element_type=\"container\" data-e-type=\"container\">\n\t\t\t\t\t<div class=\"e-con-inner\">\n\t\t\t\t<div class=\"elementor-element elementor-element-1e0e5a7 elementor-grid-3 elementor-grid-tablet-2 elementor-grid-mobile-1 elementor-posts--thumbnail-top elementor-card-shadow-yes elementor-posts__hover-gradient elementor-widget elementor-widget-posts\" data-id=\"1e0e5a7\" data-element_type=\"widget\" data-e-type=\"widget\" data-settings=\"{&quot;cards_columns&quot;:&quot;3&quot;,&quot;cards_columns_tablet&quot;:&quot;2&quot;,&quot;cards_columns_mobile&quot;:&quot;1&quot;,&quot;cards_row_gap&quot;:{&quot;unit&quot;:&quot;px&quot;,&quot;size&quot;:35,&quot;sizes&quot;:[]},&quot;cards_row_gap_tablet&quot;:{&quot;unit&quot;:&quot;px&quot;,&quot;size&quot;:&quot;&quot;,&quot;sizes&quot;:[]},&quot;cards_row_gap_mobile&quot;:{&quot;unit&quot;:&quot;px&quot;,&quot;size&quot;:&quot;&quot;,&quot;sizes&quot;:[]}}\" data-widget_type=\"posts.cards\">\n\t\t\t\t<div class=\"elementor-widget-container\">\n\t\t\t\t\t\t\t<div class=\"elementor-posts-container elementor-posts elementor-posts--skin-cards elementor-grid\" role=\"list\">\n\t\t\t\t<article class=\"elementor-post elementor-grid-item post-510 post type-post status-publish format-standard hentry category-egyeb\" role=\"listitem\">\n\t\t\t<div class=\"elementor-post__card\">\n\t\t\t\t<div class=\"elementor-post__text\">\n\t\t\t\t<h3 class=\"elementor-post__title\">\n\t\t\t<a href=\"https:\/\/portlandmachinery.com\/ro\/megfontolando-a-biztonsag\/\" >\n\t\t\t\tLua\u021bi \u00een considerare: siguran\u021ba\t\t\t<\/a>\n\t\t<\/h3>\n\t\t\t\t<div class=\"elementor-post__excerpt\">\n\t\t\t<p>SIGURAN\u021aA \u00ceN PRIMUL R\u00c2ND! Nu se poate sublinia suficient c\u0103 un fer\u0103str\u0103u cu lan\u021b nu este o juc\u0103rie! \u00cen toate cazurile studia\u021bi cu aten\u021bie manualul de utilizare furnizat cu motofer\u0103str\u0103ul cu lan\u021b! Urma\u021bi exact instruc\u021biunile produc\u0103torului pentru alinierea lan\u021bului, ungerea \u0219i orice alte instruc\u021biuni de \u00eentre\u021binere. Informa\u021biile de mai jos nu \u00eenlocuiesc informa\u021biile furnizate de produc\u0103tor pentru drujba dumneavoastr\u0103 specific\u0103.<\/p>\n\t\t<\/div>\n\t\t\t\t\t<div class=\"elementor-post__read-more-wrapper\">\n\t\t\n\t\t<a class=\"elementor-post__read-more\" href=\"https:\/\/portlandmachinery.com\/ro\/megfontolando-a-biztonsag\/\" aria-label=\"Read more about Megfontoland\u00f3: a biztons\u00e1g\" tabindex=\"-1\" >\n\t\t\t&gt;&gt;&gt;\t\t<\/a>\n\n\t\t\t\t\t<\/div>\n\t\t\t\t<\/div>\n\t\t\t\t\t<\/div>\n\t\t<\/article>\n\t\t\t\t<article class=\"elementor-post elementor-grid-item post-508 post type-post status-publish format-standard hentry category-egyeb\" role=\"listitem\">\n\t\t\t<div class=\"elementor-post__card\">\n\t\t\t\t<div class=\"elementor-post__text\">\n\t\t\t\t<h3 class=\"elementor-post__title\">\n\t\t\t<a href=\"https:\/\/portlandmachinery.com\/ro\/lancfuresz-karbantartas\/\" >\n\t\t\t\t\u00centre\u021binerea motofer\u0103straielor\t\t\t<\/a>\n\t\t<\/h3>\n\t\t\t\t<div class=\"elementor-post__excerpt\">\n\t\t\t<p>Cum \u00eemi p\u0103strez fer\u0103str\u0103ul \u00een bune condi\u021bii de func\u021bionare? Fer\u0103str\u0103ul cu lan\u021b, ca orice echipament de lucru cu motor cu ardere intern\u0103, necesit\u0103 \u00eentre\u021binere periodic\u0103 obligatorie pentru a func\u021biona corect. Dintre lucr\u0103rile de \u00eentre\u021binere, cea mai important\u0103 este men\u021binerea alinierii corecte a lan\u021bului, despre care am discutat anterior. \u00centre\u021binerea ghidajului lan\u021bului este integral legat\u0103 de aceasta. Urm\u0103torii pa\u0219i pot cre\u0219te foarte mult durata de via\u021b\u0103 a ghidajului nostru de lan\u021b \u0219i pot asigura performan\u021be de t\u0103iere consistente - numai cu lan\u021b ascu\u021bit, desigur.<\/p>\n\t\t<\/div>\n\t\t\t\t\t<div class=\"elementor-post__read-more-wrapper\">\n\t\t\n\t\t<a class=\"elementor-post__read-more\" href=\"https:\/\/portlandmachinery.com\/ro\/lancfuresz-karbantartas\/\" aria-label=\"Read more about L\u00e1ncf\u0171r\u00e9sz Karbantart\u00e1s\" tabindex=\"-1\" >\n\t\t\t&gt;&gt;&gt;\t\t<\/a>\n\n\t\t\t\t\t<\/div>\n\t\t\t\t<\/div>\n\t\t\t\t\t<\/div>\n\t\t<\/article>\n\t\t\t\t<article class=\"elementor-post elementor-grid-item post-506 post type-post status-publish format-standard hentry category-egyeb\" role=\"listitem\">\n\t\t\t<div class=\"elementor-post__card\">\n\t\t\t\t<div class=\"elementor-post__text\">\n\t\t\t\t<h3 class=\"elementor-post__title\">\n\t\t\t<a href=\"https:\/\/portlandmachinery.com\/ro\/tippek-es-trukkok-jotanacsok\/\" >\n\t\t\t\tSfaturi \u0219i trucuri - Recomand\u0103ri\t\t\t<\/a>\n\t\t<\/h3>\n\t\t\t\t<div class=\"elementor-post__excerpt\">\n\t\t\t<p>C\u00e2teva sfaturi pentru drujbe cu lan\u021b: 1. Motofer\u0103straile cu lan\u021b sunt concepute pentru a t\u0103ia un singur material: lemnul. Nu folosi\u021bi ma\u0219ina pentru a t\u0103ia orice alt material \u0219i nu l\u0103sa\u021bi fer\u0103str\u0103ul s\u0103 intre \u00een contact cu pietre sau orice de\u0219eu \u00een timpul lucrului. Nu uita\u021bi, lan\u021bul poate rula cu viteze de p\u00e2n\u0103 la 80 km\/h. Dac\u0103 intr\u0103 \u00een contact cu o st\u00e2nc\u0103 sau p\u0103m\u00e2ntul doar pentru o secund\u0103...<\/p>\n\t\t<\/div>\n\t\t\t\t\t<div class=\"elementor-post__read-more-wrapper\">\n\t\t\n\t\t<a class=\"elementor-post__read-more\" href=\"https:\/\/portlandmachinery.com\/ro\/tippek-es-trukkok-jotanacsok\/\" aria-label=\"Read more about Tippek \u00e9s Tr\u00fckk\u00f6k\u00a0&#8211; J\u00f3tan\u00e1csok\" tabindex=\"-1\" >\n\t\t\t&gt;&gt;&gt;\t\t<\/a>\n\n\t\t\t\t\t<\/div>\n\t\t\t\t<\/div>\n\t\t\t\t\t<\/div>\n\t\t<\/article>\n\t\t\t\t<article class=\"elementor-post elementor-grid-item post-504 post type-post status-publish format-standard hentry category-egyeb\" role=\"listitem\">\n\t\t\t<div class=\"elementor-post__card\">\n\t\t\t\t<div class=\"elementor-post__text\">\n\t\t\t\t<h3 class=\"elementor-post__title\">\n\t\t\t<a href=\"https:\/\/portlandmachinery.com\/ro\/lancfureszekrol-kezdoknek\/\" >\n\t\t\t\tDespre drujbe pentru \u00eencep\u0103tori\t\t\t<\/a>\n\t\t<\/h3>\n\t\t\t\t<div class=\"elementor-post__excerpt\">\n\t\t\t<p>Ce c\u0103ut\u0103m? Un motofer\u0103str\u0103u cu lan\u021b este cu siguran\u021b\u0103 cel mai bun instrument pentru a realiza t\u0103ieri rapide \u0219i eficiente. Oricum, exist\u0103 cu siguran\u021b\u0103 mai multe moduri de a t\u0103ia lemnul. Produc\u0103torii produc motofer\u0103straie cu o varietate de dimensiuni de motor \u0219i lungimi de ghidare a lan\u021bului. Alegerea depinde de nevoile personale ale utilizatorului. Dac\u0103 trebuie t\u0103iate doar c\u00e2teva ramuri, atunci nu va fi necesar unul de putere mare...<\/p>\n\t\t<\/div>\n\t\t\t\t\t<div class=\"elementor-post__read-more-wrapper\">\n\t\t\n\t\t<a class=\"elementor-post__read-more\" href=\"https:\/\/portlandmachinery.com\/ro\/lancfureszekrol-kezdoknek\/\" aria-label=\"Read more about L\u00e1ncf\u0171r\u00e9szekr\u0151l kezd\u0151knek\" tabindex=\"-1\" >\n\t\t\t&gt;&gt;&gt;\t\t<\/a>\n\n\t\t\t\t\t<\/div>\n\t\t\t\t<\/div>\n\t\t\t\t\t<\/div>\n\t\t<\/article>\n\t\t\t\t<article class=\"elementor-post elementor-grid-item post-501 post type-post status-publish format-standard hentry category-egyeb\" role=\"listitem\">\n\t\t\t<div class=\"elementor-post__card\">\n\t\t\t\t<div class=\"elementor-post__text\">\n\t\t\t\t<h3 class=\"elementor-post__title\">\n\t\t\t<a href=\"https:\/\/portlandmachinery.com\/ro\/fukasza-damil-szinkod\/\" >\n\t\t\t\tCodul de culori pentru fire de motocoase\u00a0\u00a0\t\t\t<\/a>\n\t\t<\/h3>\n\t\t\t\t<div class=\"elementor-post__excerpt\">\n\t\t\t<p>Firele de t\u0103iere pentru motocoase pe care le comercializ\u0103m \u00eencearc\u0103 s\u0103 satisfac\u0103 o varietate de nevoi, asa c\u0103 le fabric\u0103m \u00een diferite grosimi si profile. Cele mai multe tipuri sunt ambalate \u00een 3 lungimi diferite, astfel \u00eenc\u00e2t s\u0103 pute\u021bi alege pachetul care vi se potrive\u0219te cel mai bine. Fire cu diferite diametre sunt ideale pentru diferite scopuri. Merit\u0103 \u00eentotdeauna s\u0103 lua\u021bi \u00een considerare acest lucru atunci c\u00e2nd face\u021bi cump\u0103r\u0103turi!<\/p>\n\t\t<\/div>\n\t\t\t\t\t<div class=\"elementor-post__read-more-wrapper\">\n\t\t\n\t\t<a class=\"elementor-post__read-more\" href=\"https:\/\/portlandmachinery.com\/ro\/fukasza-damil-szinkod\/\" aria-label=\"Read more about F\u0171kasza damil sz\u00ednk\u00f3d\u00a0\u00a0\" tabindex=\"-1\" >\n\t\t\t&gt;&gt;&gt;\t\t<\/a>\n\n\t\t\t\t\t<\/div>\n\t\t\t\t<\/div>\n\t\t\t\t\t<\/div>\n\t\t<\/article>\n\t\t\t\t<article class=\"elementor-post elementor-grid-item post-499 post type-post status-publish format-standard hentry category-egyeb\" role=\"listitem\">\n\t\t\t<div class=\"elementor-post__card\">\n\t\t\t\t<div class=\"elementor-post__text\">\n\t\t\t\t<h3 class=\"elementor-post__title\">\n\t\t\t<a href=\"https:\/\/portlandmachinery.com\/ro\/terminologia-magyarazat\/\" >\n\t\t\t\tTerminologie - Explica\u021bii\t\t\t<\/a>\n\t\t<\/h3>\n\t\t\t\t<div class=\"elementor-post__excerpt\">\n\t\t\t<p>\u00a0Interpretarea codurilor de produse - Lan\u021buri de motofer\u0103str\u0103u. \u00cen cazul lan\u021burilor gata f\u0103cute, tipurile de lan\u021b trebuie interpretate dup\u0103 cum urmeaz\u0103: Exemplu cod: 100SG-45E 100SG = tip de lan\u021b 45E = num\u0103rul de ecli\u0219e. Tipurile noastre de lan\u021b se potrivesc perfect cu majoritatea m\u0103rcilor de motofer\u0103straie \u0219i drujbe electrice: Explica\u021bia terminologiei - Lamele de ghidaj pentru lan\u021b. Codurile de produs trebuie interpretate dup\u0103 cum urmeaz\u0103: Exemplu: OR 1438H13041 ...<\/p>\n\t\t<\/div>\n\t\t\t\t\t<div class=\"elementor-post__read-more-wrapper\">\n\t\t\n\t\t<a class=\"elementor-post__read-more\" href=\"https:\/\/portlandmachinery.com\/ro\/terminologia-magyarazat\/\" aria-label=\"Read more about Terminol\u00f3gia magyar\u00e1zat\" tabindex=\"-1\" >\n\t\t\t&gt;&gt;&gt;\t\t<\/a>\n\n\t\t\t\t\t<\/div>\n\t\t\t\t<\/div>\n\t\t\t\t\t<\/div>\n\t\t<\/article>\n\t\t\t\t<\/div>\n\t\t\n\t\t\t\t\t\t<\/div>\n\t\t\t\t<\/div>\n\t\t\t\t\t<\/div>\n\t\t\t\t<\/div>\n\t\t\t\t<\/div>","protected":false},"excerpt":{"rendered":"","protected":false},"author":1,"featured_media":0,"parent":0,"menu_order":0,"comment_status":"closed","ping_status":"closed","template":"elementor_header_footer","meta":{"_seopress_robots_primary_cat":"","_seopress_titles_title":"","_seopress_titles_desc":"","_seopress_robots_index":"","footnotes":""},"class_list":["post-489","page","type-page","status-publish","hentry"],"_links":{"self":[{"href":"https:\/\/portlandmachinery.com\/ro\/wp-json\/wp\/v2\/pages\/489","targetHints":{"allow":["GET"]}}],"collection":[{"href":"https:\/\/portlandmachinery.com\/ro\/wp-json\/wp\/v2\/pages"}],"about":[{"href":"https:\/\/portlandmachinery.com\/ro\/wp-json\/wp\/v2\/types\/page"}],"author":[{"embeddable":true,"href":"https:\/\/portlandmachinery.com\/ro\/wp-json\/wp\/v2\/users\/1"}],"replies":[{"embeddable":true,"href":"https:\/\/portlandmachinery.com\/ro\/wp-json\/wp\/v2\/comments?post=489"}],"version-history":[{"count":16,"href":"https:\/\/portlandmachinery.com\/ro\/wp-json\/wp\/v2\/pages\/489\/revisions"}],"predecessor-version":[{"id":601,"href":"https:\/\/portlandmachinery.com\/ro\/wp-json\/wp\/v2\/pages\/489\/revisions\/601"}],"wp:attachment":[{"href":"https:\/\/portlandmachinery.com\/ro\/wp-json\/wp\/v2\/media?parent=489"}],"curies":[{"name":"wp","href":"https:\/\/api.w.org\/{rel}","templated":true}]}}