{"id":121,"date":"2023-04-30T08:32:37","date_gmt":"2023-04-30T06:32:37","guid":{"rendered":"https:\/\/portlandmachinery.com\/?post_type=product&#038;p=121"},"modified":"2023-04-30T08:36:06","modified_gmt":"2023-04-30T06:36:06","slug":"portland-konfekcionalt-fureszlanc-3-8-15-68-szem","status":"publish","type":"product","link":"https:\/\/portlandmachinery.com\/ro\/termek\/portland-konfekcionalt-fureszlanc-3-8-15-68-szem\/","title":{"rendered":"Lan\u021b drujb\u0103 confec\u021bionat Portland: pas 3\/8, grosime 1.5mm, 68 ecli\u0219e"},"content":{"rendered":"<p>Lan\u021bul 83LP este ideal pentru uz profesional. \u00cel recomand\u0103 performan\u021ba ridicat\u0103 \u0219i \u00eentre\u021binerea u\u0219oar\u0103. 83LP este excelent pentru drujbe pe benzin\u0103 de p\u00e2n\u0103 la 100 cm3, precum \u0219i pentru lame de ghidaj de p\u00e2n\u0103 la 42\u2033 (107cm)!!<\/p>","protected":false},"excerpt":{"rendered":"<p>Num\u0103r ecli\u0219e (buc.): 68<\/p>\n<p>Pas (\u021boli): 3\/8<\/p>\n<p>Grosime lan\u021b (mm): 1.5<\/p>","protected":false},"featured_media":18,"comment_status":"open","ping_status":"closed","template":"","meta":{"_seopress_robots_primary_cat":"","_seopress_titles_title":"","_seopress_titles_desc":"","_seopress_robots_index":""},"product_brand":[],"product_cat":[17],"product_tag":[],"class_list":{"0":"post-121","1":"product","2":"type-product","3":"status-publish","4":"has-post-thumbnail","6":"product_cat-konfekcionalt-lancok","7":"","8":"woocommerce-text-align-center","9":"woocommerce-image-align-center","10":"do-quantity-buttons","12":"first","13":"instock","14":"shipping-taxable","15":"product-type-simple"},"_links":{"self":[{"href":"https:\/\/portlandmachinery.com\/ro\/wp-json\/wp\/v2\/product\/121","targetHints":{"allow":["GET"]}}],"collection":[{"href":"https:\/\/portlandmachinery.com\/ro\/wp-json\/wp\/v2\/product"}],"about":[{"href":"https:\/\/portlandmachinery.com\/ro\/wp-json\/wp\/v2\/types\/product"}],"replies":[{"embeddable":true,"href":"https:\/\/portlandmachinery.com\/ro\/wp-json\/wp\/v2\/comments?post=121"}],"wp:featuredmedia":[{"embeddable":true,"href":"https:\/\/portlandmachinery.com\/ro\/wp-json\/wp\/v2\/media\/18"}],"wp:attachment":[{"href":"https:\/\/portlandmachinery.com\/ro\/wp-json\/wp\/v2\/media?parent=121"}],"wp:term":[{"taxonomy":"product_brand","embeddable":true,"href":"https:\/\/portlandmachinery.com\/ro\/wp-json\/wp\/v2\/product_brand?post=121"},{"taxonomy":"product_cat","embeddable":true,"href":"https:\/\/portlandmachinery.com\/ro\/wp-json\/wp\/v2\/product_cat?post=121"},{"taxonomy":"product_tag","embeddable":true,"href":"https:\/\/portlandmachinery.com\/ro\/wp-json\/wp\/v2\/product_tag?post=121"}],"curies":[{"name":"wp","href":"https:\/\/api.w.org\/{rel}","templated":true}]}}