{"id":132,"date":"2023-04-30T08:32:39","date_gmt":"2023-04-30T06:32:39","guid":{"rendered":"https:\/\/portlandmachinery.com\/?post_type=product&#038;p=132"},"modified":"2023-04-30T08:36:07","modified_gmt":"2023-04-30T06:36:07","slug":"portland-fukasza-damil-27mm-x-187m-szogletes","status":"publish","type":"product","link":"https:\/\/portlandmachinery.com\/ro\/termek\/portland-fukasza-damil-27mm-x-187m-szogletes\/","title":{"rendered":"Fir motocoas\u0103 Portland, profil rectangular, 2.7mm x 187m"},"content":{"rendered":"<p>Unitate de livrare: Rol\u0103<br \/>\nProfil: p\u0103trat<br \/>\nCuloare: oranj<\/p>\n<p>Alte detalii:<\/p>\n<p>Diametru: .105\u201d \/ 2,7mm<br \/>\nLungime: 615\u2019 \/ ~187m<br \/>\nEAN: 4260356820790 <br \/> OR Longlaster EDGE este cel mai mare produc\u0103tor de fire pentru motocoase din plastic destinate pentru uzul profesional de \u00eengrijire a gazonului \u0219i a gr\u0103dinii. Utilizarea proceselor de produc\u021bie de ultim\u0103 genera\u021bie, tehnologia avansat\u0103 de proiectare, controlul strict al calit\u0103\u021bii \u0219i cele mai bune materii prime asigur\u0103 c\u0103 firele de t\u0103iere ale companiei fac o treab\u0103 perfect\u0103. Acest lucru este dovedit de mul\u021bi proprietari de gr\u0103dini care folosesc de mult timp cu satisfac\u021bie firele de t\u0103iere din plastic cu profil p\u0103trat OR Longlaster EDGE.<\/p>\n<p>Produsele OR Longlaster EDGE sunt fire de t\u0103iere cu profil p\u0103trat, dezvoltate cu minu\u0163iozitate \u0219tiin\u021bific\u0103:<\/p>\n<p>\u2013 rezisten\u021b\u0103 excelent\u0103 la utilizare cu impact<\/p>\n<p>\u2013 compozi\u021bia special\u0103 de copolimer asigur\u0103 o durat\u0103 de via\u021b\u0103 util\u0103 lung\u0103<\/p>\n<p>\u2013 rezisten\u021b\u0103 la c\u0103ldur\u0103 excelent\u0103<\/p>\n<p>\u2013 rigiditate crescut\u0103 a fibrei pentru o t\u0103iere mai eficient\u0103<\/p>\n<p>\u2013 rezisten\u021b\u0103 bun\u0103 la abraziune<\/p>","protected":false},"excerpt":{"rendered":"<p>Lungime (ml): 187<\/p>\n<p>Grosime (mm): 2.7<\/p>","protected":false},"featured_media":25,"comment_status":"open","ping_status":"closed","template":"","meta":{"_seopress_robots_primary_cat":"","_seopress_titles_title":"","_seopress_titles_desc":"","_seopress_robots_index":""},"product_brand":[],"product_cat":[19],"product_tag":[],"class_list":{"0":"post-132","1":"product","2":"type-product","3":"status-publish","4":"has-post-thumbnail","6":"product_cat-fukasza-damilok","7":"","8":"woocommerce-text-align-center","9":"woocommerce-image-align-center","10":"do-quantity-buttons","12":"first","13":"instock","14":"shipping-taxable","15":"product-type-simple"},"_links":{"self":[{"href":"https:\/\/portlandmachinery.com\/ro\/wp-json\/wp\/v2\/product\/132","targetHints":{"allow":["GET"]}}],"collection":[{"href":"https:\/\/portlandmachinery.com\/ro\/wp-json\/wp\/v2\/product"}],"about":[{"href":"https:\/\/portlandmachinery.com\/ro\/wp-json\/wp\/v2\/types\/product"}],"replies":[{"embeddable":true,"href":"https:\/\/portlandmachinery.com\/ro\/wp-json\/wp\/v2\/comments?post=132"}],"wp:featuredmedia":[{"embeddable":true,"href":"https:\/\/portlandmachinery.com\/ro\/wp-json\/wp\/v2\/media\/25"}],"wp:attachment":[{"href":"https:\/\/portlandmachinery.com\/ro\/wp-json\/wp\/v2\/media?parent=132"}],"wp:term":[{"taxonomy":"product_brand","embeddable":true,"href":"https:\/\/portlandmachinery.com\/ro\/wp-json\/wp\/v2\/product_brand?post=132"},{"taxonomy":"product_cat","embeddable":true,"href":"https:\/\/portlandmachinery.com\/ro\/wp-json\/wp\/v2\/product_cat?post=132"},{"taxonomy":"product_tag","embeddable":true,"href":"https:\/\/portlandmachinery.com\/ro\/wp-json\/wp\/v2\/product_tag?post=132"}],"curies":[{"name":"wp","href":"https:\/\/api.w.org\/{rel}","templated":true}]}}