{"id":143,"date":"2023-04-30T08:32:42","date_gmt":"2023-04-30T06:32:42","guid":{"rendered":"https:\/\/portlandmachinery.com\/?post_type=product&#038;p=143"},"modified":"2023-04-30T08:36:08","modified_gmt":"2023-04-30T06:36:08","slug":"portland-fukasza-damil-17mm-x-15m-kerek","status":"publish","type":"product","link":"https:\/\/portlandmachinery.com\/ro\/termek\/portland-fukasza-damil-17mm-x-15m-kerek\/","title":{"rendered":"Fir motocoas\u0103 Portland, profil rotund, 1.7mm x 15m"},"content":{"rendered":"<p>OR Longlaster este cel mai mare produc\u0103tor de fire pentru motocoase din plastic destinate pentru uzul profesional de \u00eengrijire a gazonului \u0219i a gr\u0103dinii. Utilizarea proceselor de produc\u021bie de ultim\u0103 genera\u021bie, tehnologia avansat\u0103 de proiectare, controlul strict al calit\u0103\u021bii \u0219i cele mai bune materii prime asigur\u0103 c\u0103 firele de t\u0103iere ale companiei fac o treab\u0103 perfect\u0103. Acest lucru este dovedit de mul\u021bi proprietari de gr\u0103dini care folosesc de mult timp cu satisfac\u021bie firele de t\u0103iere din plastic cu profil circular\u0103 OR Longlaster.<\/p>\n<p>Produsele OR Longlaster sunt fire de t\u0103iere cu profil rotund, dezvoltate cu minu\u0163iozitate \u0219tiin\u021bific\u0103:<\/p>\n<p>\u2013 rigiditate crescut\u0103 a fibrei pentru o t\u0103iere mai eficient\u0103<\/p>\n<p>- rezisten\u021b\u0103 la impact mai mare<\/p>\n<p>- rezisten\u021b\u0103 la c\u0103ldur\u0103 deosebit de mare<\/p>\n<p>\u2013 fiecare diametru se distinge printr-un cod de culoare<\/p>","protected":false},"excerpt":{"rendered":"<p>Lungime (ml): 15<\/p>\n<p>Grosime (mm): 1.7<\/p>","protected":false},"featured_media":37,"comment_status":"open","ping_status":"closed","template":"","meta":{"_seopress_robots_primary_cat":"","_seopress_titles_title":"","_seopress_titles_desc":"","_seopress_robots_index":""},"product_brand":[],"product_cat":[19],"product_tag":[],"class_list":{"0":"post-143","1":"product","2":"type-product","3":"status-publish","4":"has-post-thumbnail","6":"product_cat-fukasza-damilok","7":"","8":"woocommerce-text-align-center","9":"woocommerce-image-align-center","10":"do-quantity-buttons","12":"first","13":"instock","14":"shipping-taxable","15":"product-type-simple"},"_links":{"self":[{"href":"https:\/\/portlandmachinery.com\/ro\/wp-json\/wp\/v2\/product\/143","targetHints":{"allow":["GET"]}}],"collection":[{"href":"https:\/\/portlandmachinery.com\/ro\/wp-json\/wp\/v2\/product"}],"about":[{"href":"https:\/\/portlandmachinery.com\/ro\/wp-json\/wp\/v2\/types\/product"}],"replies":[{"embeddable":true,"href":"https:\/\/portlandmachinery.com\/ro\/wp-json\/wp\/v2\/comments?post=143"}],"wp:featuredmedia":[{"embeddable":true,"href":"https:\/\/portlandmachinery.com\/ro\/wp-json\/wp\/v2\/media\/37"}],"wp:attachment":[{"href":"https:\/\/portlandmachinery.com\/ro\/wp-json\/wp\/v2\/media?parent=143"}],"wp:term":[{"taxonomy":"product_brand","embeddable":true,"href":"https:\/\/portlandmachinery.com\/ro\/wp-json\/wp\/v2\/product_brand?post=143"},{"taxonomy":"product_cat","embeddable":true,"href":"https:\/\/portlandmachinery.com\/ro\/wp-json\/wp\/v2\/product_cat?post=143"},{"taxonomy":"product_tag","embeddable":true,"href":"https:\/\/portlandmachinery.com\/ro\/wp-json\/wp\/v2\/product_tag?post=143"}],"curies":[{"name":"wp","href":"https:\/\/api.w.org\/{rel}","templated":true}]}}