{"id":150,"date":"2023-04-30T08:32:48","date_gmt":"2023-04-30T06:32:48","guid":{"rendered":"https:\/\/portlandmachinery.com\/?post_type=product&#038;p=150"},"modified":"2023-04-30T08:36:11","modified_gmt":"2023-04-30T06:36:11","slug":"portland-betetgyuru-325-7-fog","status":"publish","type":"product","link":"https:\/\/portlandmachinery.com\/ro\/termek\/portland-betetgyuru-325-7-fog\/","title":{"rendered":"Roti\u021b\u0103 motric\u0103 Portland pas .325 - 7 din\u021bi"},"content":{"rendered":"<p>Roti\u021ba motric\u0103 Portland asigur\u0103 cea mai bun\u0103 t\u0103iere cu func\u021bionare lin\u0103 \u0219i continu\u0103.<\/p>\n<p>Partea lateral\u0103 a roti\u021bei motrice Portland asigur\u0103 un sprijin excelent lan\u021bului, reduc\u00e2nd uzura \u0219i tensiunea pe lan\u021b.<\/p>\n<p>Exist\u0103 un indicator de uzur\u0103 pe marginea exterioar\u0103 a roti\u021bei motrice. Dac\u0103 uzura atinge acest indicator, roti\u021ba trebuie \u00eenlocuit\u0103.<\/p>","protected":false},"excerpt":{"rendered":"<p>Pas (\u021boli): 0.325<\/p>\n<p>Din\u021bi (buc.): 7<\/p>","protected":false},"featured_media":50,"comment_status":"open","ping_status":"closed","template":"","meta":{"_seopress_robots_primary_cat":"","_seopress_titles_title":"","_seopress_titles_desc":"","_seopress_robots_index":""},"product_brand":[],"product_cat":[20],"product_tag":[],"class_list":{"0":"post-150","1":"product","2":"type-product","3":"status-publish","4":"has-post-thumbnail","6":"product_cat-betetgyuruk","7":"","8":"woocommerce-text-align-center","9":"woocommerce-image-align-center","10":"do-quantity-buttons","12":"first","13":"instock","14":"shipping-taxable","15":"product-type-simple"},"_links":{"self":[{"href":"https:\/\/portlandmachinery.com\/ro\/wp-json\/wp\/v2\/product\/150","targetHints":{"allow":["GET"]}}],"collection":[{"href":"https:\/\/portlandmachinery.com\/ro\/wp-json\/wp\/v2\/product"}],"about":[{"href":"https:\/\/portlandmachinery.com\/ro\/wp-json\/wp\/v2\/types\/product"}],"replies":[{"embeddable":true,"href":"https:\/\/portlandmachinery.com\/ro\/wp-json\/wp\/v2\/comments?post=150"}],"wp:featuredmedia":[{"embeddable":true,"href":"https:\/\/portlandmachinery.com\/ro\/wp-json\/wp\/v2\/media\/50"}],"wp:attachment":[{"href":"https:\/\/portlandmachinery.com\/ro\/wp-json\/wp\/v2\/media?parent=150"}],"wp:term":[{"taxonomy":"product_brand","embeddable":true,"href":"https:\/\/portlandmachinery.com\/ro\/wp-json\/wp\/v2\/product_brand?post=150"},{"taxonomy":"product_cat","embeddable":true,"href":"https:\/\/portlandmachinery.com\/ro\/wp-json\/wp\/v2\/product_cat?post=150"},{"taxonomy":"product_tag","embeddable":true,"href":"https:\/\/portlandmachinery.com\/ro\/wp-json\/wp\/v2\/product_tag?post=150"}],"curies":[{"name":"wp","href":"https:\/\/api.w.org\/{rel}","templated":true}]}}