{"id":156,"date":"2023-04-30T08:32:49","date_gmt":"2023-04-30T06:32:49","guid":{"rendered":"https:\/\/portlandmachinery.com\/?post_type=product&#038;p=156"},"modified":"2023-04-30T08:36:11","modified_gmt":"2023-04-30T06:36:11","slug":"portland-xprime-fukasza-damil-3mm-x-22m-csavart","status":"publish","type":"product","link":"https:\/\/portlandmachinery.com\/ro\/termek\/portland-xprime-fukasza-damil-3mm-x-22m-csavart\/","title":{"rendered":"\/ Fir motocoas\u0103 Portland XPrime, profil spiralat, 3.0mm x 22m"},"content":{"rendered":"<p>Ambalaj: Donut<br \/>\nProfil: spiralat<br \/>\nCuloare: Negru<\/p>\n<p>Alte detalii:<\/p>\n<p>Diametru: .120\u201d \/ 3.0mm<br \/>\nLungime: 72\u2019 \/ ~22m<br \/>\nEAN: 4260356820314 <br \/> OR Xprime este cel mai mare produc\u0103tor de fire pentru motocoase din plastic destinate pentru uzul profesional de \u00eengrijire a gazonului \u0219i a gr\u0103dinii. Utilizarea proceselor de produc\u021bie de ultim\u0103 genera\u021bie, tehnologia avansat\u0103 de proiectare, controlul strict al calit\u0103\u021bii \u0219i cele mai bune materii prime asigur\u0103 c\u0103 firele de t\u0103iere ale companiei fac o treab\u0103 perfect\u0103. Acest lucru este dovedit de mul\u021bi proprietari de gr\u0103dini care folosesc de mult timp cu satisfac\u021bie firele de t\u0103iere din plastic cu profil spiralat OR Xprime.<\/p>\n<p>Produsele OR Xprime sunt fire de t\u0103iere cu profil spiralat, dezvoltate cu minu\u0163iozitate \u0219tiin\u021bific\u0103:<\/p>\n<p>\u2013 design patentat<\/p>\n<p>\u2013 fir de t\u0103iere complet plin\u0103<\/p>\n<p>\u2013 solicitare redus\u0103 pe capul de t\u0103iere<\/p>\n<p>\u2013 rezisten\u021b\u0103 bun\u0103 la abraziune<\/p>\n<p>\u2013 eficien\u021b\u0103 energetic\u0103 \u00eembun\u0103t\u0103\u021bit\u0103 semnificativ<\/p>\n<p>- zgomotul redus cu p\u00e2n\u0103 la 50% la firele de t\u0103iere cu diametru mai mare<\/p>\n<p>\u2013 for\u021b\u0103 de t\u0103iere prin impact mai mare<\/p>","protected":false},"excerpt":{"rendered":"<p>Lungime (ml): 22<\/p>\n<p>Grosime (mm): 3.0<\/p>","protected":false},"featured_media":48,"comment_status":"open","ping_status":"closed","template":"","meta":{"_seopress_robots_primary_cat":"","_seopress_titles_title":"","_seopress_titles_desc":"","_seopress_robots_index":""},"product_brand":[],"product_cat":[19],"product_tag":[],"class_list":{"0":"post-156","1":"product","2":"type-product","3":"status-publish","4":"has-post-thumbnail","6":"product_cat-fukasza-damilok","7":"","8":"woocommerce-text-align-center","9":"woocommerce-image-align-center","10":"do-quantity-buttons","12":"first","13":"instock","14":"shipping-taxable","15":"product-type-simple"},"_links":{"self":[{"href":"https:\/\/portlandmachinery.com\/ro\/wp-json\/wp\/v2\/product\/156","targetHints":{"allow":["GET"]}}],"collection":[{"href":"https:\/\/portlandmachinery.com\/ro\/wp-json\/wp\/v2\/product"}],"about":[{"href":"https:\/\/portlandmachinery.com\/ro\/wp-json\/wp\/v2\/types\/product"}],"replies":[{"embeddable":true,"href":"https:\/\/portlandmachinery.com\/ro\/wp-json\/wp\/v2\/comments?post=156"}],"wp:featuredmedia":[{"embeddable":true,"href":"https:\/\/portlandmachinery.com\/ro\/wp-json\/wp\/v2\/media\/48"}],"wp:attachment":[{"href":"https:\/\/portlandmachinery.com\/ro\/wp-json\/wp\/v2\/media?parent=156"}],"wp:term":[{"taxonomy":"product_brand","embeddable":true,"href":"https:\/\/portlandmachinery.com\/ro\/wp-json\/wp\/v2\/product_brand?post=156"},{"taxonomy":"product_cat","embeddable":true,"href":"https:\/\/portlandmachinery.com\/ro\/wp-json\/wp\/v2\/product_cat?post=156"},{"taxonomy":"product_tag","embeddable":true,"href":"https:\/\/portlandmachinery.com\/ro\/wp-json\/wp\/v2\/product_tag?post=156"}],"curies":[{"name":"wp","href":"https:\/\/api.w.org\/{rel}","templated":true}]}}