{"id":159,"date":"2023-04-30T08:32:49","date_gmt":"2023-04-30T06:32:49","guid":{"rendered":"https:\/\/portlandmachinery.com\/?post_type=product&#038;p=159"},"modified":"2023-05-12T09:34:41","modified_gmt":"2023-05-12T07:34:41","slug":"portland-csillagkerek-hobby-fix-325-7-fog","status":"publish","type":"product","link":"https:\/\/portlandmachinery.com\/ro\/termek\/portland-csillagkerek-hobby-fix-325-7-fog\/","title":{"rendered":"Carcas\u0103 ambreiaj Portland Hobby Fix: pas .325 - 7 din\u021bi"},"content":{"rendered":"<p>Carcas\u0103 ambreiaj profesional cu rulment cu ace.<\/p>\n<p>Alte detalii:<\/p>\n<p>\u2022Pas: .325\u2033<br \/>\n\u2022Num\u0103r din\u021bi: 7<br \/>\n\u2022Tip: \u201eSpur\u201d<br \/>\nCompatibil: Husqvarna, Jonsered stb.<br \/>\nPuterea motorului drujbei este transmis lan\u021bului de t\u0103iere prin intermediul carcase ambreiaj, \u0219i face lan\u021bul s\u0103 se \u00eenv\u00e2rte cu vitez\u0103 mare \u00een jurul lamei de ghidaj. Ansamblul carcas\u0103 ambreiaj, lan\u021b \u0219i lam\u0103 de ghidaj realizeaz\u0103 munca de t\u0103iere, iar elementul de baz\u0103 al acestuia este carcasa ambreiaj.<\/p>","protected":false},"excerpt":{"rendered":"<p>Pas (\u021boli): 0.325<\/p>\n<p>Din\u021bi (buc.): 7<\/p>","protected":false},"featured_media":56,"comment_status":"open","ping_status":"closed","template":"","meta":{"_seopress_robots_primary_cat":"none","_seopress_titles_title":"","_seopress_titles_desc":"","_seopress_robots_index":""},"product_brand":[],"product_cat":[21],"product_tag":[],"class_list":{"0":"post-159","1":"product","2":"type-product","3":"status-publish","4":"has-post-thumbnail","6":"product_cat-csillagkerekek","7":"","8":"woocommerce-text-align-center","9":"woocommerce-image-align-center","10":"do-quantity-buttons","12":"first","13":"instock","14":"shipping-taxable","15":"product-type-simple"},"_links":{"self":[{"href":"https:\/\/portlandmachinery.com\/ro\/wp-json\/wp\/v2\/product\/159","targetHints":{"allow":["GET"]}}],"collection":[{"href":"https:\/\/portlandmachinery.com\/ro\/wp-json\/wp\/v2\/product"}],"about":[{"href":"https:\/\/portlandmachinery.com\/ro\/wp-json\/wp\/v2\/types\/product"}],"replies":[{"embeddable":true,"href":"https:\/\/portlandmachinery.com\/ro\/wp-json\/wp\/v2\/comments?post=159"}],"wp:featuredmedia":[{"embeddable":true,"href":"https:\/\/portlandmachinery.com\/ro\/wp-json\/wp\/v2\/media\/56"}],"wp:attachment":[{"href":"https:\/\/portlandmachinery.com\/ro\/wp-json\/wp\/v2\/media?parent=159"}],"wp:term":[{"taxonomy":"product_brand","embeddable":true,"href":"https:\/\/portlandmachinery.com\/ro\/wp-json\/wp\/v2\/product_brand?post=159"},{"taxonomy":"product_cat","embeddable":true,"href":"https:\/\/portlandmachinery.com\/ro\/wp-json\/wp\/v2\/product_cat?post=159"},{"taxonomy":"product_tag","embeddable":true,"href":"https:\/\/portlandmachinery.com\/ro\/wp-json\/wp\/v2\/product_tag?post=159"}],"curies":[{"name":"wp","href":"https:\/\/api.w.org\/{rel}","templated":true}]}}