{"id":171,"date":"2023-04-30T08:32:52","date_gmt":"2023-04-30T06:32:52","guid":{"rendered":"https:\/\/portlandmachinery.com\/?post_type=product&#038;p=171"},"modified":"2026-03-31T11:57:17","modified_gmt":"2026-03-31T09:57:17","slug":"portland-funyiro-traktor-m9812sd-oldalkidobos","status":"publish","type":"product","link":"https:\/\/portlandmachinery.com\/ro\/termek\/portland-funyiro-traktor-m9812sd-oldalkidobos\/","title":{"rendered":"Tractor de tuns gazon Portland M9812SD, cu evacuare lateral\u0103"},"content":{"rendered":"<p><strong>MODELE DISPONIBILE (2026)<\/strong><\/p>\n<p><strong>Cu colector<\/strong>\u00a0\u00a0 Portland M9212RD  |  Portland H10212RD \u2736 (model nou)<\/p>\n<p><strong>Evacuare lateral\u0103<\/strong> \u00a0 Portland M9812SD  |  Portland H11716SD \u2736 (model nou)<\/p>\n<h1>DE CE MERIT\u0102 S\u0102 ALEGE\u021aI TRACTOARELE PORTLAND MACHINERY?<\/h1>\n<p><strong>CONFORT<\/strong><\/p>\n<ul>\n<li>manevrare u\u0219oar\u0103 \u0219i elemente de control plasate ergonomic<\/li>\n<li>\u2022\tSchimbarea facil\u0103 a vitezelor cu ajutorul unei p\u00e2rghii (modele manuale: M9212RD, M9812SD) \u2013 modelele hidrostatice (H10212RD, H11716SD) ofer\u0103 reglaj continuu al vitezei prin pedal\u0103<\/li>\n<li>\u2022\tReglarea simpl\u0103 a \u00een\u0103l\u021bimii de t\u0103iere \u00een \u0219apte pozi\u021bii diferite (M9212RD, M9812SD, H10212RD); H11716SD permite reglarea \u00eentre 30\u2013100 mm<\/li>\n<li>\u2022\tTreptele \u0219i suporturile pentru picioare cu protec\u021bie antiderapant\u0103 permit urcarea \u0219i cobor\u00e2rea foarte u\u0219oar\u0103<\/li>\n<li>volanul ridicat, ergonomic, asigur\u0103 o conducere confortabil\u0103 \u0219i spa\u021biu suficient pentru picioare<\/li>\n<li>\u2022\tRaz\u0103 mic\u0103 de \u00eentoarcere pentru manevrabilitate perfect\u0103<\/li>\n<li>\u2022\tSemnal sonor c\u00e2nd co\u0219ul colector este plin (modele cu colector: M9212RD, H10212RD)<\/li>\n<li>\u2022\tScaun confortabil cu arc \u0219i reglaj longitudinal<\/li>\n<li>\u2022\tRezervor mare de combustibil pentru autonomie extins\u0103: 7,5 litri (M9212RD, H10212RD, M9812SD), 10 litri (H11716SD)<\/li>\n<li>\u2022\tBara de protec\u021bie frontal\u0103 larg\u0103 protejeaz\u0103 ma\u0219ina de eventuale deterior\u0103ri<\/li>\n<li>racord integrat pentru furtun de ap\u0103 pentru cur\u0103\u021barea u\u0219oar\u0103 a zonei de t\u0103iere<\/li>\n<li>t\u0103ierea \u00een mar\u0219alier - ap\u0103s\u00e2nd un buton pute\u021bi men\u021bine func\u021bia de t\u0103iere \u00een mar\u0219alier.<\/li>\n<\/ul>\n<p><strong>TEHNOLOGIE<\/strong><\/p>\n<ul>\n<li>Cs\u00facsmin\u0151s\u00e9g\u0171 Loncin motorok: 452 CC egyhengeres (M9212RD, M9812SD), 586 CC k\u00e9thengeres OHV (H10212RD), 708 CC V-Twin OHV (H11713SD)<\/li>\n<li>construc\u021bie robust\u0103 - inginerie precis\u0103<\/li>\n<li>dispozitiv de t\u0103iere din o\u021bel, vopsit cu cea mai modern\u0103 tehnologie de vopsire cu pulberi, rezisten\u021b\u0103 deosebit\u0103 la coroziune<\/li>\n<li>\u2022\tCurelele trapezoidale ale mecanismului de t\u0103iere minimizeaz\u0103 \u0219ansa de deteriorare \u00een caz de coliziune<\/li>\n<li>\u2022\tPlatforma de t\u0103iere suspendat\u0103 cu ro\u021bi auxiliare nu deterioreaz\u0103 gazonul nici pe teren accidentat<\/li>\n<li>structura de t\u0103iere larg\u0103 permite t\u0103ierea \u0219i \u00een apropierea obstacolelor<\/li>\n<li>structura osiei din fa\u021b\u0103 permite ro\u021bilor s\u0103 se \u00eencline la schimbarea direc\u021biei, datorit\u0103 c\u0103reia tractorul urm\u0103re\u0219te perfect curba de viraj, f\u0103r\u0103 s\u0103 \u201ealunece\u201d \u0219i astfel s\u0103 provoace deteriorarea gazonului<\/li>\n<li>ro\u021bile mari \u00eel fac mai confortabil de utilizat pe terenuri denivelate \u0219i protejeaz\u0103 gazonul<\/li>\n<li>datorit\u0103 ochiului de remorcare integrat, pot fi conectate mai multe accesorii (de exemplu remorc\u0103, pulverizator, grebl\u0103, m\u0103tur\u0103 pentru frunze, cilindru, aerator de gazon etc.)<\/li>\n<li>carcasa motorului se deschide pe o raz\u0103 mare, oferind astfel acces perfect la motor, designul gr\u0103tarului radiatorului permite o r\u0103cire maxim\u0103<\/li>\n<li>\u2022\tAngajare electromagnetic\u0103 a cu\u021bitelor, cu\u021bite duble de mulcire pe fiecare model<\/li>\n<\/ul>\n<p>&nbsp;<\/p>\n<p><strong>SPECIFICA\u021aII TEHNICE<\/strong><\/p>\n<p><em>\u2726 = Model nou\u00a0\u00a0\u00a0\u00a0 <\/em><em>\u00a0<\/em><\/p>\n<table width=\"913\">\n<thead>\n<tr>\n<td rowspan=\"3\" width=\"193\"><strong>SPECIFICA\u021aII TEHNICE<\/strong><\/td>\n<td colspan=\"2\" width=\"360\"><strong>MODELE CU COLECTOR<\/strong><\/td>\n<td colspan=\"2\" width=\"360\"><strong>MODELE CU EVACUARE LATERAL\u0102<\/strong><\/td>\n<\/tr>\n<tr>\n<td width=\"160\"><strong>Manual\u0103<\/strong><\/td>\n<td width=\"200\"><strong>Hidrostatic\u0103<\/strong><\/td>\n<td width=\"160\"><strong>Manual\u0103<\/strong><\/td>\n<td width=\"200\"><strong>Hidrostatic\u0103<\/strong><\/td>\n<\/tr>\n<tr>\n<td width=\"160\"><strong>M9212RD<\/strong><\/td>\n<td width=\"200\"><strong>H10212RD \u2726 \u00daJ<\/strong><\/td>\n<td width=\"160\"><strong>M9812SD<\/strong><\/td>\n<td width=\"200\"><strong>H11713SD \u2726 \u00daJ<\/strong><\/td>\n<\/tr>\n<\/thead>\n<tbody>\n<tr>\n<td width=\"193\"><strong>Tip transmisie<\/strong><\/td>\n<td width=\"160\">Manual\u0103<\/td>\n<td width=\"200\">Hidrostatic\u0103<\/td>\n<td width=\"160\">Manual\u0103<\/td>\n<td width=\"200\">Hidrostatic\u0103<\/td>\n<\/tr>\n<tr>\n<td width=\"193\"><strong>Capacitate cilindric\u0103:<\/strong><\/td>\n<td width=\"160\">452 CC<\/td>\n<td width=\"200\">586 CC<\/td>\n<td width=\"160\">452 CC<\/td>\n<td width=\"200\">708 CC<\/td>\n<\/tr>\n<tr>\n<td width=\"193\"><strong>Caracteristic\u0103 motor:<\/strong><\/td>\n<td width=\"160\">OHV<\/td>\n<td width=\"200\">OHV (bicilindric)<\/td>\n<td width=\"160\">OHV<\/td>\n<td width=\"200\">OHV (bicilindric)<\/td>\n<\/tr>\n<tr>\n<td width=\"193\"><strong>KW \/ LE<\/strong><\/td>\n<td width=\"160\">9,2 KW \/ 12,5 LE<\/td>\n<td width=\"200\"><strong>10,3 KW \/ 13,8 LE<\/strong><\/td>\n<td width=\"160\">9,2 KW \/ 12,5 LE<\/td>\n<td width=\"200\"><strong>13 KW \/ 17,4 LE<\/strong><\/td>\n<\/tr>\n<tr>\n<td width=\"193\"><strong>Produc\u0103tor motor:<\/strong><\/td>\n<td width=\"160\">Loncin<\/td>\n<td width=\"200\">Loncin<\/td>\n<td width=\"160\">Loncin<\/td>\n<td width=\"200\">Loncin<\/td>\n<\/tr>\n<tr>\n<td width=\"193\"><strong>Num\u0103r cilindri:<\/strong><\/td>\n<td width=\"160\">1<\/td>\n<td width=\"200\">2<\/td>\n<td width=\"160\">1<\/td>\n<td width=\"200\">2<\/td>\n<\/tr>\n<tr>\n<td width=\"193\"><strong>Tip aprindere<\/strong><\/td>\n<td width=\"160\">Electronic<\/td>\n<td width=\"200\">Electronic<\/td>\n<td width=\"160\">Electronic<\/td>\n<td width=\"200\">Electronic<\/td>\n<\/tr>\n<tr>\n<td width=\"193\"><strong>Rezervor de combustibil:<\/strong><\/td>\n<td width=\"160\">7.5 litri<\/td>\n<td width=\"200\">7.5 litri<\/td>\n<td width=\"160\">7.5 litri<\/td>\n<td width=\"200\">10 liter<\/td>\n<\/tr>\n<tr>\n<td width=\"193\"><strong>Capacitate ulei<\/strong><\/td>\n<td width=\"160\">1.2 litri<\/td>\n<td width=\"200\"><strong>1,7 liter<\/strong><\/td>\n<td width=\"160\">1.2 litri<\/td>\n<td width=\"200\"><strong>2,4 liter<\/strong><\/td>\n<\/tr>\n<tr>\n<td width=\"193\"><strong>Trepte de vitez\u0103:<\/strong><\/td>\n<td width=\"160\">4 \u00eenainte \/ 1 mar\u0219alier<\/td>\n<td width=\"200\">continuu \/ mar\u0219alier<\/td>\n<td width=\"160\">4 \u00eenainte \/ 1 mar\u0219alier<\/td>\n<td width=\"200\">continuu \/ mar\u0219alier<\/td>\n<\/tr>\n<tr>\n<td width=\"193\"><strong>Vitez\u0103 \u00eenaintare:<\/strong><\/td>\n<td width=\"160\">1,6\u20138,8 km\/h<\/td>\n<td width=\"200\">8,8 km\/h<\/td>\n<td width=\"160\">1,6\u20138,8 km\/h<\/td>\n<td width=\"200\">9,7 km\/h<\/td>\n<\/tr>\n<tr>\n<td width=\"193\"><strong>Vitez\u0103 mar\u0219alier:<\/strong><\/td>\n<td width=\"160\">2,5 km\/h<\/td>\n<td width=\"200\">4,5 km\/h<\/td>\n<td width=\"160\">2,5 km\/h<\/td>\n<td width=\"200\">4,5 km\/h<\/td>\n<\/tr>\n<tr>\n<td width=\"193\"><strong>Tip:<\/strong><\/td>\n<td width=\"160\">Co\u0219 colectare<\/td>\n<td width=\"200\">Co\u0219 colectare<\/td>\n<td width=\"160\">Evacuare lateral\u0103<\/td>\n<td width=\"200\">Evacuare lateral\u0103<\/td>\n<\/tr>\n<tr>\n<td width=\"193\"><strong>Co\u0219 colector:<\/strong><\/td>\n<td width=\"160\">245 litri<\/td>\n<td width=\"200\">245 litri<\/td>\n<td width=\"160\">nu are<\/td>\n<td width=\"200\">nu are<\/td>\n<\/tr>\n<tr>\n<td width=\"193\"><strong>Pornirea cu\u021bitelor:<\/strong><\/td>\n<td width=\"160\">Electromagnetic\u0103<\/td>\n<td width=\"200\">Electromagnetic\u0103<\/td>\n<td width=\"160\">Electromagnetic\u0103<\/td>\n<td width=\"200\">Electromagnetic\u0103<\/td>\n<\/tr>\n<tr>\n<td width=\"193\"><strong>Num\u0103rul cu\u021bitelor:<\/strong><\/td>\n<td width=\"160\">2<\/td>\n<td width=\"200\">2<\/td>\n<td width=\"160\">2<\/td>\n<td width=\"200\">2<\/td>\n<\/tr>\n<tr>\n<td width=\"193\"><strong>Tipul cu\u021bitelor:<\/strong><\/td>\n<td width=\"160\">cu mulcire<\/td>\n<td width=\"200\">cu mulcire<\/td>\n<td width=\"160\">cu mulcire<\/td>\n<td width=\"200\">cu mulcire<\/td>\n<\/tr>\n<tr>\n<td width=\"193\"><strong>Mulcire:<\/strong><\/td>\n<td width=\"160\">da (op\u021bional)<\/td>\n<td width=\"200\">da (op\u021bional)<\/td>\n<td width=\"160\">da (op\u021bional)<\/td>\n<td width=\"200\">da (op\u021bional)<\/td>\n<\/tr>\n<tr>\n<td width=\"193\"><strong>L\u0103\u021bime t\u0103iere:<\/strong><\/td>\n<td width=\"160\">92 cm<\/td>\n<td width=\"200\">102 cm<\/td>\n<td width=\"160\">98 cm<\/td>\n<td width=\"200\"><strong>117 cm<\/strong><\/td>\n<\/tr>\n<tr>\n<td width=\"193\"><strong>\u00cen\u0103l\u021bime de t\u0103iere:<\/strong><\/td>\n<td width=\"160\">30\u201390 mm<\/td>\n<td width=\"200\"><strong>30\u201390 mm<\/strong><\/td>\n<td width=\"160\">30\u201390 mm<\/td>\n<td width=\"200\">30\u2013100 mm<\/td>\n<\/tr>\n<tr>\n<td width=\"193\"><strong>Trepte de \u00ee\u0103l\u021bime de t\u0103iere:<\/strong><\/td>\n<td width=\"160\">7<\/td>\n<td width=\"200\"><strong>7<\/strong><\/td>\n<td width=\"160\">7<\/td>\n<td width=\"200\"><strong>7<\/strong><\/td>\n<\/tr>\n<tr>\n<td width=\"193\"><strong>Raz\u0103 de \u00eentoarcere:<\/strong><\/td>\n<td width=\"160\">45 cm<\/td>\n<td width=\"200\">45 cm<\/td>\n<td width=\"160\">45 cm<\/td>\n<td width=\"200\"><strong>55 cm<\/strong><\/td>\n<\/tr>\n<tr>\n<td width=\"193\"><strong>Dimensiuni ro\u021bi (fa\u021b\u0103 \/ spate)<\/strong><\/td>\n<td width=\"160\">15&#8243;\u00d76&#8243;-6&#8243; \/ 18&#8243;\u00d78,5&#8243;-8&#8243;<\/td>\n<td width=\"200\"><strong>15&#8243; \/ 18&#8243;<\/strong><\/td>\n<td width=\"160\">15&#8243;\u00d76&#8243;-6&#8243; \/ 18&#8243;\u00d78,5&#8243;-8&#8243;<\/td>\n<td width=\"200\">15&#8243; \/ 20&#8243;<\/td>\n<\/tr>\n<tr>\n<td width=\"193\"><strong>Suprafa\u021b\u0103 maxim\u0103 de t\u0103iere:<\/strong><\/td>\n<td width=\"160\">4 000 m\u00b2<\/td>\n<td width=\"200\"><strong>6 000 m\u00b2<\/strong><\/td>\n<td width=\"160\">5 000 m\u00b2<\/td>\n<td width=\"200\"><strong>10 000 m\u00b2<\/strong><\/td>\n<\/tr>\n<tr>\n<td width=\"193\"><strong>Faruri:<\/strong><\/td>\n<td width=\"160\">LED nappali f\u00e9ny<\/td>\n<td width=\"200\"><strong>da<\/strong><\/td>\n<td width=\"160\">LED nappali f\u00e9ny<\/td>\n<td width=\"200\"><strong>da<\/strong><\/td>\n<\/tr>\n<tr>\n<td width=\"193\"><strong>Reglare scaun (fa\u021b\u0103-spate):<\/strong><\/td>\n<td width=\"160\">da<\/td>\n<td width=\"200\"><strong>da<\/strong><\/td>\n<td width=\"160\">da<\/td>\n<td width=\"200\"><strong>da<\/strong><\/td>\n<\/tr>\n<tr>\n<td width=\"193\"><strong>C\u00e2rlig tractare:<\/strong><\/td>\n<td width=\"160\">da (op\u021bional)<\/td>\n<td width=\"200\"><strong>da<\/strong><\/td>\n<td width=\"160\">echipare de baz\u0103<\/td>\n<td width=\"200\"><strong>da<\/strong><\/td>\n<\/tr>\n<tr>\n<td width=\"193\"><strong>Dimensiuni (L\u00d7l\u00d7\u00ce)<\/strong><\/td>\n<td width=\"160\">2370\u00d7930\u00d71110 mm<\/td>\n<td width=\"200\"><strong>2305\u00d71090\u00d71110 mm<\/strong><\/td>\n<td width=\"160\">1770\u00d7930\u00d71110 mm<\/td>\n<td width=\"200\"><strong>1855\u00d71415\u00d71165 mm<\/strong><\/td>\n<\/tr>\n<tr>\n<td width=\"193\"><strong>Mas\u0103:<\/strong><\/td>\n<td width=\"160\">210 kg<\/td>\n<td width=\"200\"><strong>196,5 kg<\/strong><\/td>\n<td width=\"160\">170 kg<\/td>\n<td width=\"200\"><strong>202 kg<\/strong><\/td>\n<\/tr>\n<\/tbody>\n<\/table>\n<ul>\n<li><\/li>\n<\/ul>","protected":false},"excerpt":{"rendered":"<p>Pornire: electric\u0103<\/p>\n<p>Tip: cu evacuare lateral\u0103<\/p>\n<p>L\u0103\u021bime de t\u0103iere (cm): 98<\/p>","protected":false},"featured_media":24,"comment_status":"open","ping_status":"closed","template":"","meta":{"_seopress_robots_primary_cat":"none","_seopress_titles_title":"","_seopress_titles_desc":"","_seopress_robots_index":""},"product_brand":[],"product_cat":[22],"product_tag":[],"class_list":{"0":"post-171","1":"product","2":"type-product","3":"status-publish","4":"has-post-thumbnail","6":"product_cat-funyiro-traktorok","7":"","8":"woocommerce-text-align-center","9":"woocommerce-image-align-center","10":"do-quantity-buttons","12":"first","13":"instock","14":"shipping-taxable","15":"product-type-simple"},"_links":{"self":[{"href":"https:\/\/portlandmachinery.com\/ro\/wp-json\/wp\/v2\/product\/171","targetHints":{"allow":["GET"]}}],"collection":[{"href":"https:\/\/portlandmachinery.com\/ro\/wp-json\/wp\/v2\/product"}],"about":[{"href":"https:\/\/portlandmachinery.com\/ro\/wp-json\/wp\/v2\/types\/product"}],"replies":[{"embeddable":true,"href":"https:\/\/portlandmachinery.com\/ro\/wp-json\/wp\/v2\/comments?post=171"}],"wp:featuredmedia":[{"embeddable":true,"href":"https:\/\/portlandmachinery.com\/ro\/wp-json\/wp\/v2\/media\/24"}],"wp:attachment":[{"href":"https:\/\/portlandmachinery.com\/ro\/wp-json\/wp\/v2\/media?parent=171"}],"wp:term":[{"taxonomy":"product_brand","embeddable":true,"href":"https:\/\/portlandmachinery.com\/ro\/wp-json\/wp\/v2\/product_brand?post=171"},{"taxonomy":"product_cat","embeddable":true,"href":"https:\/\/portlandmachinery.com\/ro\/wp-json\/wp\/v2\/product_cat?post=171"},{"taxonomy":"product_tag","embeddable":true,"href":"https:\/\/portlandmachinery.com\/ro\/wp-json\/wp\/v2\/product_tag?post=171"}],"curies":[{"name":"wp","href":"https:\/\/api.w.org\/{rel}","templated":true}]}}