{"id":180,"date":"2023-04-30T08:32:58","date_gmt":"2023-04-30T06:32:58","guid":{"rendered":"https:\/\/portlandmachinery.com\/?post_type=product&#038;p=180"},"modified":"2023-05-14T10:34:12","modified_gmt":"2023-05-14T08:34:12","slug":"portland-ultimate-premium-2t-olaj-eco-1-liter","status":"publish","type":"product","link":"https:\/\/portlandmachinery.com\/ro\/termek\/portland-ultimate-premium-2t-olaj-eco-1-liter\/","title":{"rendered":"Ulei motor Portland Ultimate Premium 2T ECO 1.0l"},"content":{"rendered":"<p>Uleiul de motor Ultimate Premium 2T ECO con\u021bine componente de cur\u0103\u021bare \u0219i anticoroziune. Poate fi utilizat pentru toate tipurile de motoare \u00een doi timpi r\u0103cite cu aer \u0219i ap\u0103, fie pentru lubrifiere mixt\u0103, fie pentru un sistem separat de ungere. Amestecarea bun\u0103 cu combustibilul este facilitat\u0103 de aditivii emulsionan\u021bi (de exemplu: ad\u0103ugarea a 100 ml la 5 litri asigur\u0103 un amestec 1:50).<br \/>\nEl\u0151ny\u00f6k: Megakad\u00e1lyozza az \u00fczemanyag-kever\u00e9k \u00f6reged\u00e9s\u00e9t.<br \/>\n\u25cf Previne deteriorarea ma\u0219inilor echipate cu motoare \u00een doi timpi \u00een extrasezon.<br \/>\n\u25cf Permite pornirea rapid\u0103 \u0219i u\u0219oar\u0103 a motorului.<br \/>\n\u25cf Protejeaz\u0103 \u00eempotriva coroziunii.<br \/>\n\u25cf Men\u021bine curat sistemul de alimentare cu combustibil.<\/p>","protected":false},"excerpt":{"rendered":"<p>\u25cfPrevine \u00eemb\u0103tr\u00e2nirea amestecului de combustibil.<br \/>\n\u25cf Previne deteriorarea ma\u0219inilor echipate cu motoare \u00een doi timpi \u00een extrasezon.<br \/>\n\u25cf Permite pornirea rapid\u0103 \u0219i u\u0219oar\u0103 a motorului.<br \/>\n\u25cf Protejeaz\u0103 \u00eempotriva coroziunii.<br \/>\n\u25cf Men\u021bine curat sistemul de alimentare cu combustibil.<\/p>","protected":false},"featured_media":15,"comment_status":"open","ping_status":"closed","template":"","meta":{"_seopress_robots_primary_cat":"none","_seopress_titles_title":"","_seopress_titles_desc":"","_seopress_robots_index":""},"product_brand":[],"product_cat":[23],"product_tag":[],"class_list":{"0":"post-180","1":"product","2":"type-product","3":"status-publish","4":"has-post-thumbnail","6":"product_cat-olajok-es-kenoanyagok","7":"","8":"woocommerce-text-align-center","9":"woocommerce-image-align-center","10":"do-quantity-buttons","12":"first","13":"instock","14":"shipping-taxable","15":"product-type-simple"},"_links":{"self":[{"href":"https:\/\/portlandmachinery.com\/ro\/wp-json\/wp\/v2\/product\/180","targetHints":{"allow":["GET"]}}],"collection":[{"href":"https:\/\/portlandmachinery.com\/ro\/wp-json\/wp\/v2\/product"}],"about":[{"href":"https:\/\/portlandmachinery.com\/ro\/wp-json\/wp\/v2\/types\/product"}],"replies":[{"embeddable":true,"href":"https:\/\/portlandmachinery.com\/ro\/wp-json\/wp\/v2\/comments?post=180"}],"wp:featuredmedia":[{"embeddable":true,"href":"https:\/\/portlandmachinery.com\/ro\/wp-json\/wp\/v2\/media\/15"}],"wp:attachment":[{"href":"https:\/\/portlandmachinery.com\/ro\/wp-json\/wp\/v2\/media?parent=180"}],"wp:term":[{"taxonomy":"product_brand","embeddable":true,"href":"https:\/\/portlandmachinery.com\/ro\/wp-json\/wp\/v2\/product_brand?post=180"},{"taxonomy":"product_cat","embeddable":true,"href":"https:\/\/portlandmachinery.com\/ro\/wp-json\/wp\/v2\/product_cat?post=180"},{"taxonomy":"product_tag","embeddable":true,"href":"https:\/\/portlandmachinery.com\/ro\/wp-json\/wp\/v2\/product_tag?post=180"}],"curies":[{"name":"wp","href":"https:\/\/api.w.org\/{rel}","templated":true}]}}