{"id":182,"date":"2023-04-30T08:32:58","date_gmt":"2023-04-30T06:32:58","guid":{"rendered":"https:\/\/portlandmachinery.com\/?post_type=product&#038;p=182"},"modified":"2023-05-03T13:41:42","modified_gmt":"2023-05-03T11:41:42","slug":"portland-101vg-tekercslanc","status":"publish","type":"product","link":"https:\/\/portlandmachinery.com\/ro\/termek\/portland-101vg-tekercslanc\/","title":{"rendered":"Rol\u0103 lan\u021b pentru drujbe Portland 101VG"},"content":{"rendered":"<p>101VG este un lan\u021b conceput pentru utilizare ocazional\u0103, dar poate fi utilizat pe scar\u0103 larg\u0103 \u0219i pentru drujbe hobby. Acest lan\u021b necesit\u0103 mai pu\u021bin\u0103 for\u021b\u0103 dec\u00e2t un lan\u021b standard pentru a face aceea\u0219i t\u0103ietur\u0103.<br \/>\nRecomand\u0103m lan\u021bul 101VG pentru drujbe electrice cu lam\u0103 ghidaj de maxim 18\" (45cm) sau pentru motofer\u0103straie cu motor pe benzin\u0103 de maxim 42cm3 cu lam\u0103 ghidaj de maxim16\" (40cm).<\/p>\n<p>&nbsp;<\/p>","protected":false},"excerpt":{"rendered":"<p>Specifica\u021bii:<br \/>\nPas: 3\/8\u2033<br \/>\nGrosime dinte: .043\u2033 (1,3mm)<br \/>\nEste disponibil \u0219i \u00een role de 100 de picioare \u0219i versiuni gata confec\u021bionate. Fiecare rol\u0103 con\u021bine nituri de leg\u0103tur\u0103.<\/p>","protected":false},"featured_media":22,"comment_status":"open","ping_status":"closed","template":"","meta":{"_seopress_robots_primary_cat":"","_seopress_titles_title":"","_seopress_titles_desc":"","_seopress_robots_index":""},"product_brand":[],"product_cat":[24],"product_tag":[],"class_list":{"0":"post-182","1":"product","2":"type-product","3":"status-publish","4":"has-post-thumbnail","6":"product_cat-tekercslancok","7":"","8":"woocommerce-text-align-center","9":"woocommerce-image-align-center","10":"do-quantity-buttons","12":"first","13":"instock","14":"shipping-taxable","15":"product-type-simple"},"_links":{"self":[{"href":"https:\/\/portlandmachinery.com\/ro\/wp-json\/wp\/v2\/product\/182","targetHints":{"allow":["GET"]}}],"collection":[{"href":"https:\/\/portlandmachinery.com\/ro\/wp-json\/wp\/v2\/product"}],"about":[{"href":"https:\/\/portlandmachinery.com\/ro\/wp-json\/wp\/v2\/types\/product"}],"replies":[{"embeddable":true,"href":"https:\/\/portlandmachinery.com\/ro\/wp-json\/wp\/v2\/comments?post=182"}],"wp:featuredmedia":[{"embeddable":true,"href":"https:\/\/portlandmachinery.com\/ro\/wp-json\/wp\/v2\/media\/22"}],"wp:attachment":[{"href":"https:\/\/portlandmachinery.com\/ro\/wp-json\/wp\/v2\/media?parent=182"}],"wp:term":[{"taxonomy":"product_brand","embeddable":true,"href":"https:\/\/portlandmachinery.com\/ro\/wp-json\/wp\/v2\/product_brand?post=182"},{"taxonomy":"product_cat","embeddable":true,"href":"https:\/\/portlandmachinery.com\/ro\/wp-json\/wp\/v2\/product_cat?post=182"},{"taxonomy":"product_tag","embeddable":true,"href":"https:\/\/portlandmachinery.com\/ro\/wp-json\/wp\/v2\/product_tag?post=182"}],"curies":[{"name":"wp","href":"https:\/\/api.w.org\/{rel}","templated":true}]}}