{"id":188,"date":"2023-04-30T08:32:59","date_gmt":"2023-04-30T06:32:59","guid":{"rendered":"https:\/\/portlandmachinery.com\/?post_type=product&#038;p=188"},"modified":"2023-04-30T08:36:16","modified_gmt":"2023-04-30T06:36:16","slug":"portland-83lp-tekercslanc","status":"publish","type":"product","link":"https:\/\/portlandmachinery.com\/ro\/termek\/portland-83lp-tekercslanc\/","title":{"rendered":"Rol\u0103 lan\u021b pentru drujbe Portland 83LP"},"content":{"rendered":"<p>Lan\u021bul 83LP este ideal pentru uz profesional. \u00cel recomand\u0103 performan\u021ba ridicat\u0103 \u0219i \u00eentre\u021binerea u\u0219oar\u0103. 83LP este excelent pentru drujbe pe benzin\u0103 de p\u00e2n\u0103 la 100 cm3, precum \u0219i pentru lame de ghidaj de p\u00e2n\u0103 la 42\u2033 (107cm)!!<\/p>","protected":false},"excerpt":{"rendered":"<p>Specifica\u021bii:<br \/>\nPas: 3\/8\u2033<br \/>\nGrosime dinte: .058\u2033 (1,5mm)<br \/>\nEste disponibil \u0219i \u00een role de 100 de picioare \u0219i versiuni gata confec\u021bionate. Fiecare rol\u0103 con\u021bine nituri de leg\u0103tur\u0103.<\/p>","protected":false},"featured_media":22,"comment_status":"open","ping_status":"closed","template":"","meta":{"_seopress_robots_primary_cat":"","_seopress_titles_title":"","_seopress_titles_desc":"","_seopress_robots_index":""},"product_brand":[],"product_cat":[24],"product_tag":[],"class_list":{"0":"post-188","1":"product","2":"type-product","3":"status-publish","4":"has-post-thumbnail","6":"product_cat-tekercslancok","7":"","8":"woocommerce-text-align-center","9":"woocommerce-image-align-center","10":"do-quantity-buttons","12":"first","13":"instock","14":"shipping-taxable","15":"product-type-simple"},"_links":{"self":[{"href":"https:\/\/portlandmachinery.com\/ro\/wp-json\/wp\/v2\/product\/188","targetHints":{"allow":["GET"]}}],"collection":[{"href":"https:\/\/portlandmachinery.com\/ro\/wp-json\/wp\/v2\/product"}],"about":[{"href":"https:\/\/portlandmachinery.com\/ro\/wp-json\/wp\/v2\/types\/product"}],"replies":[{"embeddable":true,"href":"https:\/\/portlandmachinery.com\/ro\/wp-json\/wp\/v2\/comments?post=188"}],"wp:featuredmedia":[{"embeddable":true,"href":"https:\/\/portlandmachinery.com\/ro\/wp-json\/wp\/v2\/media\/22"}],"wp:attachment":[{"href":"https:\/\/portlandmachinery.com\/ro\/wp-json\/wp\/v2\/media?parent=188"}],"wp:term":[{"taxonomy":"product_brand","embeddable":true,"href":"https:\/\/portlandmachinery.com\/ro\/wp-json\/wp\/v2\/product_brand?post=188"},{"taxonomy":"product_cat","embeddable":true,"href":"https:\/\/portlandmachinery.com\/ro\/wp-json\/wp\/v2\/product_cat?post=188"},{"taxonomy":"product_tag","embeddable":true,"href":"https:\/\/portlandmachinery.com\/ro\/wp-json\/wp\/v2\/product_tag?post=188"}],"curies":[{"name":"wp","href":"https:\/\/api.w.org\/{rel}","templated":true}]}}