{"id":189,"date":"2023-04-30T08:32:59","date_gmt":"2023-04-30T06:32:59","guid":{"rendered":"https:\/\/portlandmachinery.com\/?post_type=product&#038;p=189"},"modified":"2023-05-14T10:37:02","modified_gmt":"2023-05-14T08:37:02","slug":"ult-premium-4-t6-10w-30-06l","status":"publish","type":"product","link":"https:\/\/portlandmachinery.com\/ro\/termek\/ult-premium-4-t6-10w-30-06l\/","title":{"rendered":"Ulei motor Portland Ultimate Premium 4T6 10W30 0.6l"},"content":{"rendered":"<p>Ulei multigrad premium de ultim\u0103 genera\u021bie pentru motoarele \u00een 4 timpi din ma\u0219ini de tuns iarb\u0103, tractoare, motosape, generatoare etc. Asigur\u0103 ungere excelent\u0103, protec\u021bie \u00eempotriva coroziunii, pornire f\u0103r\u0103 probleme. Potrivit pentru utilizare at\u00e2t vara c\u00e2t \u0219i iarna!<\/p>\n<p>Caracteristici:<br \/>\nAmbalaj: 0.6 litri - Nivel de performanta: API SF\/CD - Clasa de v\u00e2scozitate: SAE 10W30 - V\u00e2scozitate cinematic\u0103 la 100\u00b0C (mm\/s): 18 - Densitate la 15\u00b0C (g\/cm3): 0,87 \u2013 Punct de aprindere: 220\u00b0C \u2013 Punct de curgere: -30\u00b0C<\/p>","protected":false},"excerpt":{"rendered":"<p>Unitate de \u00eempachetare: 0.6l<br \/>\nClasa de v\u00e2scozitate: SAE 10W30<\/p>","protected":false},"featured_media":15,"comment_status":"open","ping_status":"closed","template":"","meta":{"_seopress_robots_primary_cat":"none","_seopress_titles_title":"","_seopress_titles_desc":"","_seopress_robots_index":""},"product_brand":[],"product_cat":[23],"product_tag":[],"class_list":{"0":"post-189","1":"product","2":"type-product","3":"status-publish","4":"has-post-thumbnail","6":"product_cat-olajok-es-kenoanyagok","7":"","8":"woocommerce-text-align-center","9":"woocommerce-image-align-center","10":"do-quantity-buttons","12":"first","13":"instock","14":"shipping-taxable","15":"product-type-simple"},"_links":{"self":[{"href":"https:\/\/portlandmachinery.com\/ro\/wp-json\/wp\/v2\/product\/189","targetHints":{"allow":["GET"]}}],"collection":[{"href":"https:\/\/portlandmachinery.com\/ro\/wp-json\/wp\/v2\/product"}],"about":[{"href":"https:\/\/portlandmachinery.com\/ro\/wp-json\/wp\/v2\/types\/product"}],"replies":[{"embeddable":true,"href":"https:\/\/portlandmachinery.com\/ro\/wp-json\/wp\/v2\/comments?post=189"}],"wp:featuredmedia":[{"embeddable":true,"href":"https:\/\/portlandmachinery.com\/ro\/wp-json\/wp\/v2\/media\/15"}],"wp:attachment":[{"href":"https:\/\/portlandmachinery.com\/ro\/wp-json\/wp\/v2\/media?parent=189"}],"wp:term":[{"taxonomy":"product_brand","embeddable":true,"href":"https:\/\/portlandmachinery.com\/ro\/wp-json\/wp\/v2\/product_brand?post=189"},{"taxonomy":"product_cat","embeddable":true,"href":"https:\/\/portlandmachinery.com\/ro\/wp-json\/wp\/v2\/product_cat?post=189"},{"taxonomy":"product_tag","embeddable":true,"href":"https:\/\/portlandmachinery.com\/ro\/wp-json\/wp\/v2\/product_tag?post=189"}],"curies":[{"name":"wp","href":"https:\/\/api.w.org\/{rel}","templated":true}]}}