{"id":190,"date":"2023-04-30T08:32:59","date_gmt":"2023-04-30T06:32:59","guid":{"rendered":"https:\/\/portlandmachinery.com\/?post_type=product&#038;p=190"},"modified":"2023-05-14T10:38:36","modified_gmt":"2023-05-14T08:38:36","slug":"ult-premium-lanckeno-olaj-5-l","status":"publish","type":"product","link":"https:\/\/portlandmachinery.com\/ro\/termek\/ult-premium-lanckeno-olaj-5-l\/","title":{"rendered":"Ulei de lan\u021b Portland Ultimate Premium 5.0l"},"content":{"rendered":"<p>Uleiul Ultimate Premium Chain &amp; Bar este un lubrifiant pentru lan\u021burile de fer\u0103str\u0103u \u0219i ghidajele de lan\u021b.<br \/>\nAder\u0103 deosebit de bine \u0219i, datorit\u0103 aditivilor anti-uzur\u0103, ofer\u0103 cea mai bun\u0103 lubrifiere pentru fer\u0103straie cu lan\u021b. Chiar \u0219i \u00een condi\u021bii dificile de lucru, efectul s\u0103u de lubrifiere este optim \u0219i are o rezerv\u0103 mare de performan\u021b\u0103 chiar \u0219i \u00een cazul unor condi\u021bii extreme de utilizare.<\/p>","protected":false},"excerpt":{"rendered":"<p>Uleiul Ultimate Premium Chain &amp; Bar este un lubrifiant pentru lan\u021burile de fer\u0103str\u0103u \u0219i ghidajele de lan\u021b.<\/p>","protected":false},"featured_media":15,"comment_status":"open","ping_status":"closed","template":"","meta":{"_seopress_robots_primary_cat":"none","_seopress_titles_title":"","_seopress_titles_desc":"","_seopress_robots_index":""},"product_brand":[],"product_cat":[23],"product_tag":[],"class_list":{"0":"post-190","1":"product","2":"type-product","3":"status-publish","4":"has-post-thumbnail","6":"product_cat-olajok-es-kenoanyagok","7":"","8":"woocommerce-text-align-center","9":"woocommerce-image-align-center","10":"do-quantity-buttons","12":"first","13":"instock","14":"shipping-taxable","15":"product-type-simple"},"_links":{"self":[{"href":"https:\/\/portlandmachinery.com\/ro\/wp-json\/wp\/v2\/product\/190","targetHints":{"allow":["GET"]}}],"collection":[{"href":"https:\/\/portlandmachinery.com\/ro\/wp-json\/wp\/v2\/product"}],"about":[{"href":"https:\/\/portlandmachinery.com\/ro\/wp-json\/wp\/v2\/types\/product"}],"replies":[{"embeddable":true,"href":"https:\/\/portlandmachinery.com\/ro\/wp-json\/wp\/v2\/comments?post=190"}],"wp:featuredmedia":[{"embeddable":true,"href":"https:\/\/portlandmachinery.com\/ro\/wp-json\/wp\/v2\/media\/15"}],"wp:attachment":[{"href":"https:\/\/portlandmachinery.com\/ro\/wp-json\/wp\/v2\/media?parent=190"}],"wp:term":[{"taxonomy":"product_brand","embeddable":true,"href":"https:\/\/portlandmachinery.com\/ro\/wp-json\/wp\/v2\/product_brand?post=190"},{"taxonomy":"product_cat","embeddable":true,"href":"https:\/\/portlandmachinery.com\/ro\/wp-json\/wp\/v2\/product_cat?post=190"},{"taxonomy":"product_tag","embeddable":true,"href":"https:\/\/portlandmachinery.com\/ro\/wp-json\/wp\/v2\/product_tag?post=190"}],"curies":[{"name":"wp","href":"https:\/\/api.w.org\/{rel}","templated":true}]}}