{"id":562,"date":"2023-05-02T18:38:46","date_gmt":"2023-05-02T16:38:46","guid":{"rendered":"https:\/\/portlandmachinery.com\/?post_type=product&#038;p=562"},"modified":"2023-05-17T09:41:58","modified_gmt":"2023-05-17T07:41:58","slug":"portland-or1838p16025-lancvezeto","status":"publish","type":"product","link":"https:\/\/portlandmachinery.com\/ro\/termek\/portland-or1838p16025-lancvezeto\/","title":{"rendered":"Lam\u0103 ghidaj Portland OR1838P16025"},"content":{"rendered":"<p>Lungime lam\u0103: 18\u201d (45cm)<br \/>\nPas: 3\/8\u2033<br \/>\nUtilizare: Profesional<br \/>\nL\u0103\u021bime canal: 1,6mm (0,063\u201d)<\/p>\n<p>Tip prindere: 025<br \/>\nCompatibil: Stihl<\/p>\n<p style=\"font-weight: 400;\" class=\"translation-block\">A&nbsp;<b>Super Guide<\/b>&nbsp;l\u00e1ncvezet\u0151k ipari \u00e9s professzion\u00e1lis felhaszn\u00e1l\u00e1sra k\u00e9sz\u00fcltek. El\u00e9rhet\u0151 m\u00e9retek:&nbsp;15\u201d, 16\u201d,17\u201d, 18\u201d and 20\u201d (38-40-43-45-50cm). Lamin\u00e1lt. Nem cser\u00e9lhet\u0151 orrbet\u00e9tes!<\/p>\n<p style=\"font-weight: 400;\">Grosime dinte: .063\u2033 (1,6mm)<\/p>","protected":false},"excerpt":{"rendered":"<p>Lungime lam\u0103: 18\u201d (45cm)<br \/>\nPas: 3\/8\u2033<br \/>\nUtilizare: Profesional<br \/>\nL\u0103\u021bime canal: 1,6mm (0,063\u201d)<\/p>\n<p style=\"font-weight: 400;\">","protected":false},"featured_media":17,"comment_status":"open","ping_status":"closed","template":"","meta":{"_seopress_robots_primary_cat":"none","_seopress_titles_title":"Portland OR1838P16025 L\u00e1ncvezet\u0151","_seopress_titles_desc":"A Super Guide l\u00e1ncvezet\u0151k ipari \u00e9s professzion\u00e1lis felhaszn\u00e1l\u00e1sra k\u00e9sz\u00fcltek. Motor csatlakoz\u00e1s: 025\r\nAlkalmazhat\u00f3: Stihl","_seopress_robots_index":""},"product_brand":[],"product_cat":[18],"product_tag":[],"class_list":{"0":"post-562","1":"product","2":"type-product","3":"status-publish","4":"has-post-thumbnail","6":"product_cat-lancvezetok","7":"","8":"woocommerce-text-align-center","9":"woocommerce-image-align-center","10":"do-quantity-buttons","12":"first","13":"instock","14":"shipping-taxable","15":"product-type-simple"},"_links":{"self":[{"href":"https:\/\/portlandmachinery.com\/ro\/wp-json\/wp\/v2\/product\/562","targetHints":{"allow":["GET"]}}],"collection":[{"href":"https:\/\/portlandmachinery.com\/ro\/wp-json\/wp\/v2\/product"}],"about":[{"href":"https:\/\/portlandmachinery.com\/ro\/wp-json\/wp\/v2\/types\/product"}],"replies":[{"embeddable":true,"href":"https:\/\/portlandmachinery.com\/ro\/wp-json\/wp\/v2\/comments?post=562"}],"wp:featuredmedia":[{"embeddable":true,"href":"https:\/\/portlandmachinery.com\/ro\/wp-json\/wp\/v2\/media\/17"}],"wp:attachment":[{"href":"https:\/\/portlandmachinery.com\/ro\/wp-json\/wp\/v2\/media?parent=562"}],"wp:term":[{"taxonomy":"product_brand","embeddable":true,"href":"https:\/\/portlandmachinery.com\/ro\/wp-json\/wp\/v2\/product_brand?post=562"},{"taxonomy":"product_cat","embeddable":true,"href":"https:\/\/portlandmachinery.com\/ro\/wp-json\/wp\/v2\/product_cat?post=562"},{"taxonomy":"product_tag","embeddable":true,"href":"https:\/\/portlandmachinery.com\/ro\/wp-json\/wp\/v2\/product_tag?post=562"}],"curies":[{"name":"wp","href":"https:\/\/api.w.org\/{rel}","templated":true}]}}