{"id":68,"date":"2023-04-30T08:32:16","date_gmt":"2023-04-30T06:32:16","guid":{"rendered":"https:\/\/portlandmachinery.com\/?post_type=product&#038;p=68"},"modified":"2023-04-30T08:35:57","modified_gmt":"2023-04-30T06:35:57","slug":"portland-konfekcionalt-fureszlanc-3-8-13-44-szem","status":"publish","type":"product","link":"https:\/\/portlandmachinery.com\/ro\/termek\/portland-konfekcionalt-fureszlanc-3-8-13-44-szem\/","title":{"rendered":"Lan\u021b drujb\u0103 confec\u021bionat Portland: pas 3\/8, grosime 1.3mm, 44 ecli\u0219e"},"content":{"rendered":"<p>101VG este un lan\u021b conceput pentru utilizare ocazional\u0103, dar poate fi utilizat pe scar\u0103 larg\u0103 \u0219i pentru drujbe hobby. Acest lan\u021b necesit\u0103 mai pu\u021bin\u0103 for\u021b\u0103 dec\u00e2t un lan\u021b standard pentru a face aceea\u0219i t\u0103ietur\u0103.<br \/>\nRecomand\u0103m 101VG pentru drujbe electrice cu lame ghidaj de maxim 18\" (45cm) sau pentru fer\u0103straie cu motor pe benzin\u0103 de maxim 42cm3 cu lam\u0103 ghidaj de cel mult 16\" (40cm)<\/p>","protected":false},"excerpt":{"rendered":"<p>Num\u0103r ecli\u0219e (buc.): 44<\/p>\n<p>Pas (\u021boli): 3\/8<\/p>\n<p>Grosime lan\u021b (mm): 1.3<\/p>","protected":false},"featured_media":18,"comment_status":"open","ping_status":"closed","template":"","meta":{"_seopress_robots_primary_cat":"","_seopress_titles_title":"","_seopress_titles_desc":"","_seopress_robots_index":""},"product_brand":[],"product_cat":[17],"product_tag":[],"class_list":{"0":"post-68","1":"product","2":"type-product","3":"status-publish","4":"has-post-thumbnail","6":"product_cat-konfekcionalt-lancok","7":"","8":"woocommerce-text-align-center","9":"woocommerce-image-align-center","10":"do-quantity-buttons","12":"first","13":"instock","14":"shipping-taxable","15":"product-type-simple"},"_links":{"self":[{"href":"https:\/\/portlandmachinery.com\/ro\/wp-json\/wp\/v2\/product\/68","targetHints":{"allow":["GET"]}}],"collection":[{"href":"https:\/\/portlandmachinery.com\/ro\/wp-json\/wp\/v2\/product"}],"about":[{"href":"https:\/\/portlandmachinery.com\/ro\/wp-json\/wp\/v2\/types\/product"}],"replies":[{"embeddable":true,"href":"https:\/\/portlandmachinery.com\/ro\/wp-json\/wp\/v2\/comments?post=68"}],"wp:featuredmedia":[{"embeddable":true,"href":"https:\/\/portlandmachinery.com\/ro\/wp-json\/wp\/v2\/media\/18"}],"wp:attachment":[{"href":"https:\/\/portlandmachinery.com\/ro\/wp-json\/wp\/v2\/media?parent=68"}],"wp:term":[{"taxonomy":"product_brand","embeddable":true,"href":"https:\/\/portlandmachinery.com\/ro\/wp-json\/wp\/v2\/product_brand?post=68"},{"taxonomy":"product_cat","embeddable":true,"href":"https:\/\/portlandmachinery.com\/ro\/wp-json\/wp\/v2\/product_cat?post=68"},{"taxonomy":"product_tag","embeddable":true,"href":"https:\/\/portlandmachinery.com\/ro\/wp-json\/wp\/v2\/product_tag?post=68"}],"curies":[{"name":"wp","href":"https:\/\/api.w.org\/{rel}","templated":true}]}}