{"id":198,"date":"2023-04-30T08:47:25","date_gmt":"2023-04-30T06:47:25","guid":{"rendered":"https:\/\/portlandmachinery.com\/?page_id=198"},"modified":"2023-05-03T06:33:39","modified_gmt":"2023-05-03T04:33:39","slug":"kezdolap","status":"publish","type":"page","link":"https:\/\/portlandmachinery.com\/sr\/","title":{"rendered":"PO\u010cETNA STRANA"},"content":{"rendered":"<div data-elementor-type=\"wp-page\" data-elementor-id=\"198\" class=\"elementor elementor-198\" data-elementor-post-type=\"page\">\n\t\t\t\t<div class=\"elementor-element elementor-element-565257e e-con-full e-flex elementor-invisible e-con e-parent\" data-id=\"565257e\" data-element_type=\"container\" data-e-type=\"container\" data-settings=\"{&quot;background_background&quot;:&quot;classic&quot;,&quot;animation&quot;:&quot;fadeInDown&quot;,&quot;shape_divider_top&quot;:&quot;opacity-tilt&quot;}\">\n\t\t\t\t<div class=\"elementor-shape elementor-shape-top\" aria-hidden=\"true\" data-negative=\"false\">\n\t\t\t<svg xmlns=\"http:\/\/www.w3.org\/2000\/svg\" viewbox=\"0 0 2600 131.1\" preserveaspectratio=\"none\">\n\t<path class=\"elementor-shape-fill\" d=\"M0 0L2600 0 2600 69.1 0 0z\"\/>\n\t<path class=\"elementor-shape-fill\" style=\"opacity:0.5\" d=\"M0 0L2600 0 2600 69.1 0 69.1z\"\/>\n\t<path class=\"elementor-shape-fill\" style=\"opacity:0.25\" d=\"M2600 0L0 0 0 130.1 2600 69.1z\"\/>\n<\/svg>\t\t<\/div>\n\t\t\t\t<div class=\"elementor-element elementor-element-b7ef62e elementor-widget elementor-widget-spacer\" data-id=\"b7ef62e\" data-element_type=\"widget\" data-e-type=\"widget\" data-widget_type=\"spacer.default\">\n\t\t\t\t<div class=\"elementor-widget-container\">\n\t\t\t\t\t\t\t<div class=\"elementor-spacer\">\n\t\t\t<div class=\"elementor-spacer-inner\"><\/div>\n\t\t<\/div>\n\t\t\t\t\t\t<\/div>\n\t\t\t\t<\/div>\n\t\t\t\t<\/div>\n\t\t<div class=\"elementor-element elementor-element-ce2ac10 e-flex e-con-boxed elementor-invisible e-con e-parent\" data-id=\"ce2ac10\" data-element_type=\"container\" data-e-type=\"container\" data-settings=\"{&quot;animation&quot;:&quot;bounceInUp&quot;}\">\n\t\t\t\t\t<div class=\"e-con-inner\">\n\t\t<div class=\"elementor-element elementor-element-24d5c0e e-con-full e-flex e-con e-child\" data-id=\"24d5c0e\" data-element_type=\"container\" data-e-type=\"container\">\n\t\t\t\t<div class=\"elementor-element elementor-element-de694b5 elementor-widget elementor-widget-image\" data-id=\"de694b5\" data-element_type=\"widget\" data-e-type=\"widget\" data-widget_type=\"image.default\">\n\t\t\t\t<div class=\"elementor-widget-container\">\n\t\t\t\t\t\t\t\t\t\t\t\t\t\t\t\t<a href=\"https:\/\/portlandmachinery.com\/sr\/termekkategoria\/funyiro-traktorok\/\">\n\t\t\t\t\t\t\t<img fetchpriority=\"high\" decoding=\"async\" width=\"500\" height=\"500\" src=\"https:\/\/portlandmachinery.com\/wp-content\/uploads\/2023\/04\/fugyujtos_webshop_kep_H9212RD.jpg\" class=\"attachment-large size-large wp-image-23\" alt=\"Portland Machinery f\u0171ny\u00edr\u00f3 traktor\" \/>\t\t\t\t\t\t\t\t<\/a>\n\t\t\t\t\t\t\t\t\t\t\t\t\t\t\t<\/div>\n\t\t\t\t<\/div>\n\t\t\t\t<div class=\"elementor-element elementor-element-208595d elementor-widget elementor-widget-heading\" data-id=\"208595d\" data-element_type=\"widget\" data-e-type=\"widget\" data-widget_type=\"heading.default\">\n\t\t\t\t<div class=\"elementor-widget-container\">\n\t\t\t\t\t<h2 class=\"elementor-heading-title elementor-size-default\">BA\u0160TENSKI TRAKTORI<\/h2>\t\t\t\t<\/div>\n\t\t\t\t<\/div>\n\t\t\t\t<\/div>\n\t\t<div class=\"elementor-element elementor-element-80f4795 e-con-full e-flex e-con e-child\" data-id=\"80f4795\" data-element_type=\"container\" data-e-type=\"container\">\n\t\t\t\t<div class=\"elementor-element elementor-element-f2d30f4 elementor-widget elementor-widget-image\" data-id=\"f2d30f4\" data-element_type=\"widget\" data-e-type=\"widget\" data-widget_type=\"image.default\">\n\t\t\t\t<div class=\"elementor-widget-container\">\n\t\t\t\t\t\t\t\t\t\t\t\t\t\t\t\t<a href=\"https:\/\/portlandmachinery.com\/sr\/termekkategoria\/lancvezetok\/\">\n\t\t\t\t\t\t\t<img decoding=\"async\" width=\"500\" height=\"500\" src=\"https:\/\/portlandmachinery.com\/wp-content\/uploads\/2023\/04\/vezeto.jpg\" class=\"attachment-large size-large wp-image-17\" alt=\"Portland Machinery l\u00e1ncvezet\u0151k\" \/>\t\t\t\t\t\t\t\t<\/a>\n\t\t\t\t\t\t\t\t\t\t\t\t\t\t\t<\/div>\n\t\t\t\t<\/div>\n\t\t\t\t<div class=\"elementor-element elementor-element-49d6ea7 elementor-widget elementor-widget-heading\" data-id=\"49d6ea7\" data-element_type=\"widget\" data-e-type=\"widget\" data-widget_type=\"heading.default\">\n\t\t\t\t<div class=\"elementor-widget-container\">\n\t\t\t\t\t<h2 class=\"elementor-heading-title elementor-size-default\">Vodilice<\/h2>\t\t\t\t<\/div>\n\t\t\t\t<\/div>\n\t\t\t\t<\/div>\n\t\t<div class=\"elementor-element elementor-element-98a3dc3 e-con-full e-flex e-con e-child\" data-id=\"98a3dc3\" data-element_type=\"container\" data-e-type=\"container\">\n\t\t\t\t<div class=\"elementor-element elementor-element-457cb5f elementor-widget elementor-widget-image\" data-id=\"457cb5f\" data-element_type=\"widget\" data-e-type=\"widget\" data-widget_type=\"image.default\">\n\t\t\t\t<div class=\"elementor-widget-container\">\n\t\t\t\t\t\t\t\t\t\t\t\t\t\t\t\t<a href=\"https:\/\/portlandmachinery.com\/sr\/termekkategoria\/fureszlancok\/\">\n\t\t\t\t\t\t\t<img decoding=\"async\" width=\"500\" height=\"500\" src=\"https:\/\/portlandmachinery.com\/wp-content\/uploads\/2023\/04\/lanc.jpg\" class=\"attachment-large size-large wp-image-18\" alt=\"Portland Machinery f\u0171r\u00e9szl\u00e1ncok\" \/>\t\t\t\t\t\t\t\t<\/a>\n\t\t\t\t\t\t\t\t\t\t\t\t\t\t\t<\/div>\n\t\t\t\t<\/div>\n\t\t\t\t<div class=\"elementor-element elementor-element-2b0fc1e elementor-widget elementor-widget-heading\" data-id=\"2b0fc1e\" data-element_type=\"widget\" data-e-type=\"widget\" data-widget_type=\"heading.default\">\n\t\t\t\t<div class=\"elementor-widget-container\">\n\t\t\t\t\t<h2 class=\"elementor-heading-title elementor-size-default\">Lanci<\/h2>\t\t\t\t<\/div>\n\t\t\t\t<\/div>\n\t\t\t\t<\/div>\n\t\t<div class=\"elementor-element elementor-element-f4530d1 e-con-full e-flex e-con e-child\" data-id=\"f4530d1\" data-element_type=\"container\" data-e-type=\"container\">\n\t\t\t\t<div class=\"elementor-element elementor-element-cb1c72e elementor-widget elementor-widget-image\" data-id=\"cb1c72e\" data-element_type=\"widget\" data-e-type=\"widget\" data-widget_type=\"image.default\">\n\t\t\t\t<div class=\"elementor-widget-container\">\n\t\t\t\t\t\t\t\t\t\t\t\t\t\t\t\t<a href=\"https:\/\/portlandmachinery.com\/sr\/termekkategoria\/csillagkerekek\/\">\n\t\t\t\t\t\t\t<img loading=\"lazy\" decoding=\"async\" width=\"500\" height=\"500\" src=\"https:\/\/portlandmachinery.com\/wp-content\/uploads\/2023\/04\/csilagkerek.jpg\" class=\"attachment-large size-large wp-image-19\" alt=\"Portland Machinery csillagker\u00e9k\" \/>\t\t\t\t\t\t\t\t<\/a>\n\t\t\t\t\t\t\t\t\t\t\t\t\t\t\t<\/div>\n\t\t\t\t<\/div>\n\t\t\t\t<div class=\"elementor-element elementor-element-f8a3b38 elementor-widget elementor-widget-heading\" data-id=\"f8a3b38\" data-element_type=\"widget\" data-e-type=\"widget\" data-widget_type=\"heading.default\">\n\t\t\t\t<div class=\"elementor-widget-container\">\n\t\t\t\t\t<h2 class=\"elementor-heading-title elementor-size-default\">Lan\u010danici<\/h2>\t\t\t\t<\/div>\n\t\t\t\t<\/div>\n\t\t\t\t<\/div>\n\t\t<div class=\"elementor-element elementor-element-dbe6236 e-con-full e-flex e-con e-child\" data-id=\"dbe6236\" data-element_type=\"container\" data-e-type=\"container\">\n\t\t\t\t<div class=\"elementor-element elementor-element-628ff04 elementor-widget elementor-widget-image\" data-id=\"628ff04\" data-element_type=\"widget\" data-e-type=\"widget\" data-widget_type=\"image.default\">\n\t\t\t\t<div class=\"elementor-widget-container\">\n\t\t\t\t\t\t\t\t\t\t\t\t\t\t\t\t<a href=\"https:\/\/portlandmachinery.com\/sr\/termekkategoria\/betetgyuruk\/\">\n\t\t\t\t\t\t\t<img loading=\"lazy\" decoding=\"async\" width=\"500\" height=\"500\" src=\"https:\/\/portlandmachinery.com\/wp-content\/uploads\/2023\/04\/betetgyuru.jpg\" class=\"attachment-large size-large wp-image-20\" alt=\"bet\u00e9tgy\u0171r\u0171\" \/>\t\t\t\t\t\t\t\t<\/a>\n\t\t\t\t\t\t\t\t\t\t\t\t\t\t\t<\/div>\n\t\t\t\t<\/div>\n\t\t\t\t<div class=\"elementor-element elementor-element-38a5c90 elementor-widget elementor-widget-heading\" data-id=\"38a5c90\" data-element_type=\"widget\" data-e-type=\"widget\" data-widget_type=\"heading.default\">\n\t\t\t\t<div class=\"elementor-widget-container\">\n\t\t\t\t\t<h2 class=\"elementor-heading-title elementor-size-default\">Prsteni lan\u010danika<\/h2>\t\t\t\t<\/div>\n\t\t\t\t<\/div>\n\t\t\t\t<\/div>\n\t\t<div class=\"elementor-element elementor-element-b79205c e-con-full e-flex e-con e-child\" data-id=\"b79205c\" data-element_type=\"container\" data-e-type=\"container\">\n\t\t\t\t<div class=\"elementor-element elementor-element-6ff8dcf elementor-widget elementor-widget-image\" data-id=\"6ff8dcf\" data-element_type=\"widget\" data-e-type=\"widget\" data-widget_type=\"image.default\">\n\t\t\t\t<div class=\"elementor-widget-container\">\n\t\t\t\t\t\t\t\t\t\t\t\t\t\t\t\t<a href=\"https:\/\/portlandmachinery.com\/sr\/termekkategoria\/olajok-es-kenoanyagok\/\">\n\t\t\t\t\t\t\t<img loading=\"lazy\" decoding=\"async\" width=\"500\" height=\"500\" src=\"https:\/\/portlandmachinery.com\/wp-content\/uploads\/2023\/04\/olaj.jpg\" class=\"attachment-large size-large wp-image-15\" alt=\"Portland Machinery Olajok \u00e9s ken\u0151anyagok\" \/>\t\t\t\t\t\t\t\t<\/a>\n\t\t\t\t\t\t\t\t\t\t\t\t\t\t\t<\/div>\n\t\t\t\t<\/div>\n\t\t\t\t<div class=\"elementor-element elementor-element-83d1b0b elementor-widget elementor-widget-heading\" data-id=\"83d1b0b\" data-element_type=\"widget\" data-e-type=\"widget\" data-widget_type=\"heading.default\">\n\t\t\t\t<div class=\"elementor-widget-container\">\n\t\t\t\t\t<h2 class=\"elementor-heading-title elementor-size-default\">Ulja i Maziva<\/h2>\t\t\t\t<\/div>\n\t\t\t\t<\/div>\n\t\t\t\t<\/div>\n\t\t<div class=\"elementor-element elementor-element-ebc4f40 e-con-full e-flex e-con e-child\" data-id=\"ebc4f40\" data-element_type=\"container\" data-e-type=\"container\">\n\t\t\t\t<div class=\"elementor-element elementor-element-9e96241 elementor-widget elementor-widget-image\" data-id=\"9e96241\" data-element_type=\"widget\" data-e-type=\"widget\" data-widget_type=\"image.default\">\n\t\t\t\t<div class=\"elementor-widget-container\">\n\t\t\t\t\t\t\t\t\t\t\t\t\t\t\t\t<a href=\"https:\/\/portlandmachinery.com\/sr\/termekkategoria\/fukasza-damilok\/\">\n\t\t\t\t\t\t\t<img loading=\"lazy\" decoding=\"async\" width=\"500\" height=\"500\" src=\"https:\/\/portlandmachinery.com\/wp-content\/uploads\/2023\/04\/damilok.jpg\" class=\"attachment-large size-large wp-image-21\" alt=\"Portland Machinery f\u0171kasza damil\" \/>\t\t\t\t\t\t\t\t<\/a>\n\t\t\t\t\t\t\t\t\t\t\t\t\t\t\t<\/div>\n\t\t\t\t<\/div>\n\t\t\t\t<div class=\"elementor-element elementor-element-6da4983 elementor-widget elementor-widget-heading\" data-id=\"6da4983\" data-element_type=\"widget\" data-e-type=\"widget\" data-widget_type=\"heading.default\">\n\t\t\t\t<div class=\"elementor-widget-container\">\n\t\t\t\t\t<h2 class=\"elementor-heading-title elementor-size-default\">Trimi niti<\/h2>\t\t\t\t<\/div>\n\t\t\t\t<\/div>\n\t\t\t\t<\/div>\n\t\t\t\t\t<\/div>\n\t\t\t\t<\/div>\n\t\t<div class=\"elementor-element elementor-element-9d33b60 e-flex e-con-boxed e-con e-parent\" data-id=\"9d33b60\" data-element_type=\"container\" data-e-type=\"container\">\n\t\t\t\t\t<div class=\"e-con-inner\">\n\t\t<div class=\"elementor-element elementor-element-08ddac8 e-con-full e-flex elementor-invisible e-con e-child\" data-id=\"08ddac8\" data-element_type=\"container\" data-e-type=\"container\" data-settings=\"{&quot;background_background&quot;:&quot;classic&quot;,&quot;animation&quot;:&quot;fadeInLeft&quot;}\">\n\t\t\t\t<\/div>\n\t\t<div class=\"elementor-element elementor-element-4f4f2fb e-con-full e-flex e-con e-child\" data-id=\"4f4f2fb\" data-element_type=\"container\" data-e-type=\"container\">\n\t\t<div class=\"elementor-element elementor-element-3882eaf e-flex e-con-boxed elementor-invisible e-con e-child\" data-id=\"3882eaf\" data-element_type=\"container\" data-e-type=\"container\" data-settings=\"{&quot;animation&quot;:&quot;fadeInRight&quot;}\">\n\t\t\t\t\t<div class=\"e-con-inner\">\n\t\t\t\t<div class=\"elementor-element elementor-element-22470a1 elementor-widget elementor-widget-heading\" data-id=\"22470a1\" data-element_type=\"widget\" data-e-type=\"widget\" data-widget_type=\"heading.default\">\n\t\t\t\t<div class=\"elementor-widget-container\">\n\t\t\t\t\t<h2 class=\"elementor-heading-title elementor-size-default\">MISIJA<\/h2>\t\t\t\t<\/div>\n\t\t\t\t<\/div>\n\t\t\t\t\t<\/div>\n\t\t\t\t<\/div>\n\t\t<div class=\"elementor-element elementor-element-1656bec e-flex e-con-boxed e-con e-child\" data-id=\"1656bec\" data-element_type=\"container\" data-e-type=\"container\">\n\t\t\t\t\t<div class=\"e-con-inner\">\n\t\t\t\t<div class=\"elementor-element elementor-element-30e0914 elementor-invisible elementor-widget elementor-widget-text-editor\" data-id=\"30e0914\" data-element_type=\"widget\" data-e-type=\"widget\" data-settings=\"{&quot;_animation&quot;:&quot;fadeInRight&quot;}\" data-widget_type=\"text-editor.default\">\n\t\t\t\t<div class=\"elementor-widget-container\">\n\t\t\t\t\t\t\t\t\t<p>Na\u0161a misija je da obezbedimo najbolje proizvode i usluge prema potrebama potro\u0161a\u010da. Mi stvaramo vrednost svojom posve\u0107eno\u0161\u0107u kvalitetu, kontinuiranim razvojem, pristupom fokusiranim na kupca i inovacijama. Proizvodimo sopstvene brendirane proizvode.\u00a0<br \/>Kroz na\u0161e aktivnosti, cilj nam je da odr\u017eimo kompaniju koja zastupa slede\u0107e vrednosti:<br \/><strong>Profesionalni pristup<\/strong>\u00a0- u\u017eivamo u svom poslu i ponosni smo na na\u0161e kvalitetne, efikasne i odr\u017eive aktivnosti<br \/><strong>Po\u0161tovanje<\/strong>\u00a0- pa\u017enja i poverenje prema drugima, uva\u017eavanje doprinosa svakog \u010doveka pojedina\u010dno<br \/><strong>Komunikacija<\/strong>\u00a0otvorena, iskrena i direktna komunikacija sa kolegama i drugima, tokom koje se akcenat stavlja na uva\u017eavanje ideja partnera,  isto  kao i na preno\u0161enje na\u0161ih ideja<br \/><strong>U\u010denje<\/strong>\u00a0- kontinuirano u\u010denje, iz izvora van kompanije kao i unutar kompanije<br \/><strong>Kreativnost<\/strong>\u00a0- usu\u0111ujemo se da probamo i nove metode<br \/><strong>Etika<\/strong>\u00a0- po\u0161tenje je dobar posao. U PMT-u dr\u017eimo do sebe i svog poslovanja prema najvi\u0161im standardima pravi\u010dnosti, po\u0161tenja i integriteta<\/p>\t\t\t\t\t\t\t\t<\/div>\n\t\t\t\t<\/div>\n\t\t\t\t\t<\/div>\n\t\t\t\t<\/div>\n\t\t\t\t<\/div>\n\t\t\t\t\t<\/div>\n\t\t\t\t<\/div>\n\t\t<div class=\"elementor-element elementor-element-ec5a324 e-con-full e-flex elementor-invisible e-con e-parent\" data-id=\"ec5a324\" data-element_type=\"container\" data-e-type=\"container\" data-settings=\"{&quot;background_background&quot;:&quot;classic&quot;,&quot;animation&quot;:&quot;fadeInDown&quot;,&quot;shape_divider_top&quot;:&quot;opacity-tilt&quot;,&quot;shape_divider_bottom&quot;:&quot;opacity-tilt&quot;}\">\n\t\t\t\t<div class=\"elementor-shape elementor-shape-top\" aria-hidden=\"true\" data-negative=\"false\">\n\t\t\t<svg xmlns=\"http:\/\/www.w3.org\/2000\/svg\" viewbox=\"0 0 2600 131.1\" preserveaspectratio=\"none\">\n\t<path class=\"elementor-shape-fill\" d=\"M0 0L2600 0 2600 69.1 0 0z\"\/>\n\t<path class=\"elementor-shape-fill\" style=\"opacity:0.5\" d=\"M0 0L2600 0 2600 69.1 0 69.1z\"\/>\n\t<path class=\"elementor-shape-fill\" style=\"opacity:0.25\" d=\"M2600 0L0 0 0 130.1 2600 69.1z\"\/>\n<\/svg>\t\t<\/div>\n\t\t\t\t<div class=\"elementor-shape elementor-shape-bottom\" aria-hidden=\"true\" data-negative=\"false\">\n\t\t\t<svg xmlns=\"http:\/\/www.w3.org\/2000\/svg\" viewbox=\"0 0 2600 131.1\" preserveaspectratio=\"none\">\n\t<path class=\"elementor-shape-fill\" d=\"M0 0L2600 0 2600 69.1 0 0z\"\/>\n\t<path class=\"elementor-shape-fill\" style=\"opacity:0.5\" d=\"M0 0L2600 0 2600 69.1 0 69.1z\"\/>\n\t<path class=\"elementor-shape-fill\" style=\"opacity:0.25\" d=\"M2600 0L0 0 0 130.1 2600 69.1z\"\/>\n<\/svg>\t\t<\/div>\n\t\t\t\t<div class=\"elementor-element elementor-element-e7971f7 elementor-widget elementor-widget-spacer\" data-id=\"e7971f7\" data-element_type=\"widget\" data-e-type=\"widget\" data-widget_type=\"spacer.default\">\n\t\t\t\t<div class=\"elementor-widget-container\">\n\t\t\t\t\t\t\t<div class=\"elementor-spacer\">\n\t\t\t<div class=\"elementor-spacer-inner\"><\/div>\n\t\t<\/div>\n\t\t\t\t\t\t<\/div>\n\t\t\t\t<\/div>\n\t\t\t\t<\/div>\n\t\t\t\t<\/div>","protected":false},"excerpt":{"rendered":"<p>F\u0170NY\u00cdR\u00d3 TRAKTOROK l\u00e1ncvezet\u0151k f\u0171r\u00e9szl\u00e1ncok csillagkerekek bet\u00e9tgy\u0171r\u0171k ken\u0151anyagok f\u0171kasza damilok K\u00dcLDET\u00c9S K\u00fcldet\u00e9s\u00fcnk az, hogy a fogyaszt\u00f3k ig\u00e9nyei szerinti legjobb term\u00e9keket \u00e9s szolg\u00e1ltat\u00e1sokat ny\u00fajtsuk. A min\u0151s\u00e9g ir\u00e1nti elk\u00f6telezetts\u00e9g\u00fcnkkel, folyamatos fejleszt\u00e9seinkkel, \u00fcgyf\u00e9lk\u00f6zpont\u00fa megk\u00f6zel\u00edt\u00e9si m\u00f3dunkkal \u00e9s az innov\u00e1ci\u00f3val teremt\u00fcnk \u00e9rt\u00e9ket. Saj\u00e1t m\u00e1rk\u00e1s term\u00e9keket gy\u00e1rtunk.\u00a0Tev\u00e9kenys\u00e9g\u00fcnk sor\u00e1n mindv\u00e9gig c\u00e9lunk egy olyan t\u00e1rsas\u00e1g fenntart\u00e1sa, amely az al\u00e1bbi \u00e9rt\u00e9keket k\u00e9pviseli:Szakmai hozz\u00e1\u00e1ll\u00e1s\u00a0\u2013 \u00e9lvezz\u00fck munk\u00e1nkat &#8230; <a title=\"PO\u010cETNA STRANA\" class=\"read-more\" href=\"https:\/\/portlandmachinery.com\/sr\/\" aria-label=\"Read more about Kezd\u0151lap\">Olvass tov\u00e1bb<\/a><\/p>","protected":false},"author":1,"featured_media":0,"parent":0,"menu_order":0,"comment_status":"closed","ping_status":"closed","template":"elementor_header_footer","meta":{"_seopress_robots_primary_cat":"","_seopress_titles_title":"","_seopress_titles_desc":"","_seopress_robots_index":"","footnotes":""},"class_list":["post-198","page","type-page","status-publish"],"_links":{"self":[{"href":"https:\/\/portlandmachinery.com\/sr\/wp-json\/wp\/v2\/pages\/198","targetHints":{"allow":["GET"]}}],"collection":[{"href":"https:\/\/portlandmachinery.com\/sr\/wp-json\/wp\/v2\/pages"}],"about":[{"href":"https:\/\/portlandmachinery.com\/sr\/wp-json\/wp\/v2\/types\/page"}],"author":[{"embeddable":true,"href":"https:\/\/portlandmachinery.com\/sr\/wp-json\/wp\/v2\/users\/1"}],"replies":[{"embeddable":true,"href":"https:\/\/portlandmachinery.com\/sr\/wp-json\/wp\/v2\/comments?post=198"}],"version-history":[{"count":27,"href":"https:\/\/portlandmachinery.com\/sr\/wp-json\/wp\/v2\/pages\/198\/revisions"}],"predecessor-version":[{"id":569,"href":"https:\/\/portlandmachinery.com\/sr\/wp-json\/wp\/v2\/pages\/198\/revisions\/569"}],"wp:attachment":[{"href":"https:\/\/portlandmachinery.com\/sr\/wp-json\/wp\/v2\/media?parent=198"}],"curies":[{"name":"wp","href":"https:\/\/api.w.org\/{rel}","templated":true}]}}