{"id":252,"date":"2023-04-30T10:52:57","date_gmt":"2023-04-30T08:52:57","guid":{"rendered":"https:\/\/portlandmachinery.com\/?page_id=252"},"modified":"2023-04-30T18:23:48","modified_gmt":"2023-04-30T16:23:48","slug":"termekek","status":"publish","type":"page","link":"https:\/\/portlandmachinery.com\/sr\/termekek\/","title":{"rendered":"PROIZVODI"},"content":{"rendered":"<div data-elementor-type=\"wp-page\" data-elementor-id=\"252\" class=\"elementor elementor-252\" data-elementor-post-type=\"page\">\n\t\t\t\t<div class=\"elementor-element elementor-element-33e251b e-flex e-con-boxed e-con e-parent\" data-id=\"33e251b\" data-element_type=\"container\" data-e-type=\"container\">\n\t\t\t\t\t<div class=\"e-con-inner\">\n\t\t<div class=\"elementor-element elementor-element-582e66b e-con-full e-flex elementor-invisible e-con e-child\" data-id=\"582e66b\" data-element_type=\"container\" data-e-type=\"container\" data-settings=\"{&quot;background_background&quot;:&quot;classic&quot;,&quot;animation&quot;:&quot;fadeInLeft&quot;}\">\n\t\t\t\t<div class=\"elementor-element elementor-element-2713947 elementor-widget elementor-widget-heading\" data-id=\"2713947\" data-element_type=\"widget\" data-e-type=\"widget\" data-widget_type=\"heading.default\">\n\t\t\t\t<div class=\"elementor-widget-container\">\n\t\t\t\t\t<h2 class=\"elementor-heading-title elementor-size-default\"><a href=\"https:\/\/portlandmachinery.com\/sr\/termekkategoria\/funyiro-traktorok\/\">BA\u0160TENSKI TRAKTORI<\/a><\/h2>\t\t\t\t<\/div>\n\t\t\t\t<\/div>\n\t\t\t\t<\/div>\n\t\t<div class=\"elementor-element elementor-element-54ddc07 e-con-full e-flex elementor-invisible e-con e-child\" data-id=\"54ddc07\" data-element_type=\"container\" data-e-type=\"container\" data-settings=\"{&quot;background_background&quot;:&quot;classic&quot;,&quot;animation&quot;:&quot;fadeInRight&quot;}\">\n\t\t\t\t<div class=\"elementor-element elementor-element-c1b8f88 elementor-widget elementor-widget-heading\" data-id=\"c1b8f88\" data-element_type=\"widget\" data-e-type=\"widget\" data-widget_type=\"heading.default\">\n\t\t\t\t<div class=\"elementor-widget-container\">\n\t\t\t\t\t<h2 class=\"elementor-heading-title elementor-size-default\"><a href=\"https:\/\/portlandmachinery.com\/sr\/termekkategoria\/fukasza-damilok\/\">TRIMI NITI<\/a><\/h2>\t\t\t\t<\/div>\n\t\t\t\t<\/div>\n\t\t\t\t<\/div>\n\t\t<div class=\"elementor-element elementor-element-241f8a5 e-con-full e-flex elementor-invisible e-con e-child\" data-id=\"241f8a5\" data-element_type=\"container\" data-e-type=\"container\" data-settings=\"{&quot;background_background&quot;:&quot;classic&quot;,&quot;animation&quot;:&quot;fadeInLeft&quot;}\">\n\t\t\t\t<div class=\"elementor-element elementor-element-6c13ce4 elementor-widget elementor-widget-heading\" data-id=\"6c13ce4\" data-element_type=\"widget\" data-e-type=\"widget\" data-widget_type=\"heading.default\">\n\t\t\t\t<div class=\"elementor-widget-container\">\n\t\t\t\t\t<h2 class=\"elementor-heading-title elementor-size-default\"><a href=\"https:\/\/portlandmachinery.com\/sr\/termekkategoria\/lancvezetok\/\">\u0160UMSKA OPREMA <\/a><\/h2>\t\t\t\t<\/div>\n\t\t\t\t<\/div>\n\t\t\t\t<\/div>\n\t\t<div class=\"elementor-element elementor-element-321b7a8 e-con-full e-flex elementor-invisible e-con e-child\" data-id=\"321b7a8\" data-element_type=\"container\" data-e-type=\"container\" data-settings=\"{&quot;background_background&quot;:&quot;classic&quot;,&quot;animation&quot;:&quot;fadeInRight&quot;}\">\n\t\t\t\t<div class=\"elementor-element elementor-element-4a433c0 elementor-widget elementor-widget-heading\" data-id=\"4a433c0\" data-element_type=\"widget\" data-e-type=\"widget\" data-widget_type=\"heading.default\">\n\t\t\t\t<div class=\"elementor-widget-container\">\n\t\t\t\t\t<h2 class=\"elementor-heading-title elementor-size-default\"><a href=\"https:\/\/portlandmachinery.com\/sr\/termekkategoria\/olajok-es-kenoanyagok\/\">ULJA I MAZIVA<\/a><\/h2>\t\t\t\t<\/div>\n\t\t\t\t<\/div>\n\t\t\t\t<\/div>\n\t\t\t\t\t<\/div>\n\t\t\t\t<\/div>\n\t\t\t\t<\/div>","protected":false},"excerpt":{"rendered":"<p>F\u0170NY\u00cdR\u00d3 TRAKTOROK F\u0170KASZA DAMILOK ERD\u00c9SZETI ESZK\u00d6Z\u00d6K OLAJOK &#8211; KEN\u0150ANYAGOK<\/p>","protected":false},"author":1,"featured_media":0,"parent":0,"menu_order":0,"comment_status":"closed","ping_status":"closed","template":"elementor_header_footer","meta":{"_seopress_robots_primary_cat":"","_seopress_titles_title":"","_seopress_titles_desc":"","_seopress_robots_index":"","footnotes":""},"class_list":["post-252","page","type-page","status-publish"],"_links":{"self":[{"href":"https:\/\/portlandmachinery.com\/sr\/wp-json\/wp\/v2\/pages\/252","targetHints":{"allow":["GET"]}}],"collection":[{"href":"https:\/\/portlandmachinery.com\/sr\/wp-json\/wp\/v2\/pages"}],"about":[{"href":"https:\/\/portlandmachinery.com\/sr\/wp-json\/wp\/v2\/types\/page"}],"author":[{"embeddable":true,"href":"https:\/\/portlandmachinery.com\/sr\/wp-json\/wp\/v2\/users\/1"}],"replies":[{"embeddable":true,"href":"https:\/\/portlandmachinery.com\/sr\/wp-json\/wp\/v2\/comments?post=252"}],"version-history":[{"count":15,"href":"https:\/\/portlandmachinery.com\/sr\/wp-json\/wp\/v2\/pages\/252\/revisions"}],"predecessor-version":[{"id":407,"href":"https:\/\/portlandmachinery.com\/sr\/wp-json\/wp\/v2\/pages\/252\/revisions\/407"}],"wp:attachment":[{"href":"https:\/\/portlandmachinery.com\/sr\/wp-json\/wp\/v2\/media?parent=252"}],"curies":[{"name":"wp","href":"https:\/\/api.w.org\/{rel}","templated":true}]}}