{"id":275,"date":"2023-04-30T11:36:00","date_gmt":"2023-04-30T09:36:00","guid":{"rendered":"https:\/\/portlandmachinery.com\/?page_id=275"},"modified":"2023-04-30T21:59:06","modified_gmt":"2023-04-30T19:59:06","slug":"szervizek","status":"publish","type":"page","link":"https:\/\/portlandmachinery.com\/sr\/szervizek\/","title":{"rendered":"SERVIS"},"content":{"rendered":"<div data-elementor-type=\"wp-page\" data-elementor-id=\"275\" class=\"elementor elementor-275\" data-elementor-post-type=\"page\">\n\t\t\t\t<div class=\"elementor-element elementor-element-34d1c3a e-flex e-con-boxed e-con e-parent\" data-id=\"34d1c3a\" data-element_type=\"container\" data-e-type=\"container\">\n\t\t\t\t\t<div class=\"e-con-inner\">\n\t\t\t\t<div class=\"elementor-element elementor-element-fcb7239 elementor-widget elementor-widget-heading\" data-id=\"fcb7239\" data-element_type=\"widget\" data-e-type=\"widget\" data-widget_type=\"heading.default\">\n\t\t\t\t<div class=\"elementor-widget-container\">\n\t\t\t\t\t<h2 class=\"elementor-heading-title elementor-size-default\">PORTLAND MACHINERY SERVIS TRAKTORA<\/h2>\t\t\t\t<\/div>\n\t\t\t\t<\/div>\n\t\t\t\t<div class=\"elementor-element elementor-element-e7467b8 elementor-widget elementor-widget-html\" data-id=\"e7467b8\" data-element_type=\"widget\" data-e-type=\"widget\" data-widget_type=\"html.default\">\n\t\t\t\t<div class=\"elementor-widget-container\">\n\t\t\t\t\t<iframe src=\"https:\/\/www.google.com\/maps\/d\/embed?mid=1vKJQ5YnAT2KV7yMmbYupjObWcM5kFO4&ehbc=2E312F\" width=\"640\" height=\"480\"><\/iframe>\t\t\t\t<\/div>\n\t\t\t\t<\/div>\n\t\t\t\t<div class=\"elementor-element elementor-element-ddf3efc elementor-widget elementor-widget-shortcode\" data-id=\"ddf3efc\" data-element_type=\"widget\" data-e-type=\"widget\" data-widget_type=\"shortcode.default\">\n\t\t\t\t<div class=\"elementor-widget-container\">\n\t\t\t\t\t\t\t<div class=\"elementor-shortcode\">\n<table id=\"tablepress-1\" class=\"tablepress tablepress-id-1\">\n<thead>\n<tr class=\"row-1\">\n\t<th class=\"column-1\">Naziv firme<\/th><th class=\"column-2\">Dr\u017eava<\/th><th class=\"column-3\">Grad<\/th><th class=\"column-4\">V\u00e1rmegye<\/th><th class=\"column-5\">Adresa<\/th><th class=\"column-6\">Telefon\/mail<\/th>\n<\/tr>\n<\/thead>\n<tbody>\n<tr class=\"row-2\">\n\t<td class=\"column-1\">Farag\u00f3 Team Bt.<\/td><td class=\"column-2\">Magyarorsz\u00e1g<\/td><td class=\"column-3\">Budapest<\/td><td class=\"column-4\">Pest<\/td><td class=\"column-5\">Budapest, G\u0151z\u00f6s u. 17, 1172<\/td><td class=\"column-6\">06 30 984 1096<\/td>\n<\/tr>\n<tr class=\"row-3\">\n\t<td class=\"column-1\">Horv\u00e1th L\u00e1szl\u00f3 EV<\/td><td class=\"column-2\">Magyarorsz\u00e1g<\/td><td class=\"column-3\">Nemesg\u00f6rzs\u00f6ny<\/td><td class=\"column-4\">Veszpr\u00e9m<\/td><td class=\"column-5\">8522 Nemesg\u00f6rzs\u00f6ny, Kossuth u. 22.<\/td><td class=\"column-6\">06 30 947 5945 <\/td>\n<\/tr>\n<tr class=\"row-4\">\n\t<td class=\"column-1\">HOSAG\u00c9P Kft<\/td><td class=\"column-2\">Magyarorsz\u00e1g<\/td><td class=\"column-3\">Buda\u00f6rs<\/td><td class=\"column-4\">Pest<\/td><td class=\"column-5\">2040 Buda\u00f6rs, Szabads\u00e1g u.77. <\/td><td class=\"column-6\">06 23  789 320<\/td>\n<\/tr>\n<tr class=\"row-5\">\n\t<td class=\"column-1\">Perity Mih\u00e1ly E.V.<\/td><td class=\"column-2\">Magyarorsz\u00e1g<\/td><td class=\"column-3\">Szeksz\u00e1rd<\/td><td class=\"column-4\">Tolna<\/td><td class=\"column-5\">7100 Szeksz\u00e1rd kesely\u0171si \u00fat 22\/4 <\/td><td class=\"column-6\">06 74 495-596<\/td>\n<\/tr>\n<tr class=\"row-6\">\n\t<td class=\"column-1\">Mg-\u00c9p G\u00e9pker Bt.<\/td><td class=\"column-2\">Magyarorsz\u00e1g<\/td><td class=\"column-3\">Debrecen<\/td><td class=\"column-4\">Hajdu-Bihar<\/td><td class=\"column-5\">4034 Debrecen, V\u00e1mosp\u00e9rcsi \u00fat 131.<\/td><td class=\"column-6\">06 30 3269 571 <\/td>\n<\/tr>\n<tr class=\"row-7\">\n\t<td class=\"column-1\">Steiner Istv\u00e1n EV<\/td><td class=\"column-2\">Magyarorsz\u00e1g<\/td><td class=\"column-3\">Mosonmagyar\u00f3v\u00e1r<\/td><td class=\"column-4\">Gy\u0151r-Moson-Sopron<\/td><td class=\"column-5\"><\/td><td class=\"column-6\"><\/td>\n<\/tr>\n<tr class=\"row-8\">\n\t<td class=\"column-1\">Narix-G\u00e9p kft<\/td><td class=\"column-2\">Magyarorsz\u00e1g<\/td><td class=\"column-3\">Budapest<\/td><td class=\"column-4\">Pest<\/td><td class=\"column-5\">1164 Budapest, Magt\u00e1r u. 13\/B<\/td><td class=\"column-6\">+36-30-811-9363<\/td>\n<\/tr>\n<tr class=\"row-9\">\n\t<td class=\"column-1\">UNO J\u00e1rm\u0171jav\u00edt\u00f3 Kft.<\/td><td class=\"column-2\">Magyarorsz\u00e1g<\/td><td class=\"column-3\">Kaposv\u00e1r<\/td><td class=\"column-4\">Somogy<\/td><td class=\"column-5\">7400 Kaposv\u00e1r, Guba S\u00e1ndor utca 55.<\/td><td class=\"column-6\">+36-30-940-1107<\/td>\n<\/tr>\n<tr class=\"row-10\">\n\t<td class=\"column-1\">Kraller Viktor EV<\/td><td class=\"column-2\">Magyarorsz\u00e1g<\/td><td class=\"column-3\">K\u00f6rmend<\/td><td class=\"column-4\">Vas<\/td><td class=\"column-5\">9900 K\u00f6rmend, B\u00e9ke Utca 9<\/td><td class=\"column-6\">+36-30-246-3864<\/td>\n<\/tr>\n<tr class=\"row-11\">\n\t<td class=\"column-1\">K\u00f3bor L\u00e1szl\u00f3<\/td><td class=\"column-2\">Magyarorsz\u00e1g<\/td><td class=\"column-3\">Sopron<\/td><td class=\"column-4\">Gy\u0151r-Moson-Sopron<\/td><td class=\"column-5\">9400 Sopron, Somfalvi u.14.<\/td><td class=\"column-6\">+36-30-916-5239<\/td>\n<\/tr>\n<tr class=\"row-12\">\n\t<td class=\"column-1\">Nemes Gergely EV<\/td><td class=\"column-2\">Magyarorsz\u00e1g<\/td><td class=\"column-3\">Magl\u00f3d<\/td><td class=\"column-4\">Pest<\/td><td class=\"column-5\">2234 Magl\u00f3d, Perczel M.u.28.<\/td><td class=\"column-6\">+36-20-260-0240<\/td>\n<\/tr>\n<tr class=\"row-13\">\n\t<td class=\"column-1\">Nedermann Istv\u00e1n EV<\/td><td class=\"column-2\">Magyarorsz\u00e1g<\/td><td class=\"column-3\">Baj<\/td><td class=\"column-4\">Kom\u00e1rom-Esztergom \u00e9s Pest<\/td><td class=\"column-5\">2836 Baj, Bem utca 8.<\/td><td class=\"column-6\">+36-30929-3673<\/td>\n<\/tr>\n<tr class=\"row-14\">\n\t<td class=\"column-1\">SH Erd\u00e9szeti Kertig\u00e9p Kft.<\/td><td class=\"column-2\">Magyarorsz\u00e1g<\/td><td class=\"column-3\">Kaposv\u00e1r<\/td><td class=\"column-4\">Somogy<\/td><td class=\"column-5\">7400 Kaposv\u00e1r, F\u0151 u. 63.<\/td><td class=\"column-6\">+36-30-213-7126<\/td>\n<\/tr>\n<tr class=\"row-15\">\n\t<td class=\"column-1\">Papcsi Kert \u00e9s Hobby Kft<\/td><td class=\"column-2\">Magyarorsz\u00e1g<\/td><td class=\"column-3\">Kecskem\u00e9t<\/td><td class=\"column-4\">B\u00e1cs-Kiskun<\/td><td class=\"column-5\">6000 Kecskem\u00e9t , Cegl\u00e9di.u.92<\/td><td class=\"column-6\">+36-30-843-8102<\/td>\n<\/tr>\n<tr class=\"row-16\">\n\t<td class=\"column-1\">VLL Profi F\u0171ny\u00edr\u00f3 Kft.<\/td><td class=\"column-2\">Magyarorsz\u00e1g<\/td><td class=\"column-3\">Nagykanizsa<\/td><td class=\"column-4\">Zala<\/td><td class=\"column-5\">8800 Nagykanizsa, Ifjus\u00e1g utca 45.<\/td><td class=\"column-6\">+36-30-256-9994<\/td>\n<\/tr>\n<tr class=\"row-17\">\n\t<td class=\"column-1\">Blue Energy Hungary Kft<\/td><td class=\"column-2\">Magyarorsz\u00e1g<\/td><td class=\"column-3\">Miskolc<\/td><td class=\"column-4\">Borsod-Abauj-Zempl\u00e9n<\/td><td class=\"column-5\">3526 Miskolc, Szeles utca 45.<\/td><td class=\"column-6\">+36-20-551-0021<\/td>\n<\/tr>\n<tr class=\"row-18\">\n\t<td class=\"column-1\">EXTENDED WARRANTY SERVICE Kft.<\/td><td class=\"column-2\">Magyarorsz\u00e1g<\/td><td class=\"column-3\">Budapest<\/td><td class=\"column-4\">Pest<\/td><td class=\"column-5\">1119 Budapest, Andor u. 60.<\/td><td class=\"column-6\">06-1-207-1621<\/td>\n<\/tr>\n<tr class=\"row-19\">\n\t<td class=\"column-1\">BNV-Kisg\u00e9pszerviz Kft<\/td><td class=\"column-2\">Magyarorsz\u00e1g<\/td><td class=\"column-3\">Veresegyh\u00e1z<\/td><td class=\"column-4\">Pest<\/td><td class=\"column-5\">2112 Veresegyh\u00e1z, Rege utca 1.<\/td><td class=\"column-6\">+36-20-333-3868<\/td>\n<\/tr>\n<tr class=\"row-20\">\n\t<td class=\"column-1\">Papp Imre e.v.<\/td><td class=\"column-2\">Magyarorsz\u00e1g<\/td><td class=\"column-3\">Polg\u00e1r<\/td><td class=\"column-4\">Hajdu-Bihar<\/td><td class=\"column-5\">4090 Polg\u00e1r, H\u0151s\u00f6k \u00fatja 97<\/td><td class=\"column-6\">+36-30-968-9843<\/td>\n<\/tr>\n<tr class=\"row-21\">\n\t<td class=\"column-1\">R\u00e1ba Ferenc EV<\/td><td class=\"column-2\">Magyarorsz\u00e1g<\/td><td class=\"column-3\">S\u00e1rv\u00e1r<\/td><td class=\"column-4\">Vas<\/td><td class=\"column-5\">9608 S\u00e1rv\u00e1r, R\u00e1bas\u00f6mj\u00e9ni u.67<\/td><td class=\"column-6\">+36-20-915-8725<\/td>\n<\/tr>\n<tr class=\"row-22\">\n\t<td class=\"column-1\">\u0150zse J\u00e1nos E.V.<\/td><td class=\"column-2\">Magyarorsz\u00e1g<\/td><td class=\"column-3\">P\u00fcsp\u00f6klad\u00e1ny<\/td><td class=\"column-4\">Hajdu-Bihar<\/td><td class=\"column-5\"><\/td><td class=\"column-6\">janosozse@gmail.com<\/td>\n<\/tr>\n<tr class=\"row-23\">\n\t<td class=\"column-1\">Blaskovics D\u00e1niel E.V.<\/td><td class=\"column-2\">Magyarorsz\u00e1g<\/td><td class=\"column-3\">\u00dajudvar<\/td><td class=\"column-4\">Zala<\/td><td class=\"column-5\"><\/td><td class=\"column-6\"><\/td>\n<\/tr>\n<tr class=\"row-24\">\n\t<td class=\"column-1\">Dr. Park<\/td><td class=\"column-2\">Magyarorsz\u00e1g<\/td><td class=\"column-3\">Miskolc<\/td><td class=\"column-4\">Borsod-Abauj-Zempl\u00e9n<\/td><td class=\"column-5\"><\/td><td class=\"column-6\"><\/td>\n<\/tr>\n<tr class=\"row-25\">\n\t<td class=\"column-1\">Barna Andr\u00e1s e.v.<\/td><td class=\"column-2\">Magyarorsz\u00e1g<\/td><td class=\"column-3\">Vasalja<\/td><td class=\"column-4\">Vas<\/td><td class=\"column-5\">9921 Vasalj, R\u00e1k\u00f3czi u. 36.<\/td><td class=\"column-6\"><\/td>\n<\/tr>\n<tr class=\"row-26\">\n\t<td class=\"column-1\">B\u00e1tor \u00e9s B\u00e1tor Kisg\u00e9pcentrum Bt.<\/td><td class=\"column-2\">Magyarorsz\u00e1g<\/td><td class=\"column-3\">Celld\u00f6m\u00f6lk<\/td><td class=\"column-4\">Vas<\/td><td class=\"column-5\">9500 Celld\u00f6m\u00f6lk, S\u00e1gi u. 109.<\/td><td class=\"column-6\">batorkisgepszerviz@gmail.com<\/td>\n<\/tr>\n<tr class=\"row-27\">\n\t<td class=\"column-1\">Bezzegh \u00c9p\u00fcletg\u00e9p\u00e9szeti Kft.<\/td><td class=\"column-2\">Magyarorsz\u00e1g<\/td><td class=\"column-3\">Gy\u00f6ngy\u00f6s<br \/>\n<\/td><td class=\"column-4\">Heves<\/td><td class=\"column-5\">3200 Gy\u00f6ngy\u00f6s, Szurdokpart 6.<\/td><td class=\"column-6\">gyurka.balazs@bezzeghkft.hu<\/td>\n<\/tr>\n<tr class=\"row-28\">\n\t<td class=\"column-1\">Csan\u00e1dy \u00e9s T\u00e1rsa Bt.<\/td><td class=\"column-2\">Magyarorsz\u00e1g<\/td><td class=\"column-3\">Szolnok<\/td><td class=\"column-4\">J\u00e1sz-Nagykun-Szolnok<\/td><td class=\"column-5\">5000 Szolnok, M\u00e1ty\u00e1s Kir\u00e1ly \u00fat 18.<\/td><td class=\"column-6\">szolnok.husqvara@t-online.hu<\/td>\n<\/tr>\n<tr class=\"row-29\">\n\t<td class=\"column-1\">ENAN Kft.<\/td><td class=\"column-2\">Magyarorsz\u00e1g<\/td><td class=\"column-3\">Tatab\u00e1nya<\/td><td class=\"column-4\">Kom\u00e1rom-Esztergom<\/td><td class=\"column-5\">2800 Tatab\u00e1nya, Szent Istv\u00e1n u. 3.<\/td><td class=\"column-6\">gymak@freemail.hu<\/td>\n<\/tr>\n<tr class=\"row-30\">\n\t<td class=\"column-1\">Gazdag Ern\u0151 EV.<\/td><td class=\"column-2\">Magyarorsz\u00e1g<\/td><td class=\"column-3\">Nagyv\u00e1zsony<\/td><td class=\"column-4\">Veszpr\u00e9m<\/td><td class=\"column-5\">8291 Nagyv\u00e1zsony, Gypesor 13.<\/td><td class=\"column-6\">gazdag.erno@gmail.com<\/td>\n<\/tr>\n<tr class=\"row-31\">\n\t<td class=\"column-1\">K\u00c9T-I Szerviz Kft.<\/td><td class=\"column-2\">Magyarorsz\u00e1g<\/td><td class=\"column-3\">Szabadbotty\u00e1n<\/td><td class=\"column-4\">Fej\u00e9r<\/td><td class=\"column-5\">8151 Szabadbotty\u00e1n, Erzsebet t\u00e9r 5.<\/td><td class=\"column-6\">ketiszerviz@gmail.com<\/td>\n<\/tr>\n<tr class=\"row-32\">\n\t<td class=\"column-1\">Kisg\u00e9pcentrum Kft.<\/td><td class=\"column-2\">Magyarorsz\u00e1g<\/td><td class=\"column-3\">\u00c9rd<\/td><td class=\"column-4\">Pest<\/td><td class=\"column-5\">2030 \u00c9rd, Feh\u00e9rv\u00e1ri \u00fat 63-65.<\/td><td class=\"column-6\">kisgep@kisgepcentrum.hu<\/td>\n<\/tr>\n<tr class=\"row-33\">\n\t<td class=\"column-1\">Kiss-So\u00f3s Kft.<\/td><td class=\"column-2\">Magyarorsz\u00e1g<\/td><td class=\"column-3\">Kapuv\u00e1r<\/td><td class=\"column-4\">Gy\u0151r-Moson-Sopron<\/td><td class=\"column-5\">9330 Kapuv\u00e1r, Zr\u00ednyi u. 18.<\/td><td class=\"column-6\">kissooskft@gmail.com<\/td>\n<\/tr>\n<tr class=\"row-34\">\n\t<td class=\"column-1\">Krausz Tam\u00e1s EV<\/td><td class=\"column-2\">Magyarorsz\u00e1g<\/td><td class=\"column-3\">Pilisv\u00f6r\u00f6sv\u00e1r<\/td><td class=\"column-4\">Pest<\/td><td class=\"column-5\">2085 Pilisv\u00f6r\u00f6sv\u00e1r, Csob\u00e1nkai u. 2.<\/td><td class=\"column-6\">krauszkft@freemail.hu<\/td>\n<\/tr>\n<tr class=\"row-35\">\n\t<td class=\"column-1\">Praktikus Kft.<\/td><td class=\"column-2\">Magyarorsz\u00e1g<\/td><td class=\"column-3\">Pilisv\u00f6r\u00f6sv\u00e1r<\/td><td class=\"column-4\">Pest<\/td><td class=\"column-5\">2085 Pilisv\u00f6r\u00f6sv\u00e1r, F\u0151 \u00fat 92.<\/td><td class=\"column-6\">praktikus@praktikus.hu<\/td>\n<\/tr>\n<tr class=\"row-36\">\n\t<td class=\"column-1\">Reg\u0151s G\u00e1bor D\u00e9nes EV.<\/td><td class=\"column-2\">Magyarorsz\u00e1g<\/td><td class=\"column-3\">Nagyvenyim<\/td><td class=\"column-4\">Fej\u00e9r<\/td><td class=\"column-5\">2421 Nagyvenyim, F\u0151 \u00fat 13\/1<\/td><td class=\"column-6\">kisgepszerviz8@gmail.com<\/td>\n<\/tr>\n<tr class=\"row-37\">\n\t<td class=\"column-1\">T\u00f3th Ferenc EV.<\/td><td class=\"column-2\">Magyarorsz\u00e1g<\/td><td class=\"column-3\">Duna\u00fajv\u00e1ros<\/td><td class=\"column-4\">Fej\u00e1r<\/td><td class=\"column-5\">2400 Duna\u00fajv\u00e1ros, Gar\u00e1zs sor 24.<\/td><td class=\"column-6\">kertigep@outlook.hu<\/td>\n<\/tr>\n<tr class=\"row-38\">\n\t<td class=\"column-1\">Horoszcoop Kft. - Kertcoop.hu<\/td><td class=\"column-2\">Magyarorsz\u00e1g<\/td><td class=\"column-3\">Vecs\u00e9s<\/td><td class=\"column-4\">Pest<\/td><td class=\"column-5\">2220 Vecs\u00e9s, Sz\u00e9chenyi u 90.<\/td><td class=\"column-6\">+36 29-550-750<\/td>\n<\/tr>\n<tr class=\"row-39\">\n\t<td class=\"column-1\">Motor Force Impex SRL<\/td><td class=\"column-2\">Rom\u00e1nia<\/td><td class=\"column-3\">Cluj-Napoca<\/td><td class=\"column-4\">Cluj<\/td><td class=\"column-5\">str. Plevnei nr. 83.                                      400394 Cluj-Napoca<br \/>\n<\/td><td class=\"column-6\">+ 40 264 412 530<\/td>\n<\/tr>\n<tr class=\"row-40\">\n\t<td class=\"column-1\">Horoszcoop d.o.o.<\/td><td class=\"column-2\">Szerbia<\/td><td class=\"column-3\">Senta<\/td><td class=\"column-4\"><\/td><td class=\"column-5\">24400 Senta,                                        Petefi \u0160andora 47.<\/td><td class=\"column-6\">+ 381 24 813 135<\/td>\n<\/tr>\n<\/tbody>\n<\/table>\n<!-- #tablepress-1 from cache --><\/div>\n\t\t\t\t\t\t<\/div>\n\t\t\t\t<\/div>\n\t\t\t\t\t<\/div>\n\t\t\t\t<\/div>\n\t\t\t\t<\/div>","protected":false},"excerpt":{"rendered":"<p>PORTLAND MACHINERY SERVIS TRAKTORA<\/p>","protected":false},"author":1,"featured_media":0,"parent":0,"menu_order":0,"comment_status":"closed","ping_status":"closed","template":"elementor_header_footer","meta":{"_seopress_robots_primary_cat":"","_seopress_titles_title":"","_seopress_titles_desc":"","_seopress_robots_index":"","footnotes":""},"class_list":["post-275","page","type-page","status-publish"],"_links":{"self":[{"href":"https:\/\/portlandmachinery.com\/sr\/wp-json\/wp\/v2\/pages\/275","targetHints":{"allow":["GET"]}}],"collection":[{"href":"https:\/\/portlandmachinery.com\/sr\/wp-json\/wp\/v2\/pages"}],"about":[{"href":"https:\/\/portlandmachinery.com\/sr\/wp-json\/wp\/v2\/types\/page"}],"author":[{"embeddable":true,"href":"https:\/\/portlandmachinery.com\/sr\/wp-json\/wp\/v2\/users\/1"}],"replies":[{"embeddable":true,"href":"https:\/\/portlandmachinery.com\/sr\/wp-json\/wp\/v2\/comments?post=275"}],"version-history":[{"count":9,"href":"https:\/\/portlandmachinery.com\/sr\/wp-json\/wp\/v2\/pages\/275\/revisions"}],"predecessor-version":[{"id":545,"href":"https:\/\/portlandmachinery.com\/sr\/wp-json\/wp\/v2\/pages\/275\/revisions\/545"}],"wp:attachment":[{"href":"https:\/\/portlandmachinery.com\/sr\/wp-json\/wp\/v2\/media?parent=275"}],"curies":[{"name":"wp","href":"https:\/\/api.w.org\/{rel}","templated":true}]}}