{"id":489,"date":"2023-04-30T17:41:44","date_gmt":"2023-04-30T15:41:44","guid":{"rendered":"https:\/\/portlandmachinery.com\/?page_id=489"},"modified":"2023-05-16T09:50:15","modified_gmt":"2023-05-16T07:50:15","slug":"tamogatas","status":"publish","type":"page","link":"https:\/\/portlandmachinery.com\/sr\/tamogatas\/","title":{"rendered":"PODR\u0160KA"},"content":{"rendered":"<div data-elementor-type=\"wp-page\" data-elementor-id=\"489\" class=\"elementor elementor-489\" data-elementor-post-type=\"page\">\n\t\t\t\t<div class=\"elementor-element elementor-element-5ad1f16 e-flex e-con-boxed e-con e-parent\" data-id=\"5ad1f16\" data-element_type=\"container\" data-e-type=\"container\">\n\t\t\t\t\t<div class=\"e-con-inner\">\n\t\t\t\t<div class=\"elementor-element elementor-element-1e0e5a7 elementor-grid-3 elementor-grid-tablet-2 elementor-grid-mobile-1 elementor-posts--thumbnail-top elementor-card-shadow-yes elementor-posts__hover-gradient elementor-widget elementor-widget-posts\" data-id=\"1e0e5a7\" data-element_type=\"widget\" data-e-type=\"widget\" data-settings=\"{&quot;cards_columns&quot;:&quot;3&quot;,&quot;cards_columns_tablet&quot;:&quot;2&quot;,&quot;cards_columns_mobile&quot;:&quot;1&quot;,&quot;cards_row_gap&quot;:{&quot;unit&quot;:&quot;px&quot;,&quot;size&quot;:35,&quot;sizes&quot;:[]},&quot;cards_row_gap_tablet&quot;:{&quot;unit&quot;:&quot;px&quot;,&quot;size&quot;:&quot;&quot;,&quot;sizes&quot;:[]},&quot;cards_row_gap_mobile&quot;:{&quot;unit&quot;:&quot;px&quot;,&quot;size&quot;:&quot;&quot;,&quot;sizes&quot;:[]}}\" data-widget_type=\"posts.cards\">\n\t\t\t\t<div class=\"elementor-widget-container\">\n\t\t\t\t\t\t\t<div class=\"elementor-posts-container elementor-posts elementor-posts--skin-cards elementor-grid\" role=\"list\">\n\t\t\t\t<article class=\"elementor-post elementor-grid-item post-510 post type-post status-publish format-standard hentry category-egyeb\" role=\"listitem\">\n\t\t\t<div class=\"elementor-post__card\">\n\t\t\t\t<div class=\"elementor-post__text\">\n\t\t\t\t<h3 class=\"elementor-post__title\">\n\t\t\t<a href=\"https:\/\/portlandmachinery.com\/sr\/megfontolando-a-biztonsag\/\" >\n\t\t\t\tMegfontoland\u00f3: a biztons\u00e1g\t\t\t<\/a>\n\t\t<\/h3>\n\t\t\t\t<div class=\"elementor-post__excerpt\">\n\t\t\t<p>ELS\u00d4 A BIZTONS\u00c1G! Tal\u00e1n nem lehet el\u00e9gszer felh\u00edvni r\u00e1 a figyelmet, hogy a l\u00e1ncf\u0171r\u00e9sz nem j\u00e1t\u00e9k! Minden esetben alaposan tanulm\u00e1nyozza a l\u00e1ncf\u0171r\u00e9sz\u00e9hez kapott haszn\u00e1lati \u00fatmutat\u00f3t! K\u00f6vesse pontosan a gy\u00e1rt\u00f3 utas\u00edt\u00e1sait \u00fagy a l\u00e1nc\u00e9lez\u00e9sre, olajz\u00e1sra vonatkoz\u00f3 ir\u00e1nymutat\u00e1st, mint b\u00e1rmely m\u00e1s karbantart\u00e1ssal kapcsolatos utas\u00edt\u00e1st. A most k\u00f6vetkez\u0151 inform\u00e1ci\u00f3k nem helyettes\u00edtik a gy\u00e1rt\u00f3 \u00e1ltal az \u00d6n konkr\u00e9t motorf\u0171r\u00e9sz\u00e9hez<\/p>\n\t\t<\/div>\n\t\t\t\t\t<div class=\"elementor-post__read-more-wrapper\">\n\t\t\n\t\t<a class=\"elementor-post__read-more\" href=\"https:\/\/portlandmachinery.com\/sr\/megfontolando-a-biztonsag\/\" aria-label=\"Read more about Megfontoland\u00f3: a biztons\u00e1g\" tabindex=\"-1\" >\n\t\t\t&gt;&gt;&gt;\t\t<\/a>\n\n\t\t\t\t\t<\/div>\n\t\t\t\t<\/div>\n\t\t\t\t\t<\/div>\n\t\t<\/article>\n\t\t\t\t<article class=\"elementor-post elementor-grid-item post-508 post type-post status-publish format-standard hentry category-egyeb\" role=\"listitem\">\n\t\t\t<div class=\"elementor-post__card\">\n\t\t\t\t<div class=\"elementor-post__text\">\n\t\t\t\t<h3 class=\"elementor-post__title\">\n\t\t\t<a href=\"https:\/\/portlandmachinery.com\/sr\/lancfuresz-karbantartas\/\" >\n\t\t\t\tL\u00e1ncf\u0171r\u00e9sz Karbantart\u00e1s\t\t\t<\/a>\n\t\t<\/h3>\n\t\t\t\t<div class=\"elementor-post__excerpt\">\n\t\t\t<p>Hogyan tartsam \u00fczembiztosan a f\u0171r\u00e9szemet?A l\u00e1ncf\u0171r\u00e9sz, mint minden munk\u00e1t v\u00e9gz\u0151, robban\u00f3motoros g\u00e9p, k\u00f6telez\u0151 id\u0151szakos karbantart\u00e1st ig\u00e9nyel, a megfelel\u0151 m\u0171k\u00f6d\u00e9s \u00e9rdek\u00e9ben. A karbantart\u00e1si munk\u00e1k k\u00f6z\u00f6tt a legfontosabb, a megfelel\u0151 l\u00e1nc\u00e9less\u00e9g fenntart\u00e1sa, amit az el\u0151z\u0151ekben taglaltunk. Ehhez szervesen kacsol\u00f3dik a l\u00e1ncvezet\u0151 karbantart\u00e1sa.&nbsp;Az al\u00e1bbi l\u00e9p\u00e9sekkel nagyban megn\u00f6velhetj\u00fck l\u00e1ncvezet\u0151nk \u00e9lettartam\u00e1t, \u00e9s biztos\u00edthatjuk az egyenletes v\u00e1g\u00e1steljes\u00edtm\u00e9nyt&nbsp;\u2013 term\u00e9szetesen csak \u00e9les l\u00e1nc<\/p>\n\t\t<\/div>\n\t\t\t\t\t<div class=\"elementor-post__read-more-wrapper\">\n\t\t\n\t\t<a class=\"elementor-post__read-more\" href=\"https:\/\/portlandmachinery.com\/sr\/lancfuresz-karbantartas\/\" aria-label=\"Read more about L\u00e1ncf\u0171r\u00e9sz Karbantart\u00e1s\" tabindex=\"-1\" >\n\t\t\t&gt;&gt;&gt;\t\t<\/a>\n\n\t\t\t\t\t<\/div>\n\t\t\t\t<\/div>\n\t\t\t\t\t<\/div>\n\t\t<\/article>\n\t\t\t\t<article class=\"elementor-post elementor-grid-item post-506 post type-post status-publish format-standard hentry category-egyeb\" role=\"listitem\">\n\t\t\t<div class=\"elementor-post__card\">\n\t\t\t\t<div class=\"elementor-post__text\">\n\t\t\t\t<h3 class=\"elementor-post__title\">\n\t\t\t<a href=\"https:\/\/portlandmachinery.com\/sr\/tippek-es-trukkok-jotanacsok\/\" >\n\t\t\t\tTippek \u00e9s Tr\u00fckk\u00f6k\u00a0&#8211; J\u00f3tan\u00e1csok\t\t\t<\/a>\n\t\t<\/h3>\n\t\t\t\t<div class=\"elementor-post__excerpt\">\n\t\t\t<p>N\u00e9h\u00e1ny motorf\u0171r\u00e9szes j\u00f3tan\u00e1cs: 1.&nbsp;&nbsp;&nbsp;&nbsp;&nbsp; A motorf\u0171r\u00e9szt egy fajta dolog v\u00e1g\u00e1s\u00e1ra tal\u00e1lt\u00e1k ki: fa. Ne haszn\u00e1lja a g\u00e9pet semmilyen m\u00e1s anyag v\u00e1g\u00e1s\u00e1ra \u00e9s ne hagyja, hogy a f\u0171r\u00e9sz munka k\u00f6zben k\u00f6vekkel vagy valamilyen hullad\u00e9k anyaggal \u00e9rintkezzen. Ne feledje, a motorf\u0171r\u00e9sz ak\u00e1r 80 km\/h sebess\u00e9ggel futhat. Ha csak egy m\u00e1sodpercre \u00e9rintkezik k\u0151vel vagy a talajjal t\u00f6bb, mint<\/p>\n\t\t<\/div>\n\t\t\t\t\t<div class=\"elementor-post__read-more-wrapper\">\n\t\t\n\t\t<a class=\"elementor-post__read-more\" href=\"https:\/\/portlandmachinery.com\/sr\/tippek-es-trukkok-jotanacsok\/\" aria-label=\"Read more about Tippek \u00e9s Tr\u00fckk\u00f6k\u00a0&#8211; J\u00f3tan\u00e1csok\" tabindex=\"-1\" >\n\t\t\t&gt;&gt;&gt;\t\t<\/a>\n\n\t\t\t\t\t<\/div>\n\t\t\t\t<\/div>\n\t\t\t\t\t<\/div>\n\t\t<\/article>\n\t\t\t\t<article class=\"elementor-post elementor-grid-item post-504 post type-post status-publish format-standard hentry category-egyeb\" role=\"listitem\">\n\t\t\t<div class=\"elementor-post__card\">\n\t\t\t\t<div class=\"elementor-post__text\">\n\t\t\t\t<h3 class=\"elementor-post__title\">\n\t\t\t<a href=\"https:\/\/portlandmachinery.com\/sr\/lancfureszekrol-kezdoknek\/\" >\n\t\t\t\tL\u00e1ncf\u0171r\u00e9szekr\u0151l kezd\u0151knek\t\t\t<\/a>\n\t\t<\/h3>\n\t\t\t\t<div class=\"elementor-post__excerpt\">\n\t\t\t<p>Mit is keress\u00fcnk? A l\u00e1ncf\u0171r\u00e9sz minden bizonnyal a legjobb eszk\u00f6z a gyors \u00e9s hat\u00e9kony v\u00e1g\u00e1s kivitelez\u00e9s\u00e9hez. Ak\u00e1rhogyis, mindenk\u00e9ppen t\u00f6bb m\u00f3dja van annak, hogy f\u00e1t v\u00e1gjunk. A gy\u00e1rt\u00f3k t\u00f6bbf\u00e9le motorm\u00e9rettel \u00e9s l\u00e1ncvezet\u0151 hosszal k\u00e9sz\u00edtenek l\u00e1ncf\u0171r\u00e9szeket. A felhaszn\u00e1l\u00f3 szem\u00e9lyes ig\u00e9nyeit\u0151l f\u00fcgg, hogy melyiket is v\u00e1lasztja. Ha csup\u00e1n n\u00e9h\u00e1ny \u00e1gat kell lev\u00e1gni, akkor nem lesz sz\u00fcks\u00e9g k\u00fcl\u00f6n\u00f6sen nagy<\/p>\n\t\t<\/div>\n\t\t\t\t\t<div class=\"elementor-post__read-more-wrapper\">\n\t\t\n\t\t<a class=\"elementor-post__read-more\" href=\"https:\/\/portlandmachinery.com\/sr\/lancfureszekrol-kezdoknek\/\" aria-label=\"Read more about L\u00e1ncf\u0171r\u00e9szekr\u0151l kezd\u0151knek\" tabindex=\"-1\" >\n\t\t\t&gt;&gt;&gt;\t\t<\/a>\n\n\t\t\t\t\t<\/div>\n\t\t\t\t<\/div>\n\t\t\t\t\t<\/div>\n\t\t<\/article>\n\t\t\t\t<article class=\"elementor-post elementor-grid-item post-501 post type-post status-publish format-standard hentry category-egyeb\" role=\"listitem\">\n\t\t\t<div class=\"elementor-post__card\">\n\t\t\t\t<div class=\"elementor-post__text\">\n\t\t\t\t<h3 class=\"elementor-post__title\">\n\t\t\t<a href=\"https:\/\/portlandmachinery.com\/sr\/fukasza-damil-szinkod\/\" >\n\t\t\t\tF\u0171kasza damil sz\u00ednk\u00f3d\u00a0\u00a0\t\t\t<\/a>\n\t\t<\/h3>\n\t\t\t\t<div class=\"elementor-post__excerpt\">\n\t\t\t<p>Az \u00e1ltalunk forgalmazott v\u00e1g\u00f3sz\u00e1lakat v\u00e1ltozatos ig\u00e9nyeket igyekeznek kiszolg\u00e1lni, ennek megfelel\u0151en k\u00fcl\u00f6nb\u00f6z\u0151 vastags\u00e1gokban \u00e9s profilokkal gy\u00e1rtjuk \u0151ket. A legt\u00f6bb t\u00edpust 3 k\u00fcl\u00f6nf\u00e9le hossz\u00fas\u00e1gban csomagoljuk, \u00edgy \u00d6n ki tudja v\u00e1lasztani az \u00d6nnek legmegfelel\u0151bb kiszerel\u00e9st. Az elt\u00e9r\u0151 \u00e1tm\u00e9r\u0151j\u0171 damilok m\u00e1s-m\u00e1s c\u00e9lra ide\u00e1lisak. Ezt mindig \u00e9rdemes figyelmbe venni v\u00e1s\u00e1rl\u00e1sn\u00e1l! Javasolt Haszn\u00e1lhat\u00f3s\u00e1g \u00e1tm\u00e9r\u0151 szerint: Legfontosabb el\u0151ny\u00f6s tulajdons\u00e1gok damil-profil szerint:<\/p>\n\t\t<\/div>\n\t\t\t\t\t<div class=\"elementor-post__read-more-wrapper\">\n\t\t\n\t\t<a class=\"elementor-post__read-more\" href=\"https:\/\/portlandmachinery.com\/sr\/fukasza-damil-szinkod\/\" aria-label=\"Read more about F\u0171kasza damil sz\u00ednk\u00f3d\u00a0\u00a0\" tabindex=\"-1\" >\n\t\t\t&gt;&gt;&gt;\t\t<\/a>\n\n\t\t\t\t\t<\/div>\n\t\t\t\t<\/div>\n\t\t\t\t\t<\/div>\n\t\t<\/article>\n\t\t\t\t<article class=\"elementor-post elementor-grid-item post-499 post type-post status-publish format-standard hentry category-egyeb\" role=\"listitem\">\n\t\t\t<div class=\"elementor-post__card\">\n\t\t\t\t<div class=\"elementor-post__text\">\n\t\t\t\t<h3 class=\"elementor-post__title\">\n\t\t\t<a href=\"https:\/\/portlandmachinery.com\/sr\/terminologia-magyarazat\/\" >\n\t\t\t\tTerminol\u00f3gia magyar\u00e1zat\t\t\t<\/a>\n\t\t<\/h3>\n\t\t\t\t<div class=\"elementor-post__excerpt\">\n\t\t\t<p>\u00a0Terminol\u00f3gia magyar\u00e1zat &#8211; F\u0171r\u00e9szl\u00e1ncok Konfekcion\u00e1lt l\u00e1ncok eset\u00e9ben a l\u00e1nct\u00edpusok az al\u00e1bbiak szerint \u00e9rtelmezend\u0151k: P\u00e9lda:100SG-45E 100SG&nbsp;= l\u00e1nc fajt\u00e1ja45E&nbsp;= meghajt\u00f3szemek sz\u00e1ma L\u00e1nct\u00edpusaink kiv\u00e1l\u00f3an illeszkednek a legt\u00f6bb motoros \u00e9s elektromos f\u0171r\u00e9sz m\u00e1rk\u00e1hoz: Terminol\u00f3gia magyar\u00e1zat &#8211; L\u00e1ncvezet\u0151k L\u00e1ncvezet\u0151ink term\u00e9ksz\u00e1mai az al\u00e1bbiak szerint \u00e9rtelmezend\u0151ek: P\u00e9lda:&nbsp;OR&nbsp;1438H13041<\/p>\n\t\t<\/div>\n\t\t\t\t\t<div class=\"elementor-post__read-more-wrapper\">\n\t\t\n\t\t<a class=\"elementor-post__read-more\" href=\"https:\/\/portlandmachinery.com\/sr\/terminologia-magyarazat\/\" aria-label=\"Read more about Terminol\u00f3gia magyar\u00e1zat\" tabindex=\"-1\" >\n\t\t\t&gt;&gt;&gt;\t\t<\/a>\n\n\t\t\t\t\t<\/div>\n\t\t\t\t<\/div>\n\t\t\t\t\t<\/div>\n\t\t<\/article>\n\t\t\t\t<\/div>\n\t\t\n\t\t\t\t\t\t<\/div>\n\t\t\t\t<\/div>\n\t\t\t\t\t<\/div>\n\t\t\t\t<\/div>\n\t\t\t\t<\/div>","protected":false},"excerpt":{"rendered":"","protected":false},"author":1,"featured_media":0,"parent":0,"menu_order":0,"comment_status":"closed","ping_status":"closed","template":"elementor_header_footer","meta":{"_seopress_robots_primary_cat":"","_seopress_titles_title":"","_seopress_titles_desc":"","_seopress_robots_index":"","footnotes":""},"class_list":["post-489","page","type-page","status-publish","hentry"],"_links":{"self":[{"href":"https:\/\/portlandmachinery.com\/sr\/wp-json\/wp\/v2\/pages\/489","targetHints":{"allow":["GET"]}}],"collection":[{"href":"https:\/\/portlandmachinery.com\/sr\/wp-json\/wp\/v2\/pages"}],"about":[{"href":"https:\/\/portlandmachinery.com\/sr\/wp-json\/wp\/v2\/types\/page"}],"author":[{"embeddable":true,"href":"https:\/\/portlandmachinery.com\/sr\/wp-json\/wp\/v2\/users\/1"}],"replies":[{"embeddable":true,"href":"https:\/\/portlandmachinery.com\/sr\/wp-json\/wp\/v2\/comments?post=489"}],"version-history":[{"count":16,"href":"https:\/\/portlandmachinery.com\/sr\/wp-json\/wp\/v2\/pages\/489\/revisions"}],"predecessor-version":[{"id":601,"href":"https:\/\/portlandmachinery.com\/sr\/wp-json\/wp\/v2\/pages\/489\/revisions\/601"}],"wp:attachment":[{"href":"https:\/\/portlandmachinery.com\/sr\/wp-json\/wp\/v2\/media?parent=489"}],"curies":[{"name":"wp","href":"https:\/\/api.w.org\/{rel}","templated":true}]}}