{"id":126,"date":"2023-04-30T08:32:38","date_gmt":"2023-04-30T06:32:38","guid":{"rendered":"https:\/\/portlandmachinery.com\/?post_type=product&#038;p=126"},"modified":"2023-04-30T08:36:07","modified_gmt":"2023-04-30T06:36:07","slug":"portland-konfekcionalt-fureszlanc-3-8-16-56-szem","status":"publish","type":"product","link":"https:\/\/portlandmachinery.com\/sr\/termek\/portland-konfekcionalt-fureszlanc-3-8-16-56-szem\/","title":{"rendered":"Portland konfekcionisani lanac 3\/8 1,6 56 vodilica"},"content":{"rendered":"<p>85LP je idealan za profesionalnu upotrebu. Preporu\u010duje se za visoke performanse i lako odr\u017eavanje. 85LP je odli\u010dan za benzinske motorne testere do 100cm3, kao i za motorne testere sa vodilicom do 42\u2033 (107cm)!!<\/p>","protected":false},"excerpt":{"rendered":"<p>Broj vodilica (kom) 56<\/p>\n<p>Korak lanca (inch) 3\/8<\/p>\n<p>\u0160irina vodilice  (mm) 1,6<\/p>","protected":false},"featured_media":18,"comment_status":"open","ping_status":"closed","template":"","meta":{"_seopress_robots_primary_cat":"","_seopress_titles_title":"","_seopress_titles_desc":"","_seopress_robots_index":""},"product_brand":[],"product_cat":[16,17],"product_tag":[],"class_list":{"0":"post-126","1":"product","2":"type-product","3":"status-publish","4":"has-post-thumbnail","6":"product_cat-fureszlancok","7":"product_cat-konfekcionalt-lancok","8":"","9":"woocommerce-text-align-center","10":"woocommerce-image-align-center","11":"do-quantity-buttons","13":"first","14":"instock","15":"shipping-taxable","16":"product-type-simple"},"_links":{"self":[{"href":"https:\/\/portlandmachinery.com\/sr\/wp-json\/wp\/v2\/product\/126","targetHints":{"allow":["GET"]}}],"collection":[{"href":"https:\/\/portlandmachinery.com\/sr\/wp-json\/wp\/v2\/product"}],"about":[{"href":"https:\/\/portlandmachinery.com\/sr\/wp-json\/wp\/v2\/types\/product"}],"replies":[{"embeddable":true,"href":"https:\/\/portlandmachinery.com\/sr\/wp-json\/wp\/v2\/comments?post=126"}],"wp:featuredmedia":[{"embeddable":true,"href":"https:\/\/portlandmachinery.com\/sr\/wp-json\/wp\/v2\/media\/18"}],"wp:attachment":[{"href":"https:\/\/portlandmachinery.com\/sr\/wp-json\/wp\/v2\/media?parent=126"}],"wp:term":[{"taxonomy":"product_brand","embeddable":true,"href":"https:\/\/portlandmachinery.com\/sr\/wp-json\/wp\/v2\/product_brand?post=126"},{"taxonomy":"product_cat","embeddable":true,"href":"https:\/\/portlandmachinery.com\/sr\/wp-json\/wp\/v2\/product_cat?post=126"},{"taxonomy":"product_tag","embeddable":true,"href":"https:\/\/portlandmachinery.com\/sr\/wp-json\/wp\/v2\/product_tag?post=126"}],"curies":[{"name":"wp","href":"https:\/\/api.w.org\/{rel}","templated":true}]}}