{"id":141,"date":"2023-04-30T08:32:42","date_gmt":"2023-04-30T06:32:42","guid":{"rendered":"https:\/\/portlandmachinery.com\/?post_type=product&#038;p=141"},"modified":"2023-04-30T08:36:08","modified_gmt":"2023-04-30T06:36:08","slug":"portland-pro-fukasza-damil-30mmx146m-szoglet","status":"publish","type":"product","link":"https:\/\/portlandmachinery.com\/sr\/termek\/portland-pro-fukasza-damil-30mmx146m-szoglet\/","title":{"rendered":"Portland trimi nit 3,0mmx146m ugaoni"},"content":{"rendered":"<p>\nPakovanje: Kalem<br \/>\nOblik: Ugaoni<br \/>\nBoja: Crvena<\/p>\n<p>Vi\u0161e informacija<\/p>\n<p>Pre\u010dnik: .120\u201d \/ 3,0mm<br \/>\nDu\u017eina:  479\u2019 \/ ~146m<br \/>\n\u0160ifra: 4260356820127 <br \/> OR Longlaster Pro, proizvo\u0111a\u010d plasti\u010dnih niti za se\u010denje, najve\u0107i je snabdeva\u010d niti za se\u010denje za profesionalne ma\u0161ine za negu travnjaka i ba\u0161te. Upotreba najsavremenijih proizvodnih procesa, napredne tehnologije i dizajna, stroge kontrole kvaliteta i najfinijih sirovina omogu\u0107uju da trimi niti kompanije rade savr\u0161en posao. To dokazuju mnogi vlasnici ba\u0161ta koji ve\u0107 du\u017ee vreme sa kontinuiranim zadovoljstvom koriste OR Longlaster Pro niti sa tri ivice popre\u010dnog preseka.<\/p>\n<p>OR Longlaster Pro proizvodi su nau\u010dno razvijene niti sa tri ivice (tri se\u010diva):<\/p>\n<p>\u2013 patentirani trostruki profil<\/p>\n<p>\u2013 zahvaljuju\u0107i aerodinami\u010dkom dizajnu, o\u0161trica je uvek napred<\/p>\n<p>\u2013 kopolimerni materijal posebnog kvaliteta omogu\u0107ava du\u017ei radni vek<\/p>\n<p>\u2013 izuzetno \u010dist, o\u0161tar rez, krajevi poko\u0161enih vlasi trave jedva postaju sme\u0111i<\/p>\n<p>\u2013 dobra otpornost na habanje<\/p>","protected":false},"excerpt":{"rendered":"<p>Du\u017eina (m) 146<\/p>\n<p>Pre\u010dnik (mm) 3<\/p>","protected":false},"featured_media":35,"comment_status":"open","ping_status":"closed","template":"","meta":{"_seopress_robots_primary_cat":"","_seopress_titles_title":"","_seopress_titles_desc":"","_seopress_robots_index":""},"product_brand":[],"product_cat":[19],"product_tag":[],"class_list":{"0":"post-141","1":"product","2":"type-product","3":"status-publish","4":"has-post-thumbnail","6":"product_cat-fukasza-damilok","7":"","8":"woocommerce-text-align-center","9":"woocommerce-image-align-center","10":"do-quantity-buttons","12":"first","13":"instock","14":"shipping-taxable","15":"product-type-simple"},"_links":{"self":[{"href":"https:\/\/portlandmachinery.com\/sr\/wp-json\/wp\/v2\/product\/141","targetHints":{"allow":["GET"]}}],"collection":[{"href":"https:\/\/portlandmachinery.com\/sr\/wp-json\/wp\/v2\/product"}],"about":[{"href":"https:\/\/portlandmachinery.com\/sr\/wp-json\/wp\/v2\/types\/product"}],"replies":[{"embeddable":true,"href":"https:\/\/portlandmachinery.com\/sr\/wp-json\/wp\/v2\/comments?post=141"}],"wp:featuredmedia":[{"embeddable":true,"href":"https:\/\/portlandmachinery.com\/sr\/wp-json\/wp\/v2\/media\/35"}],"wp:attachment":[{"href":"https:\/\/portlandmachinery.com\/sr\/wp-json\/wp\/v2\/media?parent=141"}],"wp:term":[{"taxonomy":"product_brand","embeddable":true,"href":"https:\/\/portlandmachinery.com\/sr\/wp-json\/wp\/v2\/product_brand?post=141"},{"taxonomy":"product_cat","embeddable":true,"href":"https:\/\/portlandmachinery.com\/sr\/wp-json\/wp\/v2\/product_cat?post=141"},{"taxonomy":"product_tag","embeddable":true,"href":"https:\/\/portlandmachinery.com\/sr\/wp-json\/wp\/v2\/product_tag?post=141"}],"curies":[{"name":"wp","href":"https:\/\/api.w.org\/{rel}","templated":true}]}}