{"id":144,"date":"2023-04-30T08:32:42","date_gmt":"2023-04-30T06:32:42","guid":{"rendered":"https:\/\/portlandmachinery.com\/?post_type=product&#038;p=144"},"modified":"2023-04-30T08:36:08","modified_gmt":"2023-04-30T06:36:08","slug":"portland-fukasza-damil-17mm-x-556m-kerek","status":"publish","type":"product","link":"https:\/\/portlandmachinery.com\/sr\/termek\/portland-fukasza-damil-17mm-x-556m-kerek\/","title":{"rendered":"Portland trimi nit 1,7mm x 556 m okrgli"},"content":{"rendered":"<p>Pakovanje: Kalem<br \/>\nOblik: Okrugla<br \/>\nBoja: Plava<\/p>\n<p>Vi\u0161e informacija<\/p>\n<p>Pre\u010dnik: .065\u201d \/ 1,7mm<br \/>\nDu\u017eina:  1825\u2019 \/ ~556m<br \/>\n\u0160ifra: 4260356820028 <br \/> OR Longlaster, proizvo\u0111a\u010d plasti\u010dnih niti za se\u010denje, najve\u0107i je me\u0111u onima koji isporu\u010duju niti za se\u010denje za profesionalne ma\u0161ine za negu travnjaka i ba\u0161te. Upotreba najsavremenijih proizvodnih procesa, napredne tehnologije dizajna, stroge kontrole kvaliteta i najfinijih sirovina omogu\u0107uju da niti za se\u010denje kompanije rade savr\u0161en posao. To dokazuju mnogi vlasnici ba\u0161ta koji ve\u0107 du\u017ee vreme sa zadovoljstvom koriste OR Longlaster proizvode.<\/p>\n<p>OR Longlaster proizvodi su nau\u010dno razvijene cilindri\u010dne niti za se\u010denje:<\/p>\n<p>\u2013 pove\u0107ana krutost vlakana za efikasnije se\u010denje<\/p>\n<p>\u2013 ve\u0107a otpornost na udar<\/p>\n<p>\u2013 izuzetno visoka otpornost na toplotu<\/p>\n<p>\u2013 svaki pre\u010dnik niti se razlikuje kodom boje<\/p>","protected":false},"excerpt":{"rendered":"<p>Du\u017eina (m) 556<\/p>\n<p>Pre\u010dnik (mm) 1,7<\/p>","protected":false},"featured_media":37,"comment_status":"open","ping_status":"closed","template":"","meta":{"_seopress_robots_primary_cat":"","_seopress_titles_title":"","_seopress_titles_desc":"","_seopress_robots_index":""},"product_brand":[],"product_cat":[19],"product_tag":[],"class_list":{"0":"post-144","1":"product","2":"type-product","3":"status-publish","4":"has-post-thumbnail","6":"product_cat-fukasza-damilok","7":"","8":"woocommerce-text-align-center","9":"woocommerce-image-align-center","10":"do-quantity-buttons","12":"first","13":"instock","14":"shipping-taxable","15":"product-type-simple"},"_links":{"self":[{"href":"https:\/\/portlandmachinery.com\/sr\/wp-json\/wp\/v2\/product\/144","targetHints":{"allow":["GET"]}}],"collection":[{"href":"https:\/\/portlandmachinery.com\/sr\/wp-json\/wp\/v2\/product"}],"about":[{"href":"https:\/\/portlandmachinery.com\/sr\/wp-json\/wp\/v2\/types\/product"}],"replies":[{"embeddable":true,"href":"https:\/\/portlandmachinery.com\/sr\/wp-json\/wp\/v2\/comments?post=144"}],"wp:featuredmedia":[{"embeddable":true,"href":"https:\/\/portlandmachinery.com\/sr\/wp-json\/wp\/v2\/media\/37"}],"wp:attachment":[{"href":"https:\/\/portlandmachinery.com\/sr\/wp-json\/wp\/v2\/media?parent=144"}],"wp:term":[{"taxonomy":"product_brand","embeddable":true,"href":"https:\/\/portlandmachinery.com\/sr\/wp-json\/wp\/v2\/product_brand?post=144"},{"taxonomy":"product_cat","embeddable":true,"href":"https:\/\/portlandmachinery.com\/sr\/wp-json\/wp\/v2\/product_cat?post=144"},{"taxonomy":"product_tag","embeddable":true,"href":"https:\/\/portlandmachinery.com\/sr\/wp-json\/wp\/v2\/product_tag?post=144"}],"curies":[{"name":"wp","href":"https:\/\/api.w.org\/{rel}","templated":true}]}}