{"id":153,"date":"2023-04-30T08:32:48","date_gmt":"2023-04-30T06:32:48","guid":{"rendered":"https:\/\/portlandmachinery.com\/?post_type=product&#038;p=153"},"modified":"2023-04-30T08:36:11","modified_gmt":"2023-04-30T06:36:11","slug":"portland-betetgyuru-3-8-7-fog","status":"publish","type":"product","link":"https:\/\/portlandmachinery.com\/sr\/termek\/portland-betetgyuru-3-8-7-fog\/","title":{"rendered":"Prsten lan\u010danika 3\/8 7 zuba"},"content":{"rendered":"<p>Prsten lan\u010danika obezbe\u0111uje najbolji rez sa glatkim, kontinuiranim radom.<\/p>\n<p>Bo\u010dna strana prstena lan\u010danika pru\u017ea odli\u010dnu podr\u0161ku lancu, smanjuju\u0107i habanje i napetost lanca.<\/p>\n<p>Na spoljnoj ivici  prstena lan\u010danika se nalazi indikator istro\u0161enosti. Ako istro\u0161enost dostigne ovaj indikator, prsten se mora zameniti.<\/p>","protected":false},"excerpt":{"rendered":"<p>Korak 3\/8 inch<\/p>\n<p>Zuba (kom) 7<\/p>","protected":false},"featured_media":51,"comment_status":"open","ping_status":"closed","template":"","meta":{"_seopress_robots_primary_cat":"","_seopress_titles_title":"","_seopress_titles_desc":"","_seopress_robots_index":""},"product_brand":[],"product_cat":[20],"product_tag":[],"class_list":{"0":"post-153","1":"product","2":"type-product","3":"status-publish","4":"has-post-thumbnail","6":"product_cat-betetgyuruk","7":"","8":"woocommerce-text-align-center","9":"woocommerce-image-align-center","10":"do-quantity-buttons","12":"first","13":"instock","14":"shipping-taxable","15":"product-type-simple"},"_links":{"self":[{"href":"https:\/\/portlandmachinery.com\/sr\/wp-json\/wp\/v2\/product\/153","targetHints":{"allow":["GET"]}}],"collection":[{"href":"https:\/\/portlandmachinery.com\/sr\/wp-json\/wp\/v2\/product"}],"about":[{"href":"https:\/\/portlandmachinery.com\/sr\/wp-json\/wp\/v2\/types\/product"}],"replies":[{"embeddable":true,"href":"https:\/\/portlandmachinery.com\/sr\/wp-json\/wp\/v2\/comments?post=153"}],"wp:featuredmedia":[{"embeddable":true,"href":"https:\/\/portlandmachinery.com\/sr\/wp-json\/wp\/v2\/media\/51"}],"wp:attachment":[{"href":"https:\/\/portlandmachinery.com\/sr\/wp-json\/wp\/v2\/media?parent=153"}],"wp:term":[{"taxonomy":"product_brand","embeddable":true,"href":"https:\/\/portlandmachinery.com\/sr\/wp-json\/wp\/v2\/product_brand?post=153"},{"taxonomy":"product_cat","embeddable":true,"href":"https:\/\/portlandmachinery.com\/sr\/wp-json\/wp\/v2\/product_cat?post=153"},{"taxonomy":"product_tag","embeddable":true,"href":"https:\/\/portlandmachinery.com\/sr\/wp-json\/wp\/v2\/product_tag?post=153"}],"curies":[{"name":"wp","href":"https:\/\/api.w.org\/{rel}","templated":true}]}}