{"id":158,"date":"2023-04-30T08:32:49","date_gmt":"2023-04-30T06:32:49","guid":{"rendered":"https:\/\/portlandmachinery.com\/?post_type=product&#038;p=158"},"modified":"2023-04-30T08:36:11","modified_gmt":"2023-04-30T06:36:11","slug":"portland-csillagkerek-325-7-fog","status":"publish","type":"product","link":"https:\/\/portlandmachinery.com\/sr\/termek\/portland-csillagkerek-325-7-fog\/","title":{"rendered":"Portland fiksni lan\u010danik .325 7 zuba"},"content":{"rendered":"<p>Profesionalni fiksni lan\u010danik sa igli\u010dactim le\u017eajem<\/p>\n<p>Vi\u0161e informacija<\/p>\n<p>Korak .325 inch<br \/>\nBroj zuba 7<br \/>\nTip: \"Spur\"<br \/>\nOdgovara modelima: Partner itd.<br \/> Snaga motorne testere ide na lan\u010danik, a zatim lan\u010danik ovu snagu prenosi na lanac motorne testere koji se vrti oko vodilice lanca velikom brzinom. Lan\u010danik, lanac i voilica lanca obavljaju stvarni posao se\u010denja, ali najosnovniji deo svega ovoga je lan\u010danik.<\/p>","protected":false},"excerpt":{"rendered":"<p>Korak .325 inch<\/p>\n<p>Zuba (kom) 7<\/p>","protected":false},"featured_media":52,"comment_status":"open","ping_status":"closed","template":"","meta":{"_seopress_robots_primary_cat":"","_seopress_titles_title":"","_seopress_titles_desc":"","_seopress_robots_index":""},"product_brand":[],"product_cat":[21],"product_tag":[],"class_list":{"0":"post-158","1":"product","2":"type-product","3":"status-publish","4":"has-post-thumbnail","6":"product_cat-csillagkerekek","7":"","8":"woocommerce-text-align-center","9":"woocommerce-image-align-center","10":"do-quantity-buttons","12":"first","13":"instock","14":"shipping-taxable","15":"product-type-simple"},"_links":{"self":[{"href":"https:\/\/portlandmachinery.com\/sr\/wp-json\/wp\/v2\/product\/158","targetHints":{"allow":["GET"]}}],"collection":[{"href":"https:\/\/portlandmachinery.com\/sr\/wp-json\/wp\/v2\/product"}],"about":[{"href":"https:\/\/portlandmachinery.com\/sr\/wp-json\/wp\/v2\/types\/product"}],"replies":[{"embeddable":true,"href":"https:\/\/portlandmachinery.com\/sr\/wp-json\/wp\/v2\/comments?post=158"}],"wp:featuredmedia":[{"embeddable":true,"href":"https:\/\/portlandmachinery.com\/sr\/wp-json\/wp\/v2\/media\/52"}],"wp:attachment":[{"href":"https:\/\/portlandmachinery.com\/sr\/wp-json\/wp\/v2\/media?parent=158"}],"wp:term":[{"taxonomy":"product_brand","embeddable":true,"href":"https:\/\/portlandmachinery.com\/sr\/wp-json\/wp\/v2\/product_brand?post=158"},{"taxonomy":"product_cat","embeddable":true,"href":"https:\/\/portlandmachinery.com\/sr\/wp-json\/wp\/v2\/product_cat?post=158"},{"taxonomy":"product_tag","embeddable":true,"href":"https:\/\/portlandmachinery.com\/sr\/wp-json\/wp\/v2\/product_tag?post=158"}],"curies":[{"name":"wp","href":"https:\/\/api.w.org\/{rel}","templated":true}]}}