{"id":162,"date":"2023-04-30T08:32:50","date_gmt":"2023-04-30T06:32:50","guid":{"rendered":"https:\/\/portlandmachinery.com\/?post_type=product&#038;p=162"},"modified":"2023-04-30T08:36:12","modified_gmt":"2023-04-30T06:36:12","slug":"portland-csillagkerek-hobby-3-8-7-fog","status":"publish","type":"product","link":"https:\/\/portlandmachinery.com\/sr\/termek\/portland-csillagkerek-hobby-3-8-7-fog\/","title":{"rendered":"Portland fiksni lan\u010danik hobi 3\/8 7 zuba"},"content":{"rendered":"<p>Snaga motorne testere ide na lan\u010danik, a zatim lan\u010danik ovu snagu prenosi na lanac motorne testere koji se vrti oko vodilice lanca velikom brzinom. Lan\u010danik, lanac i voilica lanca obavljaju stvarni posao se\u010denja, ali najosnovniji deo svega ovoga je lan\u010danik.<\/p>","protected":false},"excerpt":{"rendered":"<p>Korak 3\/8 inch<\/p>\n<p>Zuba (kom) 7<\/p>","protected":false},"featured_media":55,"comment_status":"open","ping_status":"closed","template":"","meta":{"_seopress_robots_primary_cat":"","_seopress_titles_title":"","_seopress_titles_desc":"","_seopress_robots_index":""},"product_brand":[],"product_cat":[21],"product_tag":[],"class_list":{"0":"post-162","1":"product","2":"type-product","3":"status-publish","4":"has-post-thumbnail","6":"product_cat-csillagkerekek","7":"","8":"woocommerce-text-align-center","9":"woocommerce-image-align-center","10":"do-quantity-buttons","12":"first","13":"instock","14":"shipping-taxable","15":"product-type-simple"},"_links":{"self":[{"href":"https:\/\/portlandmachinery.com\/sr\/wp-json\/wp\/v2\/product\/162","targetHints":{"allow":["GET"]}}],"collection":[{"href":"https:\/\/portlandmachinery.com\/sr\/wp-json\/wp\/v2\/product"}],"about":[{"href":"https:\/\/portlandmachinery.com\/sr\/wp-json\/wp\/v2\/types\/product"}],"replies":[{"embeddable":true,"href":"https:\/\/portlandmachinery.com\/sr\/wp-json\/wp\/v2\/comments?post=162"}],"wp:featuredmedia":[{"embeddable":true,"href":"https:\/\/portlandmachinery.com\/sr\/wp-json\/wp\/v2\/media\/55"}],"wp:attachment":[{"href":"https:\/\/portlandmachinery.com\/sr\/wp-json\/wp\/v2\/media?parent=162"}],"wp:term":[{"taxonomy":"product_brand","embeddable":true,"href":"https:\/\/portlandmachinery.com\/sr\/wp-json\/wp\/v2\/product_brand?post=162"},{"taxonomy":"product_cat","embeddable":true,"href":"https:\/\/portlandmachinery.com\/sr\/wp-json\/wp\/v2\/product_cat?post=162"},{"taxonomy":"product_tag","embeddable":true,"href":"https:\/\/portlandmachinery.com\/sr\/wp-json\/wp\/v2\/product_tag?post=162"}],"curies":[{"name":"wp","href":"https:\/\/api.w.org\/{rel}","templated":true}]}}