{"id":163,"date":"2023-04-30T08:32:50","date_gmt":"2023-04-30T06:32:50","guid":{"rendered":"https:\/\/portlandmachinery.com\/?post_type=product&#038;p=163"},"modified":"2023-04-30T08:36:12","modified_gmt":"2023-04-30T06:36:12","slug":"portland-xprime-fukasza-damil-3mm-x-132m-csavart","status":"publish","type":"product","link":"https:\/\/portlandmachinery.com\/sr\/termek\/portland-xprime-fukasza-damil-3mm-x-132m-csavart\/","title":{"rendered":"Portland trimi nit  3 mm x 132 m spiralni"},"content":{"rendered":"<p>Pakovanje: Kalem<br \/>\nOblik: Spiralni<br \/>\nBoja: Crna<\/p>\n<p>Vi\u0161e informacija<\/p>\n<p>Pre\u010dnik: .120\u201d \/ 3,0mm<br \/>\nDu\u017eina: 432\u2019 \/ ~132m<br \/>\n\u0160ifra: 4260356820165 <br \/> OR Xprime, proizvo\u0111a\u010d plasti\u010dnih niti za se\u010denje, najve\u0107i je od onih koji isporu\u010duju niti za se\u010denje za profesionalne ma\u0161ine za negu travnjaka i ba\u0161te. Upotreba najsavremenijih proizvodnih procesa, napredne tehnologije dizajna, stroge kontrole kvaliteta i najfinijih sirovina osiguravaju da niti za se\u010denje kompanije rade savr\u0161en posao. To dokazuju mnogi vlasnici ba\u0161ta koji ve\u0107 du\u017ee vreme koriste spiralne niti.<\/p>\n<p>OR Xprime spiralne niti za se\u010denje stvorene su kao rezultat nau\u010dnog razvoja:<\/p>\n<p>\u2013 patentirani dizajn<\/p>\n<p>\u2013 puna, \u010dvrsta linija se\u010denja<\/p>\n<p>\u2013 smanjen otpor rezne glave<\/p>\n<p>\u2013 dobra otpornost na habanje<\/p>\n<p>\u2013 zna\u010dajno pobolj\u0161ana energetska efikasnost<\/p>\n<p>- buka se mo\u017ee smanjiti do 50% sa reznim navojem ve\u0107eg pre\u010dnika<\/p>\n<p>\u2013 ispoljena sila rezanja je ve\u0107a<\/p>","protected":false},"excerpt":{"rendered":"<p>Du\u017eina (m) 132<\/p>\n<p>Pre\u010dnik (mm) 3<\/p>","protected":false},"featured_media":49,"comment_status":"open","ping_status":"closed","template":"","meta":{"_seopress_robots_primary_cat":"","_seopress_titles_title":"","_seopress_titles_desc":"","_seopress_robots_index":""},"product_brand":[],"product_cat":[19],"product_tag":[],"class_list":{"0":"post-163","1":"product","2":"type-product","3":"status-publish","4":"has-post-thumbnail","6":"product_cat-fukasza-damilok","7":"","8":"woocommerce-text-align-center","9":"woocommerce-image-align-center","10":"do-quantity-buttons","12":"first","13":"instock","14":"shipping-taxable","15":"product-type-simple"},"_links":{"self":[{"href":"https:\/\/portlandmachinery.com\/sr\/wp-json\/wp\/v2\/product\/163","targetHints":{"allow":["GET"]}}],"collection":[{"href":"https:\/\/portlandmachinery.com\/sr\/wp-json\/wp\/v2\/product"}],"about":[{"href":"https:\/\/portlandmachinery.com\/sr\/wp-json\/wp\/v2\/types\/product"}],"replies":[{"embeddable":true,"href":"https:\/\/portlandmachinery.com\/sr\/wp-json\/wp\/v2\/comments?post=163"}],"wp:featuredmedia":[{"embeddable":true,"href":"https:\/\/portlandmachinery.com\/sr\/wp-json\/wp\/v2\/media\/49"}],"wp:attachment":[{"href":"https:\/\/portlandmachinery.com\/sr\/wp-json\/wp\/v2\/media?parent=163"}],"wp:term":[{"taxonomy":"product_brand","embeddable":true,"href":"https:\/\/portlandmachinery.com\/sr\/wp-json\/wp\/v2\/product_brand?post=163"},{"taxonomy":"product_cat","embeddable":true,"href":"https:\/\/portlandmachinery.com\/sr\/wp-json\/wp\/v2\/product_cat?post=163"},{"taxonomy":"product_tag","embeddable":true,"href":"https:\/\/portlandmachinery.com\/sr\/wp-json\/wp\/v2\/product_tag?post=163"}],"curies":[{"name":"wp","href":"https:\/\/api.w.org\/{rel}","templated":true}]}}